{"id":491,"date":"2023-03-09T11:59:38","date_gmt":"2023-03-09T10:59:38","guid":{"rendered":"https:\/\/sjolinsgymnasium.se\/vasastan\/?page_id=491"},"modified":"2023-08-30T15:33:15","modified_gmt":"2023-08-30T13:33:15","slug":"vart-kvalitetsarbete","status":"publish","type":"page","link":"https:\/\/sjolinsgymnasium.se\/vasastan\/vart-kvalitetsarbete\/","title":{"rendered":"V\u00e5rt kvalitetsarbete"},"content":{"rendered":"\n\t<div class=\"module_wrapper ams_remote_pages_module \">\n\t\t\n\n<section  class=\"ams-cta ams-cta--stacked c-block l-stacked\" data-color-scheme=\"beige\">\n\t<div class=\"l-container-narrow l-stack l-stack-fluid-2xl u-pt-fluid-3xl-6xl u-pb-fluid-3xl-6xl is-center is-center@md\">\n\t\t\t\t\t<div class=\"ams-cta__intro l-stack l-stack-lg\">\n\t\t\t\t\t\n\t<h1\n\tclass=\"c-heading u-font-title-1 \"\n\tstyle=\"\">\n\t\t\n\t\t\t\t\tOm v\u00e5rt kvalitetsarbete\n\t\t\t\t\n\t<\/h1>\n\n\t\t\t\t\t\t\t\t\t<div class=\"c-text l-stack u-cs-xl u-font-body\">\n\t\t\t\t\t\t<p><span data-sheets-value=\"{&quot;1&quot;:2,&quot;2&quot;:&quot;Sj\u00f6lins Gymnasium fokuserar p\u00e5 h\u00f6g kvalitet i all verksamhet och str\u00e4var st\u00e4ndigt efter f\u00f6rb\u00e4ttring av upplevd kvalitet, v\u00e4rdegrundsresultat och kunskapsresultat.&quot;}\" data-sheets-userformat=\"{&quot;2&quot;:5033,&quot;3&quot;:{&quot;1&quot;:0},&quot;6&quot;:{&quot;1&quot;:[{&quot;1&quot;:2,&quot;2&quot;:0,&quot;5&quot;:{&quot;1&quot;:2,&quot;2&quot;:0}},{&quot;1&quot;:0,&quot;2&quot;:0,&quot;3&quot;:3},{&quot;1&quot;:1,&quot;2&quot;:0,&quot;4&quot;:1}]},&quot;8&quot;:{&quot;1&quot;:[{&quot;1&quot;:2,&quot;2&quot;:0,&quot;5&quot;:{&quot;1&quot;:2,&quot;2&quot;:0}},{&quot;1&quot;:0,&quot;2&quot;:0,&quot;3&quot;:3},{&quot;1&quot;:1,&quot;2&quot;:0,&quot;4&quot;:1}]},&quot;10&quot;:0,&quot;11&quot;:4,&quot;12&quot;:0,&quot;15&quot;:&quot;Roboto&quot;}\">Sj\u00f6lins Gymnasium fokuserar p\u00e5 h\u00f6g kvalitet i all verksamhet och str\u00e4var st\u00e4ndigt efter f\u00f6rb\u00e4ttring av upplevd kvalitet, v\u00e4rdegrundsresultat och kunskapsresultat.<\/span><\/p>\n\n\t\t\t\t\t<\/div>\n\t\t\t\t\t\t\t<\/div>\n\t\t\n\t\t\n\t\t\t<\/div>\n\n\t\t\n\n<\/section>\n\n\t\n\t\n\t\n\n\t\n\t\n\t\t\n<section  class=\"c-block l-stacked  \" data-color-scheme=\"vit\">\n\t<div class=\"ams-fifty ams-fifty--container ams-fifty--left ams-fifty--top l-container u-pt-fluid-3xl-6xl u-pb-fluid-3xl-6xl\">\n\t\t<div class=\"ams-fifty__content l-stack l-stack-xl is-left is-left@lg\">\n\t\t\t<div class=\"ams-fifty__text l-stack l-stack-lg\">\n\t\t\t\t\t\n\t<h2\n\tclass=\"c-heading u-font-title-1 \"\n\tstyle=\"\">\n\t\t\n\t\t\t\t\tTrygghet och kvalitet\n\t\t\t\t\n\t<\/h2>\n\n\t\t\t\t\t\t\t\t\t<div class=\"text l-stack u-font-body\">\n\t\t\t\t\t\t<p><span data-sheets-value=\"{&quot;1&quot;:2,&quot;2&quot;:&quot;V\u00e5r pedagogiska modell \u00e4r i huvudsak id\u00e9styrd. Den bygger i f\u00f6rsta hand p\u00e5 syns\u00e4tt och v\u00e4rderingar men det finns \u00e4ven ett gemensamt ramverk. Ramverkets syfte \u00e4r att skapa praktiska f\u00f6ruts\u00e4ttningar f\u00f6r kvalitetsarbete och utbyte mellan skolorna, t.ex. genom att vi arbetar i arbetslag, har gemensamma utv\u00e4rderings- och f\u00f6rberedelsedagar f\u00f6r l\u00e4rarna p\u00e5 alla skolor, att alla elever har en mentor som ansvarar f\u00f6r elevens individuella utvecklingsplan, mentor och mentorsgrupp tr\u00e4ffas flera g\u00e5nger i veckan f\u00f6r en n\u00e4ra dialog och social trygghet.\\n\\nRamverket best\u00e5r av bepr\u00f6vade och framg\u00e5ngsrika metoder och strukturer, alla v\u00e5ra skolor str\u00e4var t.ex. efter att arbeta med relativt l\u00e5nga arbetspass, schemat och studieorganisationen \u00e4r optimerad f\u00f6r att kunna arbeta \u00e4mnesintegrerat och med erfarenhetsbaserat l\u00e4rande.&quot;}\" data-sheets-userformat=\"{&quot;2&quot;:5025,&quot;3&quot;:{&quot;1&quot;:0},&quot;8&quot;:{&quot;1&quot;:[{&quot;1&quot;:2,&quot;2&quot;:0,&quot;5&quot;:{&quot;1&quot;:2,&quot;2&quot;:0}},{&quot;1&quot;:0,&quot;2&quot;:0,&quot;3&quot;:3},{&quot;1&quot;:1,&quot;2&quot;:0,&quot;4&quot;:1}]},&quot;10&quot;:0,&quot;11&quot;:4,&quot;12&quot;:0,&quot;15&quot;:&quot;Roboto&quot;}\">V\u00e5r pedagogiska modell \u00e4r i huvudsak id\u00e9styrd. Den bygger i f\u00f6rsta hand p\u00e5 syns\u00e4tt och v\u00e4rderingar men det finns \u00e4ven ett gemensamt ramverk. Ramverkets syfte \u00e4r att skapa praktiska f\u00f6ruts\u00e4ttningar f\u00f6r kvalitetsarbete och utbyte mellan skolorna, t.ex. genom att vi arbetar i arbetslag, har gemensamma utv\u00e4rderings- och f\u00f6rberedelsedagar f\u00f6r l\u00e4rarna p\u00e5 alla skolor, att alla elever har en mentor som ansvarar f\u00f6r elevens individuella utvecklingsplan, mentor och mentorsgrupp tr\u00e4ffas flera g\u00e5nger i veckan f\u00f6r en n\u00e4ra dialog och social trygghet.<\/p>\n<p>Ramverket best\u00e5r av bepr\u00f6vade och framg\u00e5ngsrika metoder och strukturer, alla v\u00e5ra skolor str\u00e4var t.ex. efter att arbeta med relativt l\u00e5nga arbetspass, schemat och studieorganisationen \u00e4r optimerad f\u00f6r att kunna arbeta \u00e4mnesintegrerat och med erfarenhetsbaserat l\u00e4rande.<\/span><\/p>\n\n\t\t\t\t\t<\/div>\n\t\t\t\t\t\t\t<\/div>\n\n\t\t\t\t\t<\/div>\n\n\t\t <div class=\"ams-fifty__media u-ratio-square\">\n\t\t \t\t\t\t\t<img decoding=\"async\" width=\"600\" height=\"900\" src=\"https:\/\/sjolinsgymnasium.se\/wp-content\/uploads\/2023\/03\/sjogbgvart-kvalitetsarbete202405-202905-600x900.jpeg\" class=\"attachment-md size-md\" alt=\"L\u00e4rare hj\u00e4lper tv\u00e5 elever i ett klassrum\" sizes=\"(min-width: 64em) 600px, calc(100vw - 160px)\" srcset=\"https:\/\/sjolinsgymnasium.se\/wp-content\/uploads\/2023\/03\/sjogbgvart-kvalitetsarbete202405-202905-600x900.jpeg 600w, https:\/\/sjolinsgymnasium.se\/wp-content\/uploads\/2023\/03\/sjogbgvart-kvalitetsarbete202405-202905-300x450.jpeg 300w, https:\/\/sjolinsgymnasium.se\/wp-content\/uploads\/2023\/03\/sjogbgvart-kvalitetsarbete202405-202905-400x600.jpeg 400w, https:\/\/sjolinsgymnasium.se\/wp-content\/uploads\/2023\/03\/sjogbgvart-kvalitetsarbete202405-202905-800x1200.jpeg 800w, https:\/\/sjolinsgymnasium.se\/wp-content\/uploads\/2023\/03\/sjogbgvart-kvalitetsarbete202405-202905.jpeg 853w\" \/>\n\t\t\t\n\t\t\t\n\t\t\t\t\t<\/div>\n\t<\/div>\n\n\t\t\n\t\t\t\n\t\t\t\t\t\t\t\n\t\t\t\t<div class=\"c-bg c-bg--img\" data-settings=\"{&quot;desktop_settings&quot;:{&quot;size&quot;:&quot;contain&quot;,&quot;position&quot;:&quot;bottom-right&quot;},&quot;mobile_settings&quot;:{&quot;size&quot;:&quot;contain&quot;,&quot;position&quot;:&quot;bottom-right&quot;}}\" data-position=\"middle-center\" data-size=\"cover\">\n\t\t\t<picture><source media=\"(min-width: 48em)\" srcset=\"https:\/\/sjolinsgymnasium.se\/wp-content\/uploads\/2023\/06\/sjofjaderhoger5desktoprgbgron.svg\" sizes=\"\" \/><source srcset=\"https:\/\/sjolinsgymnasium.se\/wp-content\/uploads\/2023\/06\/sjofjaderhoger5mobilergbgron.svg\" sizes=\"\" \/><img decoding=\"async\" src=\"https:\/\/sjolinsgymnasium.se\/wp-content\/uploads\/2023\/06\/sjofjaderhoger5desktoprgbgron.svg\" class=\"attachment-hero-lg size-hero-lg\" alt=\"\" sizes=\"\" height=\"467.3\" width=\"199.3\" \/><\/picture>\n\t\t<\/div>\n\t\n<\/section>\n\t<\/div>\n\n\t\n\n\n\n<section  class=\"ams-info-card c-block l-stacked\" data-color-scheme=\"kort-beige-bakgrund-2\">\n\t<div class=\"l-container l-stack l-stack-fluid-2xl u-pt-fluid-3xl-6xl u-pb-fluid-3xl-6xl is-center is-center@md\">\n\t\t\t\t\t<div class=\"ams-info-card__intro l-stack l-stack-lg\">\n\t\t\t\t\t\n\t<h2\n\tclass=\"c-heading u-font-title-1 \"\n\tstyle=\"\">\n\t\t\n\t\t\t\t\tVill du veta mer om v\u00e5rt kvalitetsarbete?\n\t\t\t\t\n\t<\/h2>\n\n\t\t\t\t\t\t\t<\/div>\n\t\t\n\t\t\t\t\t\n<ul class=\"ams-info-card__list l-grid u-gap-2xl\">\n\t\t\t<li class=\"l-col-6@md l-col-4@lg\">\n\t\t\t<article\n\t\t\t\tclass=\"\n\t\t\t\tc-card\n\t\t\t\t\n\t\t\t\thas-media-zoom\n\t\t\t\t\n\t\t\t\t\"\n\t\t\t\tdata-variant=\"space\"\n\t\t\t\tdata-style=\"square\"\n\t\t\t\t data-click-area\n\t\t\t\t\n\t\t\t\t\n\t\t\t\t>\n\t\t\t\t<div class=\"c-card__content l-stack l-stack-sm is-left is-left@md\">\n\t\t\t\t\t\t\t\t\t\t\t<h3 class=\"c-card__title u-font-title-3\">\n\t\t\t\t\t\t\t\t\t\t\t\t\t\t\t<a class=\"c-card__link\" href=\"https:\/\/sjolinsgymnasium.se\/vasastan\/kontakt\/\" target=\"_self\">\n\t\t\t\t\t\t\t\t\tKontakta oss\n\t\t\t\t\t\t\t\t<\/a>\n\t\t\t\t\t\t\t\t\t\t\t\t\t<\/h3>\n\t\t\t\t\t\n\t\t\t\t\t\t\t\t\t\t\t<div class=\"c-card__text l-stack-xs u-font-body\">\n\t\t\t\t\t\t\t<p><span data-sheets-value=\"{&quot;1&quot;:2,&quot;2&quot;:&quot;Har du fr\u00e5gor om v\u00e5rt kvalitetsarbete eller annat kan du alltid fr\u00e5ga oss om det. Kontakta oss g\u00e4rna!&quot;}\" data-sheets-userformat=\"{&quot;2&quot;:4995,&quot;3&quot;:{&quot;1&quot;:0},&quot;4&quot;:{&quot;1&quot;:2,&quot;2&quot;:15591904},&quot;10&quot;:0,&quot;11&quot;:4,&quot;12&quot;:0,&quot;15&quot;:&quot;Roboto&quot;}\">Har du fr\u00e5gor om v\u00e5rt kvalitetsarbete eller annat kan du alltid fr\u00e5ga oss om det. Kontakta oss g\u00e4rna!<\/span><\/p>\n\n\t\t\t\t\t\t<\/div>\n\t\t\t\t\t\n\t\t\t\t\t\t\t\t\t\t\t<div class=\"c-card__icon c-card__icon--nl\">\n\t\t\t\t\t\t\t\t\t\t\t\t\t\t<svg class=\"ams-icon ams-icon--arrow-right\" width=\"32\" height=\"32\" viewbox=\"0 0 32 32\" fill=\"currentColor\" aria-hidden=\"true\" xmlns=\"http:\/\/www.w3.org\/2000\/svg\">\n\t\t\t\t\t\t\t\t\t\t\t\t\t\t\t\t<path d=\"M15.4617 0.252159L14.9567 0.75931C14.6219 1.09545 14.6219 1.64048 14.9567 1.97669L27.7062 14.7806H0.857144C0.383786 14.7806 0 15.166 0 15.6414V16.3587C0 16.8341 0.383786 17.2195 0.857144 17.2195H27.7062L14.9567 30.0234C14.6219 30.3595 14.6219 30.9045 14.9567 31.2407L15.4617 31.7479C15.7964 32.084 16.3392 32.084 16.6739 31.7479L31.749 16.6087C32.0837 16.2725 32.0837 15.7275 31.749 15.3913L16.6739 0.252159C16.3392 -0.084053 15.7964 -0.084053 15.4617 0.252159Z\"\/>\n\t\t\t\t\t\t\t\n\t\t\t\t\t\t\t<\/svg>\n\t\t\t\t\t\t<\/div>\n\t\t\t\t\t\t\t\t\t<\/div>\n\n\t\t\t\t\t\t\t\t\t<div class=\"c-card__media \" style=\" \">\n\t\t\t\t\t\t<img decoding=\"async\" width=\"400\" height=\"267\" src=\"https:\/\/sjolinsgymnasium.se\/wp-content\/uploads\/2023\/08\/kopia-av-gfkt1931-scaled-400x267.jpg\" class=\"\" alt=\"Fyra elever sitter i en trappa i Campus Vasastan..\" sizes=\"(min-width: 64em) 300px, (min-width: 48em) calc(.50 * (100vw - 304px)), calc(100vw - 208px)\" srcset=\"https:\/\/sjolinsgymnasium.se\/wp-content\/uploads\/2023\/08\/kopia-av-gfkt1931-scaled-400x267.jpg 400w, https:\/\/sjolinsgymnasium.se\/wp-content\/uploads\/2023\/08\/kopia-av-gfkt1931-scaled-300x200.jpg 300w, https:\/\/sjolinsgymnasium.se\/wp-content\/uploads\/2023\/08\/kopia-av-gfkt1931-scaled-600x400.jpg 600w, https:\/\/sjolinsgymnasium.se\/wp-content\/uploads\/2023\/08\/kopia-av-gfkt1931-scaled-800x533.jpg 800w, https:\/\/sjolinsgymnasium.se\/wp-content\/uploads\/2023\/08\/kopia-av-gfkt1931-scaled-1024x683.jpg 1024w, https:\/\/sjolinsgymnasium.se\/wp-content\/uploads\/2023\/08\/kopia-av-gfkt1931-scaled-1200x800.jpg 1200w\" \/>\n\t\t\t\t\t<\/div>\n\t\t\t\t\t\t\t<\/article>\n\t\t<\/li>\n\t\t\t<li class=\"l-col-6@md l-col-4@lg\">\n\t\t\t<article\n\t\t\t\tclass=\"\n\t\t\t\tc-card\n\t\t\t\t\n\t\t\t\thas-media-zoom\n\t\t\t\t\n\t\t\t\t\"\n\t\t\t\tdata-variant=\"space\"\n\t\t\t\tdata-style=\"square\"\n\t\t\t\t data-click-area\n\t\t\t\t\n\t\t\t\t\n\t\t\t\t>\n\t\t\t\t<div class=\"c-card__content l-stack l-stack-sm is-left is-left@md\">\n\t\t\t\t\t\t\t\t\t\t\t<h3 class=\"c-card__title u-font-title-3\">\n\t\t\t\t\t\t\t\t\t\t\t\t\t\t\t<a class=\"c-card__link\" href=\"https:\/\/sjolinsgymnasium.se\/vasastan\/vart-kvalitetsarbete\/vara-kvalitetsresultat\/\" target=\"_self\">\n\t\t\t\t\t\t\t\t\tV\u00e5ra kvalitetsresultat\n\t\t\t\t\t\t\t\t<\/a>\n\t\t\t\t\t\t\t\t\t\t\t\t\t<\/h3>\n\t\t\t\t\t\n\t\t\t\t\t\t\t\t\t\t\t<div class=\"c-card__text l-stack-xs u-font-body\">\n\t\t\t\t\t\t\t<p><span data-sheets-value=\"{&quot;1&quot;:2,&quot;2&quot;:&quot;L\u00e4s g\u00e4rna skolornas kvalitetsrapporter som bygger p\u00e5 analys av resultaten fr\u00e5n v\u00e5ra \u00e5rliga elev- och medarbetarunders\u00f6kningar.&quot;}\" data-sheets-userformat=\"{&quot;2&quot;:4995,&quot;3&quot;:{&quot;1&quot;:0},&quot;4&quot;:{&quot;1&quot;:2,&quot;2&quot;:15591904},&quot;10&quot;:0,&quot;11&quot;:4,&quot;12&quot;:0,&quot;15&quot;:&quot;Roboto&quot;}\">L\u00e4s g\u00e4rna skolornas kvalitetsrapporter som bygger p\u00e5 analys av resultaten fr\u00e5n v\u00e5ra \u00e5rliga elev- och medarbetarunders\u00f6kningar.<\/span><\/p>\n\n\t\t\t\t\t\t<\/div>\n\t\t\t\t\t\n\t\t\t\t\t\t\t\t\t\t\t<div class=\"c-card__icon c-card__icon--nl\">\n\t\t\t\t\t\t\t\t\t\t\t\t\t\t<svg class=\"ams-icon ams-icon--arrow-right\" width=\"32\" height=\"32\" viewbox=\"0 0 32 32\" fill=\"currentColor\" aria-hidden=\"true\" xmlns=\"http:\/\/www.w3.org\/2000\/svg\">\n\t\t\t\t\t\t\t\t\t\t\t\t\t\t\t\t<path d=\"M15.4617 0.252159L14.9567 0.75931C14.6219 1.09545 14.6219 1.64048 14.9567 1.97669L27.7062 14.7806H0.857144C0.383786 14.7806 0 15.166 0 15.6414V16.3587C0 16.8341 0.383786 17.2195 0.857144 17.2195H27.7062L14.9567 30.0234C14.6219 30.3595 14.6219 30.9045 14.9567 31.2407L15.4617 31.7479C15.7964 32.084 16.3392 32.084 16.6739 31.7479L31.749 16.6087C32.0837 16.2725 32.0837 15.7275 31.749 15.3913L16.6739 0.252159C16.3392 -0.084053 15.7964 -0.084053 15.4617 0.252159Z\"\/>\n\t\t\t\t\t\t\t\n\t\t\t\t\t\t\t<\/svg>\n\t\t\t\t\t\t<\/div>\n\t\t\t\t\t\t\t\t\t<\/div>\n\n\t\t\t\t\t\t\t\t\t<div class=\"c-card__media \" style=\" \">\n\t\t\t\t\t\t<img decoding=\"async\" width=\"400\" height=\"267\" src=\"https:\/\/sjolinsgymnasium.se\/wp-content\/uploads\/2023\/08\/kopia-av-sjolinsmalmo2023032028030108-400x267.jpg\" class=\"\" alt=\"Flera elever sitter i ett klassrum.\" sizes=\"(min-width: 64em) 300px, (min-width: 48em) calc(.50 * (100vw - 304px)), calc(100vw - 208px)\" srcset=\"https:\/\/sjolinsgymnasium.se\/wp-content\/uploads\/2023\/08\/kopia-av-sjolinsmalmo2023032028030108-400x267.jpg 400w, https:\/\/sjolinsgymnasium.se\/wp-content\/uploads\/2023\/08\/kopia-av-sjolinsmalmo2023032028030108-300x200.jpg 300w, https:\/\/sjolinsgymnasium.se\/wp-content\/uploads\/2023\/08\/kopia-av-sjolinsmalmo2023032028030108-600x400.jpg 600w, https:\/\/sjolinsgymnasium.se\/wp-content\/uploads\/2023\/08\/kopia-av-sjolinsmalmo2023032028030108-800x533.jpg 800w, https:\/\/sjolinsgymnasium.se\/wp-content\/uploads\/2023\/08\/kopia-av-sjolinsmalmo2023032028030108-1024x683.jpg 1024w, https:\/\/sjolinsgymnasium.se\/wp-content\/uploads\/2023\/08\/kopia-av-sjolinsmalmo2023032028030108-1200x800.jpg 1200w\" \/>\n\t\t\t\t\t<\/div>\n\t\t\t\t\t\t\t<\/article>\n\t\t<\/li>\n\t\t\t<li class=\"l-col-6@md l-col-4@lg\">\n\t\t\t<article\n\t\t\t\tclass=\"\n\t\t\t\tc-card\n\t\t\t\t\n\t\t\t\thas-media-zoom\n\t\t\t\t\n\t\t\t\t\"\n\t\t\t\tdata-variant=\"space\"\n\t\t\t\tdata-style=\"square\"\n\t\t\t\t data-click-area\n\t\t\t\t\n\t\t\t\t\n\t\t\t\t>\n\t\t\t\t<div class=\"c-card__content l-stack l-stack-sm is-left is-left@md\">\n\t\t\t\t\t\t\t\t\t\t\t<h3 class=\"c-card__title u-font-title-3\">\n\t\t\t\t\t\t\t\t\t\t\t\t\t\t\t<a class=\"c-card__link\" href=\"https:\/\/sjolinsgymnasium.se\/vasastan\/vart-kvalitetsarbete\/synpunkter-pa-verksamheten\/\" target=\"_self\">\n\t\t\t\t\t\t\t\t\tSynpunkter p\u00e5 verksamheten\n\t\t\t\t\t\t\t\t<\/a>\n\t\t\t\t\t\t\t\t\t\t\t\t\t<\/h3>\n\t\t\t\t\t\n\t\t\t\t\t\t\t\t\t\t\t<div class=\"c-card__text l-stack-xs u-font-body\">\n\t\t\t\t\t\t\t<p><span data-sheets-value=\"{&quot;1&quot;:2,&quot;2&quot;:&quot;Vi \u00e4r alltid intresserade av att f\u00e5 \u00e5terkoppling p\u00e5 det som fungerar bra, och mindre bra. Klicka dig vidare f\u00f6r att l\u00e4sa mer!&quot;}\" data-sheets-userformat=\"{&quot;2&quot;:6979,&quot;3&quot;:{&quot;1&quot;:0},&quot;4&quot;:{&quot;1&quot;:2,&quot;2&quot;:15591904},&quot;9&quot;:0,&quot;11&quot;:4,&quot;12&quot;:0,&quot;14&quot;:{&quot;1&quot;:2,&quot;2&quot;:0},&quot;15&quot;:&quot;Roboto&quot;}\">Vi \u00e4r alltid intresserade av att f\u00e5 \u00e5terkoppling p\u00e5 det som fungerar bra, och mindre bra. Klicka dig vidare f\u00f6r att l\u00e4sa mer!<\/span><\/p>\n\n\t\t\t\t\t\t<\/div>\n\t\t\t\t\t\n\t\t\t\t\t\t\t\t\t\t\t<div class=\"c-card__icon c-card__icon--nl\">\n\t\t\t\t\t\t\t\t\t\t\t\t\t\t<svg class=\"ams-icon ams-icon--arrow-right\" width=\"32\" height=\"32\" viewbox=\"0 0 32 32\" fill=\"currentColor\" aria-hidden=\"true\" xmlns=\"http:\/\/www.w3.org\/2000\/svg\">\n\t\t\t\t\t\t\t\t\t\t\t\t\t\t\t\t<path d=\"M15.4617 0.252159L14.9567 0.75931C14.6219 1.09545 14.6219 1.64048 14.9567 1.97669L27.7062 14.7806H0.857144C0.383786 14.7806 0 15.166 0 15.6414V16.3587C0 16.8341 0.383786 17.2195 0.857144 17.2195H27.7062L14.9567 30.0234C14.6219 30.3595 14.6219 30.9045 14.9567 31.2407L15.4617 31.7479C15.7964 32.084 16.3392 32.084 16.6739 31.7479L31.749 16.6087C32.0837 16.2725 32.0837 15.7275 31.749 15.3913L16.6739 0.252159C16.3392 -0.084053 15.7964 -0.084053 15.4617 0.252159Z\"\/>\n\t\t\t\t\t\t\t\n\t\t\t\t\t\t\t<\/svg>\n\t\t\t\t\t\t<\/div>\n\t\t\t\t\t\t\t\t\t<\/div>\n\n\t\t\t\t\t\t\t\t\t<div class=\"c-card__media \" style=\" \">\n\t\t\t\t\t\t<img decoding=\"async\" width=\"400\" height=\"267\" src=\"https:\/\/sjolinsgymnasium.se\/wp-content\/uploads\/2023\/08\/kopia-av-gfkt2800-scaled-400x267.jpg\" class=\"\" alt=\"Fyra elever utanf\u00f6r Campus Vasastan.\" sizes=\"(min-width: 64em) 300px, (min-width: 48em) calc(.50 * (100vw - 304px)), calc(100vw - 208px)\" srcset=\"https:\/\/sjolinsgymnasium.se\/wp-content\/uploads\/2023\/08\/kopia-av-gfkt2800-scaled-400x267.jpg 400w, https:\/\/sjolinsgymnasium.se\/wp-content\/uploads\/2023\/08\/kopia-av-gfkt2800-scaled-300x200.jpg 300w, https:\/\/sjolinsgymnasium.se\/wp-content\/uploads\/2023\/08\/kopia-av-gfkt2800-scaled-600x400.jpg 600w, https:\/\/sjolinsgymnasium.se\/wp-content\/uploads\/2023\/08\/kopia-av-gfkt2800-scaled-800x533.jpg 800w, https:\/\/sjolinsgymnasium.se\/wp-content\/uploads\/2023\/08\/kopia-av-gfkt2800-scaled-1024x683.jpg 1024w, https:\/\/sjolinsgymnasium.se\/wp-content\/uploads\/2023\/08\/kopia-av-gfkt2800-scaled-1200x800.jpg 1200w\" \/>\n\t\t\t\t\t<\/div>\n\t\t\t\t\t\t\t<\/article>\n\t\t<\/li>\n\t<\/ul>\n\t\n\t\t\t<\/div>\n\n\t\t\n\n<\/section>\n","protected":false},"excerpt":{"rendered":"","protected":false},"author":1,"featured_media":0,"parent":0,"menu_order":0,"comment_status":"closed","ping_status":"closed","template":"","meta":{"footnotes":""},"yoast_head":"<!-- This site is optimized with the Yoast SEO plugin v22.0 - https:\/\/yoast.com\/wordpress\/plugins\/seo\/ -->\n<title>V\u00e5rt kvalitetsarbete - Sj\u00f6lins Gymnasium Vasastan<\/title>\n<meta name=\"description\" content=\"Sj\u00f6lins Gymnasium fokuserar p\u00e5 h\u00f6g kvalitet i all verksamhet och str\u00e4var st\u00e4ndigt efter f\u00f6rb\u00e4ttring av upplevd kvalitet.\" \/>\n<meta name=\"robots\" content=\"index, follow, max-snippet:-1, max-image-preview:large, max-video-preview:-1\" \/>\n<link rel=\"canonical\" href=\"https:\/\/sjolinsgymnasium.se\/vasastan\/vart-kvalitetsarbete\/\" \/>\n<meta property=\"og:locale\" content=\"sv_SE\" \/>\n<meta property=\"og:type\" content=\"article\" \/>\n<meta property=\"og:title\" content=\"V\u00e5rt kvalitetsarbete - Sj\u00f6lins Gymnasium Vasastan\" \/>\n<meta property=\"og:description\" content=\"Sj\u00f6lins Gymnasium fokuserar p\u00e5 h\u00f6g kvalitet i all verksamhet och str\u00e4var st\u00e4ndigt efter f\u00f6rb\u00e4ttring av upplevd kvalitet.\" \/>\n<meta property=\"og:url\" content=\"https:\/\/sjolinsgymnasium.se\/vasastan\/vart-kvalitetsarbete\/\" \/>\n<meta property=\"og:site_name\" content=\"Vasastan\" \/>\n<meta property=\"article:modified_time\" content=\"2023-08-30T13:33:15+00:00\" \/>\n<meta name=\"twitter:card\" content=\"summary_large_image\" \/>\n<meta name=\"twitter:title\" content=\"V\u00e5rt kvalitetsarbete - Sj\u00f6lins Gymnasium Vasastan\" \/>\n<meta name=\"twitter:description\" content=\"Sj\u00f6lins Gymnasium fokuserar p\u00e5 h\u00f6g kvalitet i all verksamhet och str\u00e4var st\u00e4ndigt efter f\u00f6rb\u00e4ttring av upplevd kvalitet.\" \/>\n<script type=\"application\/ld+json\" class=\"yoast-schema-graph\">{\"@context\":\"https:\/\/schema.org\",\"@graph\":[{\"@type\":\"WebPage\",\"@id\":\"https:\/\/sjolinsgymnasium.se\/vasastan\/vart-kvalitetsarbete\/\",\"url\":\"https:\/\/sjolinsgymnasium.se\/vasastan\/vart-kvalitetsarbete\/\",\"name\":\"V\u00e5rt kvalitetsarbete - Sj\u00f6lins Gymnasium Vasastan\",\"isPartOf\":{\"@id\":\"https:\/\/sjolinsgymnasium.se\/vasastan\/#website\"},\"datePublished\":\"2023-03-09T10:59:38+00:00\",\"dateModified\":\"2023-08-30T13:33:15+00:00\",\"description\":\"Sj\u00f6lins Gymnasium fokuserar p\u00e5 h\u00f6g kvalitet i all verksamhet och str\u00e4var st\u00e4ndigt efter f\u00f6rb\u00e4ttring av upplevd kvalitet.\",\"breadcrumb\":{\"@id\":\"https:\/\/sjolinsgymnasium.se\/vasastan\/vart-kvalitetsarbete\/#breadcrumb\"},\"inLanguage\":\"sv-SE\",\"potentialAction\":[{\"@type\":\"ReadAction\",\"target\":[\"https:\/\/sjolinsgymnasium.se\/vasastan\/vart-kvalitetsarbete\/\"]}]},{\"@type\":\"BreadcrumbList\",\"@id\":\"https:\/\/sjolinsgymnasium.se\/vasastan\/vart-kvalitetsarbete\/#breadcrumb\",\"itemListElement\":[{\"@type\":\"ListItem\",\"position\":1,\"name\":\"Start\",\"item\":\"https:\/\/sjolinsgymnasium.se\/vasastan\/\"},{\"@type\":\"ListItem\",\"position\":2,\"name\":\"V\u00e5rt kvalitetsarbete\"}]},{\"@type\":\"WebSite\",\"@id\":\"https:\/\/sjolinsgymnasium.se\/vasastan\/#website\",\"url\":\"https:\/\/sjolinsgymnasium.se\/vasastan\/\",\"name\":\"Vasastan\",\"description\":\"Just another WordPress site\",\"potentialAction\":[{\"@type\":\"SearchAction\",\"target\":{\"@type\":\"EntryPoint\",\"urlTemplate\":\"https:\/\/sjolinsgymnasium.se\/vasastan\/?s={search_term_string}\"},\"query-input\":\"required name=search_term_string\"}],\"inLanguage\":\"sv-SE\"}]}<\/script>\n<!-- \/ Yoast SEO plugin. -->","yoast_head_json":{"title":"V\u00e5rt kvalitetsarbete - Sj\u00f6lins Gymnasium Vasastan","description":"Sj\u00f6lins Gymnasium fokuserar p\u00e5 h\u00f6g kvalitet i all verksamhet och str\u00e4var st\u00e4ndigt efter f\u00f6rb\u00e4ttring av upplevd kvalitet.","robots":{"index":"index","follow":"follow","max-snippet":"max-snippet:-1","max-image-preview":"max-image-preview:large","max-video-preview":"max-video-preview:-1"},"canonical":"https:\/\/sjolinsgymnasium.se\/vasastan\/vart-kvalitetsarbete\/","og_locale":"sv_SE","og_type":"article","og_title":"V\u00e5rt kvalitetsarbete - Sj\u00f6lins Gymnasium Vasastan","og_description":"Sj\u00f6lins Gymnasium fokuserar p\u00e5 h\u00f6g kvalitet i all verksamhet och str\u00e4var st\u00e4ndigt efter f\u00f6rb\u00e4ttring av upplevd kvalitet.","og_url":"https:\/\/sjolinsgymnasium.se\/vasastan\/vart-kvalitetsarbete\/","og_site_name":"Vasastan","article_modified_time":"2023-08-30T13:33:15+00:00","twitter_card":"summary_large_image","twitter_title":"V\u00e5rt kvalitetsarbete - Sj\u00f6lins Gymnasium Vasastan","twitter_description":"Sj\u00f6lins Gymnasium fokuserar p\u00e5 h\u00f6g kvalitet i all verksamhet och str\u00e4var st\u00e4ndigt efter f\u00f6rb\u00e4ttring av upplevd kvalitet.","schema":{"@context":"https:\/\/schema.org","@graph":[{"@type":"WebPage","@id":"https:\/\/sjolinsgymnasium.se\/vasastan\/vart-kvalitetsarbete\/","url":"https:\/\/sjolinsgymnasium.se\/vasastan\/vart-kvalitetsarbete\/","name":"V\u00e5rt kvalitetsarbete - Sj\u00f6lins Gymnasium Vasastan","isPartOf":{"@id":"https:\/\/sjolinsgymnasium.se\/vasastan\/#website"},"datePublished":"2023-03-09T10:59:38+00:00","dateModified":"2023-08-30T13:33:15+00:00","description":"Sj\u00f6lins Gymnasium fokuserar p\u00e5 h\u00f6g kvalitet i all verksamhet och str\u00e4var st\u00e4ndigt efter f\u00f6rb\u00e4ttring av upplevd kvalitet.","breadcrumb":{"@id":"https:\/\/sjolinsgymnasium.se\/vasastan\/vart-kvalitetsarbete\/#breadcrumb"},"inLanguage":"sv-SE","potentialAction":[{"@type":"ReadAction","target":["https:\/\/sjolinsgymnasium.se\/vasastan\/vart-kvalitetsarbete\/"]}]},{"@type":"BreadcrumbList","@id":"https:\/\/sjolinsgymnasium.se\/vasastan\/vart-kvalitetsarbete\/#breadcrumb","itemListElement":[{"@type":"ListItem","position":1,"name":"Start","item":"https:\/\/sjolinsgymnasium.se\/vasastan\/"},{"@type":"ListItem","position":2,"name":"V\u00e5rt kvalitetsarbete"}]},{"@type":"WebSite","@id":"https:\/\/sjolinsgymnasium.se\/vasastan\/#website","url":"https:\/\/sjolinsgymnasium.se\/vasastan\/","name":"Vasastan","description":"Just another WordPress site","potentialAction":[{"@type":"SearchAction","target":{"@type":"EntryPoint","urlTemplate":"https:\/\/sjolinsgymnasium.se\/vasastan\/?s={search_term_string}"},"query-input":"required name=search_term_string"}],"inLanguage":"sv-SE"}]}},"_links":{"self":[{"href":"https:\/\/sjolinsgymnasium.se\/vasastan\/wp-json\/wp\/v2\/pages\/491"}],"collection":[{"href":"https:\/\/sjolinsgymnasium.se\/vasastan\/wp-json\/wp\/v2\/pages"}],"about":[{"href":"https:\/\/sjolinsgymnasium.se\/vasastan\/wp-json\/wp\/v2\/types\/page"}],"author":[{"embeddable":true,"href":"https:\/\/sjolinsgymnasium.se\/vasastan\/wp-json\/wp\/v2\/users\/1"}],"replies":[{"embeddable":true,"href":"https:\/\/sjolinsgymnasium.se\/vasastan\/wp-json\/wp\/v2\/comments?post=491"}],"version-history":[{"count":10,"href":"https:\/\/sjolinsgymnasium.se\/vasastan\/wp-json\/wp\/v2\/pages\/491\/revisions"}],"predecessor-version":[{"id":2152,"href":"https:\/\/sjolinsgymnasium.se\/vasastan\/wp-json\/wp\/v2\/pages\/491\/revisions\/2152"}],"wp:attachment":[{"href":"https:\/\/sjolinsgymnasium.se\/vasastan\/wp-json\/wp\/v2\/media?parent=491"}],"curies":[{"name":"wp","href":"https:\/\/api.w.org\/{rel}","templated":true}]}}