{"id":2685,"date":"2024-01-05T11:33:54","date_gmt":"2024-01-05T10:33:54","guid":{"rendered":"https:\/\/sjolinsgymnasium.se\/vasastan\/?page_id=2685"},"modified":"2024-01-19T13:16:21","modified_gmt":"2024-01-19T12:16:21","slug":"studera-pa-sjolins","status":"publish","type":"page","link":"https:\/\/sjolinsgymnasium.se\/vasastan\/studera-pa-sjolins\/","title":{"rendered":"Studera p\u00e5 Sj\u00f6lins?"},"content":{"rendered":"\n\t\n\t\n\t\n\n\t\n\t\n\t\t\n<section  class=\"c-block l-stacked  \" data-color-scheme=\"beige\">\n\t<div class=\"ams-fifty ams-fifty--container ams-fifty--right ams-fifty--bottom l-container u-pt-fluid-3xl-6xl u-pb-fluid-3xl-6xl\">\n\t\t<div class=\"ams-fifty__content l-stack l-stack-xl is-left is-left@lg\">\n\t\t\t<div class=\"ams-fifty__text l-stack l-stack-lg\">\n\t\t\t\t\t\n\t<h1\n\tclass=\"c-heading u-font-title-1 \"\n\tstyle=\"\">\n\t\t\n\t\t\t\t\tHur \u00e4r det att studera p\u00e5 Sj\u00f6lins?\n\t\t\t\t\n\t<\/h1>\n\n\t\t\t\t\t\t\t\t\t<div class=\"text l-stack u-font-body\">\n\t\t\t\t\t\t<p class=\"p1\">P\u00e5 Sj\u00f6lins Gymnasium arbetar vi med case, en metodik med r\u00f6tter i Harvard. Casemetodiken kopplar ihop det du l\u00e4r dig i klassrummet med det som h\u00e4nder i v\u00e4rlden och \u00e4r \u00e4mnes\u00f6verskridande.<\/p>\n<p class=\"p1\">Varf\u00f6r case? F\u00f6r att utbildning som formas av verkligheten ger dig de b\u00e4sta f\u00f6ruts\u00e4ttningarna. Hur fungerar det? Se videon nedan f\u00f6r att f\u00f6rst\u00e5 vad det inneb\u00e4r i praktiken.<\/p>\n\n\t\t\t\t\t<\/div>\n\t\t\t\t\t\t\t<\/div>\n\n\t\t\t\t\t<\/div>\n\n\t\t <div class=\"ams-fifty__media u-ratio-landscape\">\n\t\t \t\n\t\t\t\n\t\t\t\t\t\t\t<lite-youtube videoid=\"IeNb7jdQTRw\" style=\"background-image: url('https:\/\/i.ytimg.com\/vi\/IeNb7jdQTRw\/hqdefault.jpg');\">\n\t\t\t\t\t\t<button href=\"https:\/\/youtube.com\/watch?v=IeNb7jdQTRw\" class=\"lty-playbtn\" title=\"Play Video\">\n\t\t\t\t\t\t\t<span class=\"lyt-visually-hidden\">Play Video<\/span>\n\t\t\t\t\t\t<\/button>\n\t\t\t\t\t<\/lite-youtube>\n\t\t\t\t\t<\/div>\n\t<\/div>\n\n\t\t\n\n<\/section>\n\n\n\n\n<section  class=\"ams-cta ams-cta--stacked c-block l-stacked\" data-color-scheme=\"vit\">\n\t<div class=\"l-container-narrow l-stack l-stack-fluid-2xl u-pt-fluid-3xl-6xl u-pb-fluid-3xl-6xl is-center is-center@md\">\n\t\t\t\t\t<div class=\"ams-cta__intro l-stack l-stack-lg\">\n\t\t\t\t\t\n\t<h2\n\tclass=\"c-heading u-font-title-1 \"\n\tstyle=\"\">\n\t\t\n\t\t\t\t\tProva p\u00e5 Sj\u00f6lins\n\t\t\t\t\n\t<\/h2>\n\n\t\t\t\t\t\t\t\t\t<div class=\"c-text l-stack u-cs-xl u-font-body\">\n\t\t\t\t\t\t<p><span data-sheets-value=\"{&quot;1&quot;:2,&quot;2&quot;:&quot;Du vet v\u00e4l om att du \u00e4ven kan bes\u00f6ka oss p\u00e5 en prova-p\u00e5-dag? Under en prova-p\u00e5-dag f\u00e5r du m\u00f6jlighet att tr\u00e4ffa elever, l\u00e4rare och l\u00e4ra dig mer om casemetodiken. V\u00e4lkommen att anm\u00e4la dig! \\n&quot;}\" data-sheets-userformat=\"{&quot;2&quot;:5025,&quot;3&quot;:{&quot;1&quot;:0},&quot;8&quot;:{&quot;1&quot;:[{&quot;1&quot;:2,&quot;2&quot;:0,&quot;5&quot;:{&quot;1&quot;:2,&quot;2&quot;:0}},{&quot;1&quot;:0,&quot;2&quot;:0,&quot;3&quot;:3},{&quot;1&quot;:1,&quot;2&quot;:0,&quot;4&quot;:1}]},&quot;10&quot;:0,&quot;11&quot;:4,&quot;12&quot;:0,&quot;15&quot;:&quot;Roboto&quot;}\">Du vet v\u00e4l om att du \u00e4ven kan bes\u00f6ka oss p\u00e5 en prova-p\u00e5-dag? Under en prova-p\u00e5-dag f\u00e5r du m\u00f6jlighet att tr\u00e4ffa elever, l\u00e4rare och l\u00e4ra dig mer om casemetodiken. V\u00e4lkommen att anm\u00e4la dig!<br \/>\n<\/span><\/p>\n\n\t\t\t\t\t<\/div>\n\t\t\t\t\t\t\t<\/div>\n\t\t\n\t\t\n\t\t\t<div class=\"ams-cta__action u-inline-items\">\n\t\t\t\t\t\t\t\n\n\n<a href=\"https:\/\/sjolinsgymnasium.se\/vasastan\/prova-pa-dag\/\"\n\t\n\tclass=\"c-btn \"\n\tdata-style=\"round\"\n\tdata-size=\"md\"\n\tdata-width=\"full-mobile\"\n\tdata-variant=\"default\"\n\ttarget=\"_self\">\n\t\t\t<span class=\"label\"> Boka in dig<\/span>\n\t\t\t<\/a>\n\t\t\t<\/div>\n\t<\/div>\n\n\t\t\n\n<\/section>\n","protected":false},"excerpt":{"rendered":"","protected":false},"author":13,"featured_media":0,"parent":0,"menu_order":0,"comment_status":"closed","ping_status":"closed","template":"","meta":{"footnotes":""},"yoast_head":"<!-- This site is optimized with the Yoast SEO plugin v22.0 - https:\/\/yoast.com\/wordpress\/plugins\/seo\/ -->\n<title>Studera p\u00e5 Sj\u00f6lins? - Sj\u00f6lins Gymnasium Vasastan<\/title>\n<meta name=\"description\" content=\"P\u00e5 Sj\u00f6lins Gymnasium arbetar vi med case, en metodik med r\u00f6tter i Harvard.\" \/>\n<meta name=\"robots\" content=\"index, follow, max-snippet:-1, max-image-preview:large, max-video-preview:-1\" \/>\n<link rel=\"canonical\" href=\"https:\/\/sjolinsgymnasium.se\/vasastan\/studera-pa-sjolins\/\" \/>\n<meta property=\"og:locale\" content=\"sv_SE\" \/>\n<meta property=\"og:type\" content=\"article\" \/>\n<meta property=\"og:title\" content=\"Studera p\u00e5 Sj\u00f6lins? - Sj\u00f6lins Gymnasium Vasastan\" \/>\n<meta property=\"og:description\" content=\"P\u00e5 Sj\u00f6lins Gymnasium arbetar vi med case, en metodik med r\u00f6tter i Harvard.\" \/>\n<meta property=\"og:url\" content=\"https:\/\/sjolinsgymnasium.se\/vasastan\/studera-pa-sjolins\/\" \/>\n<meta property=\"og:site_name\" content=\"Vasastan\" \/>\n<meta property=\"article:modified_time\" content=\"2024-01-19T12:16:21+00:00\" \/>\n<meta name=\"twitter:card\" content=\"summary_large_image\" \/>\n<meta name=\"twitter:title\" content=\"Studera p\u00e5 Sj\u00f6lins? - Sj\u00f6lins Gymnasium Vasastan\" \/>\n<meta name=\"twitter:description\" content=\"P\u00e5 Sj\u00f6lins Gymnasium arbetar vi med case, en metodik med r\u00f6tter i Harvard.\" \/>\n<script type=\"application\/ld+json\" class=\"yoast-schema-graph\">{\"@context\":\"https:\/\/schema.org\",\"@graph\":[{\"@type\":\"WebPage\",\"@id\":\"https:\/\/sjolinsgymnasium.se\/vasastan\/studera-pa-sjolins\/\",\"url\":\"https:\/\/sjolinsgymnasium.se\/vasastan\/studera-pa-sjolins\/\",\"name\":\"Studera p\u00e5 Sj\u00f6lins? - Sj\u00f6lins Gymnasium Vasastan\",\"isPartOf\":{\"@id\":\"https:\/\/sjolinsgymnasium.se\/vasastan\/#website\"},\"datePublished\":\"2024-01-05T10:33:54+00:00\",\"dateModified\":\"2024-01-19T12:16:21+00:00\",\"description\":\"P\u00e5 Sj\u00f6lins Gymnasium arbetar vi med case, en metodik med r\u00f6tter i Harvard.\",\"breadcrumb\":{\"@id\":\"https:\/\/sjolinsgymnasium.se\/vasastan\/studera-pa-sjolins\/#breadcrumb\"},\"inLanguage\":\"sv-SE\",\"potentialAction\":[{\"@type\":\"ReadAction\",\"target\":[\"https:\/\/sjolinsgymnasium.se\/vasastan\/studera-pa-sjolins\/\"]}]},{\"@type\":\"BreadcrumbList\",\"@id\":\"https:\/\/sjolinsgymnasium.se\/vasastan\/studera-pa-sjolins\/#breadcrumb\",\"itemListElement\":[{\"@type\":\"ListItem\",\"position\":1,\"name\":\"Start\",\"item\":\"https:\/\/sjolinsgymnasium.se\/vasastan\/\"},{\"@type\":\"ListItem\",\"position\":2,\"name\":\"Studera p\u00e5 Sj\u00f6lins?\"}]},{\"@type\":\"WebSite\",\"@id\":\"https:\/\/sjolinsgymnasium.se\/vasastan\/#website\",\"url\":\"https:\/\/sjolinsgymnasium.se\/vasastan\/\",\"name\":\"Vasastan\",\"description\":\"Just another WordPress site\",\"potentialAction\":[{\"@type\":\"SearchAction\",\"target\":{\"@type\":\"EntryPoint\",\"urlTemplate\":\"https:\/\/sjolinsgymnasium.se\/vasastan\/?s={search_term_string}\"},\"query-input\":\"required name=search_term_string\"}],\"inLanguage\":\"sv-SE\"}]}<\/script>\n<!-- \/ Yoast SEO plugin. -->","yoast_head_json":{"title":"Studera p\u00e5 Sj\u00f6lins? - Sj\u00f6lins Gymnasium Vasastan","description":"P\u00e5 Sj\u00f6lins Gymnasium arbetar vi med case, en metodik med r\u00f6tter i Harvard.","robots":{"index":"index","follow":"follow","max-snippet":"max-snippet:-1","max-image-preview":"max-image-preview:large","max-video-preview":"max-video-preview:-1"},"canonical":"https:\/\/sjolinsgymnasium.se\/vasastan\/studera-pa-sjolins\/","og_locale":"sv_SE","og_type":"article","og_title":"Studera p\u00e5 Sj\u00f6lins? - Sj\u00f6lins Gymnasium Vasastan","og_description":"P\u00e5 Sj\u00f6lins Gymnasium arbetar vi med case, en metodik med r\u00f6tter i Harvard.","og_url":"https:\/\/sjolinsgymnasium.se\/vasastan\/studera-pa-sjolins\/","og_site_name":"Vasastan","article_modified_time":"2024-01-19T12:16:21+00:00","twitter_card":"summary_large_image","twitter_title":"Studera p\u00e5 Sj\u00f6lins? - Sj\u00f6lins Gymnasium Vasastan","twitter_description":"P\u00e5 Sj\u00f6lins Gymnasium arbetar vi med case, en metodik med r\u00f6tter i Harvard.","schema":{"@context":"https:\/\/schema.org","@graph":[{"@type":"WebPage","@id":"https:\/\/sjolinsgymnasium.se\/vasastan\/studera-pa-sjolins\/","url":"https:\/\/sjolinsgymnasium.se\/vasastan\/studera-pa-sjolins\/","name":"Studera p\u00e5 Sj\u00f6lins? - Sj\u00f6lins Gymnasium Vasastan","isPartOf":{"@id":"https:\/\/sjolinsgymnasium.se\/vasastan\/#website"},"datePublished":"2024-01-05T10:33:54+00:00","dateModified":"2024-01-19T12:16:21+00:00","description":"P\u00e5 Sj\u00f6lins Gymnasium arbetar vi med case, en metodik med r\u00f6tter i Harvard.","breadcrumb":{"@id":"https:\/\/sjolinsgymnasium.se\/vasastan\/studera-pa-sjolins\/#breadcrumb"},"inLanguage":"sv-SE","potentialAction":[{"@type":"ReadAction","target":["https:\/\/sjolinsgymnasium.se\/vasastan\/studera-pa-sjolins\/"]}]},{"@type":"BreadcrumbList","@id":"https:\/\/sjolinsgymnasium.se\/vasastan\/studera-pa-sjolins\/#breadcrumb","itemListElement":[{"@type":"ListItem","position":1,"name":"Start","item":"https:\/\/sjolinsgymnasium.se\/vasastan\/"},{"@type":"ListItem","position":2,"name":"Studera p\u00e5 Sj\u00f6lins?"}]},{"@type":"WebSite","@id":"https:\/\/sjolinsgymnasium.se\/vasastan\/#website","url":"https:\/\/sjolinsgymnasium.se\/vasastan\/","name":"Vasastan","description":"Just another WordPress site","potentialAction":[{"@type":"SearchAction","target":{"@type":"EntryPoint","urlTemplate":"https:\/\/sjolinsgymnasium.se\/vasastan\/?s={search_term_string}"},"query-input":"required name=search_term_string"}],"inLanguage":"sv-SE"}]}},"_links":{"self":[{"href":"https:\/\/sjolinsgymnasium.se\/vasastan\/wp-json\/wp\/v2\/pages\/2685"}],"collection":[{"href":"https:\/\/sjolinsgymnasium.se\/vasastan\/wp-json\/wp\/v2\/pages"}],"about":[{"href":"https:\/\/sjolinsgymnasium.se\/vasastan\/wp-json\/wp\/v2\/types\/page"}],"author":[{"embeddable":true,"href":"https:\/\/sjolinsgymnasium.se\/vasastan\/wp-json\/wp\/v2\/users\/13"}],"replies":[{"embeddable":true,"href":"https:\/\/sjolinsgymnasium.se\/vasastan\/wp-json\/wp\/v2\/comments?post=2685"}],"version-history":[{"count":8,"href":"https:\/\/sjolinsgymnasium.se\/vasastan\/wp-json\/wp\/v2\/pages\/2685\/revisions"}],"predecessor-version":[{"id":2764,"href":"https:\/\/sjolinsgymnasium.se\/vasastan\/wp-json\/wp\/v2\/pages\/2685\/revisions\/2764"}],"wp:attachment":[{"href":"https:\/\/sjolinsgymnasium.se\/vasastan\/wp-json\/wp\/v2\/media?parent=2685"}],"curies":[{"name":"wp","href":"https:\/\/api.w.org\/{rel}","templated":true}]}}