{"id":263,"date":"2023-02-14T13:43:32","date_gmt":"2023-02-14T12:43:32","guid":{"rendered":"https:\/\/sjolinsgymnasium.se\/vasastan\/?page_id=263"},"modified":"2024-01-19T13:33:13","modified_gmt":"2024-01-19T12:33:13","slug":"gymnasieprogram","status":"publish","type":"page","link":"https:\/\/sjolinsgymnasium.se\/vasastan\/gymnasieprogram\/","title":{"rendered":"V\u00e5ra gymnasieprogram"},"content":{"rendered":"\n\n<section  class=\"ams-courses-list c-block l-stacked\" data-color-scheme=\"kurslistning\">\n\t<div class=\"l-container l-stack l-stack-fluid-2xl u-pt-fluid-3xl-6xl u-pb-fluid-3xl-6xl is-center is-center@md\">\n\t\t\t\t\t<div class=\"ams-courses-list__intro l-stack l-stack-lg\">\n\t\t\t\t\t\n\t<h1\n\tclass=\"c-heading u-font-title-1 \"\n\tstyle=\"\">\n\t\t\n\t\t\t\t\tV\u00e5ra gymnasieprogram\n\t\t\t\t\n\t<\/h1>\n\n\t\t\t\t\t\t\t\t\t<div class=\"c-text l-stack u-cs-xl u-font-body\">\n\t\t\t\t\t\t<p><span data-sheets-value=\"{&quot;1&quot;:2,&quot;2&quot;:&quot;Alla gymnasieprogram p\u00e5 Sj\u00f6lins Vasastan \u00e4r h\u00f6gskolef\u00f6rberedande och d\u00e4rf\u00f6r \u00e4mnade f\u00f6r dig som vill studera vidare efter gymnasiet. Oavsett om du v\u00e4ljer Ekonomi, Natur- eller Samh\u00e4llsprogrammet s\u00e5 kommer du f\u00e5 jobba i case.  &quot;}\" data-sheets-userformat=\"{&quot;2&quot;:7107,&quot;3&quot;:{&quot;1&quot;:0},&quot;4&quot;:{&quot;1&quot;:2,&quot;2&quot;:16777215},&quot;9&quot;:0,&quot;10&quot;:1,&quot;11&quot;:4,&quot;12&quot;:0,&quot;14&quot;:{&quot;1&quot;:2,&quot;2&quot;:0},&quot;15&quot;:&quot;Roboto&quot;}\">Alla gymnasieprogram p\u00e5 Sj\u00f6lins Vasastan \u00e4r h\u00f6gskolef\u00f6rberedande och d\u00e4rf\u00f6r \u00e4mnade f\u00f6r dig som vill studera vidare efter gymnasiet. Oavsett om du v\u00e4ljer Ekonomi, Natur- eller Samh\u00e4llsprogrammet s\u00e5 kommer du f\u00e5 jobba i case. <\/span><\/p>\n\n\t\t\t\t\t<\/div>\n\t\t\t\t\t\t\t<\/div>\n\t\t\n\t\t\n\t\t\t\n<ul class=\"ams-courses-list__list l-grid u-gap-fluid-2xl-4xl u-justify-center\">\n\t\t\t<li class=\"l-col-6@md l-col-4@lg\">\n\t\t\t<article class=\"c-card has-media-zoom  u-shadow-lg\"\n\t\t\t\t\t\tdata-variant=\"border-top\"\n\t\t\t\t\t\tdata-style=\"square\"\n\t\t\t\t\t\tdata-click-area>\n\t\t\t\t<div class=\"c-card__content l-stack l-stack-sm\">\n\t\t\t\t\t\t\t\t\t\t\t<h2 class=\"c-card__title u-font-title-3\">\n\t\t\t\t\t\t\t\t\t\t\t\t\t\t\t<a class=\"c-card__title-link\" href=\"https:\/\/sjolinsgymnasium.se\/vasastan\/program\/ekonomiprogrammet\/\">\n\t\t\t\t\t\t\t\t\tEkonomiprogrammet\n\t\t\t\t\t\t\t\t<\/a>\n\t\t\t\t\t\t\t\t\t\t\t\t\t<\/h2>\n\t\t\t\t\t\n\t\t\t\t\t\t\t\t\t\t\t<p class=\"c-card__text l-stack-xs u-font-body \">\n\t\t\t\t\t\t\t\u00c4r du intresserad av ekonomi, juridik, entrepren\u00f6rskap och marknadsf\u00f6ring?\n\t\t\t\t\t\t<\/p>\n\t\t\t\t\t\n\t\t\t\t\t\t\t\t\t\t\t\t\t\t\t\t<ul class=\"c-card__list u-list-none l-stack-grow u-divider-top u-font-body\">\n\t\t\t\t\t\t\t\t\t\t\t\t\t\t\t<li>\n\t\t\t\t\t\t\t\t\t<strong>Program<\/strong>\n\t\t\t\t\t\t\t\t\t<ul class=\"u-list-dash\">\n\t\t\t\t\t\t\t\t\t\t\t\t\t\t\t\t\t\t\t\t\t<li>Ekonomiprogrammet<\/li>\n\t\t\t\t\t\t\t\t\t\t\t\t\t\t\t\t\t\t\t<\/ul>\n\t\t\t\t\t\t\t\t<\/li>\n\t\t\t\t\t\t\t\n\t\t\t\t\t\t\t\n\t\t\t\t\t\t\t\t<!-- Orientations within program -->\n\t\t\t\t\t\t\t\t\t\t\t\t\t\t\t\t\t<li>\n\t\t\t\t\t\t\t\t\t\t<strong>Inriktning<\/strong>\n\t\t\t\t\t\t\t\t\t\t<ul class=\"u-list-dash\">\n\t\t\t\t\t\t\t\t\t\t\t\t\t\t\t\t\t\t\t\t\t\t\t\t\t\t\t\t\t\t\t\t\t\t\t\t<li>Ekonomi<\/li>\n\t\t\t\t\t\t\t\t\t\t\t\t\t\t\t\t\t\t\t\t\t\t\t\t\t<li>Juridik<\/li>\n\t\t\t\t\t\t\t\t\t\t\t\t\t\t\t\t\t\t\t\t\t\t\t\t\t\t\t\t\t\t\t\t\t<\/ul>\n\t\t\t\t\t\t\t\t\t<\/li>\n\t\t\t\t\t\t\t\t\t\t\t\t\t\t\t\t<!-- .\/Orientations within program -->\n\n\t\t\t\t\t\t\t\t\t\t\t\t\t<\/ul>\n\n\t\t\t\t\t\t<div class=\"c-card__icon c-card__icon--nl\">\n\t\t\t\t\t\t\t\t\t\t\t\t\t\t<svg class=\"ams-icon ams-icon--arrow-right\" width=\"32\" height=\"32\" viewbox=\"0 0 32 32\" fill=\"currentColor\" aria-hidden=\"true\" xmlns=\"http:\/\/www.w3.org\/2000\/svg\">\n\t\t\t\t\t\t\t\t\t\t\t\t\t\t\t\t<path d=\"M15.4617 0.252159L14.9567 0.75931C14.6219 1.09545 14.6219 1.64048 14.9567 1.97669L27.7062 14.7806H0.857144C0.383786 14.7806 0 15.166 0 15.6414V16.3587C0 16.8341 0.383786 17.2195 0.857144 17.2195H27.7062L14.9567 30.0234C14.6219 30.3595 14.6219 30.9045 14.9567 31.2407L15.4617 31.7479C15.7964 32.084 16.3392 32.084 16.6739 31.7479L31.749 16.6087C32.0837 16.2725 32.0837 15.7275 31.749 15.3913L16.6739 0.252159C16.3392 -0.084053 15.7964 -0.084053 15.4617 0.252159Z\"\/>\n\t\t\t\t\t\t\t\n\t\t\t\t\t\t\t<\/svg>\n\t\t\t\t\t\t<\/div>\n\t\t\t\t\t\t\t\t\t<\/div>\n\t\t\t\t<div class=\"c-card__media \" style=\" \">\n\t\t\t\t\t<img decoding=\"async\" width=\"400\" height=\"267\" src=\"https:\/\/sjolinsgymnasium.se\/wp-content\/uploads\/sites\/7\/2023\/07\/sjolinsekonomi2023031-scaled-400x267.jpg\" class=\"attachment-sm size-sm wp-post-image\" alt=\"L\u00e4rare har case-uppstart med elever\" sizes=\"(min-width: 64em) 300px, (min-width: 48em) calc(.50 * (100vw - 240px)), calc(100vw - 160px)\" srcset=\"https:\/\/sjolinsgymnasium.se\/wp-content\/uploads\/sites\/7\/2023\/07\/sjolinsekonomi2023031-scaled-400x267.jpg 400w, https:\/\/sjolinsgymnasium.se\/wp-content\/uploads\/sites\/7\/2023\/07\/sjolinsekonomi2023031-scaled-300x200.jpg 300w, https:\/\/sjolinsgymnasium.se\/wp-content\/uploads\/sites\/7\/2023\/07\/sjolinsekonomi2023031-scaled-600x400.jpg 600w, https:\/\/sjolinsgymnasium.se\/wp-content\/uploads\/sites\/7\/2023\/07\/sjolinsekonomi2023031-scaled-800x533.jpg 800w, https:\/\/sjolinsgymnasium.se\/wp-content\/uploads\/sites\/7\/2023\/07\/sjolinsekonomi2023031-scaled-1024x683.jpg 1024w, https:\/\/sjolinsgymnasium.se\/wp-content\/uploads\/sites\/7\/2023\/07\/sjolinsekonomi2023031-scaled-1200x800.jpg 1200w\" \/>\n\t\t\t\t<\/div>\n\t\t\t<\/article>\n\t\t<\/li>\n\t\t\t<li class=\"l-col-6@md l-col-4@lg\">\n\t\t\t<article class=\"c-card has-media-zoom  u-shadow-lg\"\n\t\t\t\t\t\tdata-variant=\"border-top\"\n\t\t\t\t\t\tdata-style=\"square\"\n\t\t\t\t\t\tdata-click-area>\n\t\t\t\t<div class=\"c-card__content l-stack l-stack-sm\">\n\t\t\t\t\t\t\t\t\t\t\t<h2 class=\"c-card__title u-font-title-3\">\n\t\t\t\t\t\t\t\t\t\t\t\t\t\t\t<a class=\"c-card__title-link\" href=\"https:\/\/sjolinsgymnasium.se\/vasastan\/program\/naturvetenskapsprogrammet\/\">\n\t\t\t\t\t\t\t\t\tNaturvetenskaps&shy;programmet\n\t\t\t\t\t\t\t\t<\/a>\n\t\t\t\t\t\t\t\t\t\t\t\t\t<\/h2>\n\t\t\t\t\t\n\t\t\t\t\t\t\t\t\t\t\t<p class=\"c-card__text l-stack-xs u-font-body \">\n\t\t\t\t\t\t\tSer du en framtid som l\u00e4kare, veterin\u00e4r, biolog eller kanske forskare?\n\t\t\t\t\t\t<\/p>\n\t\t\t\t\t\n\t\t\t\t\t\t\t\t\t\t\t\t\t\t\t\t<ul class=\"c-card__list u-list-none l-stack-grow u-divider-top u-font-body\">\n\t\t\t\t\t\t\t\t\t\t\t\t\t\t\t<li>\n\t\t\t\t\t\t\t\t\t<strong>Program<\/strong>\n\t\t\t\t\t\t\t\t\t<ul class=\"u-list-dash\">\n\t\t\t\t\t\t\t\t\t\t\t\t\t\t\t\t\t\t\t\t\t<li>Naturvetenskapsprogrammet<\/li>\n\t\t\t\t\t\t\t\t\t\t\t\t\t\t\t\t\t\t\t<\/ul>\n\t\t\t\t\t\t\t\t<\/li>\n\t\t\t\t\t\t\t\n\t\t\t\t\t\t\t\n\t\t\t\t\t\t\t\t<!-- Orientations within program -->\n\t\t\t\t\t\t\t\t\t\t\t\t\t\t\t\t\t<li>\n\t\t\t\t\t\t\t\t\t\t<strong>Inriktning<\/strong>\n\t\t\t\t\t\t\t\t\t\t<ul class=\"u-list-dash\">\n\t\t\t\t\t\t\t\t\t\t\t\t\t\t\t\t\t\t\t\t\t\t\t\t\t\t\t\t\t\t\t\t\t\t\t\t<li>Naturvetenskap och samh\u00e4lle<\/li>\n\t\t\t\t\t\t\t\t\t\t\t\t\t\t\t\t\t\t\t\t\t\t\t\t\t<li>Naturvetenskap<\/li>\n\t\t\t\t\t\t\t\t\t\t\t\t\t\t\t\t\t\t\t\t\t\t\t\t\t\t\t\t\t\t\t\t\t<\/ul>\n\t\t\t\t\t\t\t\t\t<\/li>\n\t\t\t\t\t\t\t\t\t\t\t\t\t\t\t\t<!-- .\/Orientations within program -->\n\n\t\t\t\t\t\t\t\t\t\t\t\t\t<\/ul>\n\n\t\t\t\t\t\t<div class=\"c-card__icon c-card__icon--nl\">\n\t\t\t\t\t\t\t\t\t\t\t\t\t\t<svg class=\"ams-icon ams-icon--arrow-right\" width=\"32\" height=\"32\" viewbox=\"0 0 32 32\" fill=\"currentColor\" aria-hidden=\"true\" xmlns=\"http:\/\/www.w3.org\/2000\/svg\">\n\t\t\t\t\t\t\t\t\t\t\t\t\t\t\t\t<path d=\"M15.4617 0.252159L14.9567 0.75931C14.6219 1.09545 14.6219 1.64048 14.9567 1.97669L27.7062 14.7806H0.857144C0.383786 14.7806 0 15.166 0 15.6414V16.3587C0 16.8341 0.383786 17.2195 0.857144 17.2195H27.7062L14.9567 30.0234C14.6219 30.3595 14.6219 30.9045 14.9567 31.2407L15.4617 31.7479C15.7964 32.084 16.3392 32.084 16.6739 31.7479L31.749 16.6087C32.0837 16.2725 32.0837 15.7275 31.749 15.3913L16.6739 0.252159C16.3392 -0.084053 15.7964 -0.084053 15.4617 0.252159Z\"\/>\n\t\t\t\t\t\t\t\n\t\t\t\t\t\t\t<\/svg>\n\t\t\t\t\t\t<\/div>\n\t\t\t\t\t\t\t\t\t<\/div>\n\t\t\t\t<div class=\"c-card__media \" style=\" \">\n\t\t\t\t\t<img decoding=\"async\" width=\"400\" height=\"267\" src=\"https:\/\/sjolinsgymnasium.se\/wp-content\/uploads\/sites\/7\/2023\/07\/sjolins-natur-202303-1-400x267.jpg\" class=\"attachment-sm size-sm wp-post-image\" alt=\"Elever med vita rockar och skyddsglas\u00f6gon laborerar\" sizes=\"(min-width: 64em) 300px, (min-width: 48em) calc(.50 * (100vw - 240px)), calc(100vw - 160px)\" srcset=\"https:\/\/sjolinsgymnasium.se\/wp-content\/uploads\/sites\/7\/2023\/07\/sjolins-natur-202303-1-400x267.jpg 400w, https:\/\/sjolinsgymnasium.se\/wp-content\/uploads\/sites\/7\/2023\/07\/sjolins-natur-202303-1-300x200.jpg 300w, https:\/\/sjolinsgymnasium.se\/wp-content\/uploads\/sites\/7\/2023\/07\/sjolins-natur-202303-1-600x400.jpg 600w, https:\/\/sjolinsgymnasium.se\/wp-content\/uploads\/sites\/7\/2023\/07\/sjolins-natur-202303-1-800x533.jpg 800w, https:\/\/sjolinsgymnasium.se\/wp-content\/uploads\/sites\/7\/2023\/07\/sjolins-natur-202303-1-1024x683.jpg 1024w, https:\/\/sjolinsgymnasium.se\/wp-content\/uploads\/sites\/7\/2023\/07\/sjolins-natur-202303-1-1200x800.jpg 1200w\" \/>\n\t\t\t\t<\/div>\n\t\t\t<\/article>\n\t\t<\/li>\n\t\t\t<li class=\"l-col-6@md l-col-4@lg\">\n\t\t\t<article class=\"c-card has-media-zoom  u-shadow-lg\"\n\t\t\t\t\t\tdata-variant=\"border-top\"\n\t\t\t\t\t\tdata-style=\"square\"\n\t\t\t\t\t\tdata-click-area>\n\t\t\t\t<div class=\"c-card__content l-stack l-stack-sm\">\n\t\t\t\t\t\t\t\t\t\t\t<h2 class=\"c-card__title u-font-title-3\">\n\t\t\t\t\t\t\t\t\t\t\t\t\t\t\t<a class=\"c-card__title-link\" href=\"https:\/\/sjolinsgymnasium.se\/vasastan\/program\/samhallsvetenskapsprogrammet\/\">\n\t\t\t\t\t\t\t\t\tSamh\u00e4llsvetenskaps&shy;programmet\n\t\t\t\t\t\t\t\t<\/a>\n\t\t\t\t\t\t\t\t\t\t\t\t\t<\/h2>\n\t\t\t\t\t\n\t\t\t\t\t\t\t\t\t\t\t<p class=\"c-card__text l-stack-xs u-font-body \">\n\t\t\t\t\t\t\tLockar tanken p\u00e5 att plugga vidare till socionom, statsvetare eller journalist?\n\t\t\t\t\t\t<\/p>\n\t\t\t\t\t\n\t\t\t\t\t\t\t\t\t\t\t\t\t\t\t\t<ul class=\"c-card__list u-list-none l-stack-grow u-divider-top u-font-body\">\n\t\t\t\t\t\t\t\t\t\t\t\t\t\t\t<li>\n\t\t\t\t\t\t\t\t\t<strong>Program<\/strong>\n\t\t\t\t\t\t\t\t\t<ul class=\"u-list-dash\">\n\t\t\t\t\t\t\t\t\t\t\t\t\t\t\t\t\t\t\t\t\t<li>Samh\u00e4llsvetenskapsprogrammet<\/li>\n\t\t\t\t\t\t\t\t\t\t\t\t\t\t\t\t\t\t\t<\/ul>\n\t\t\t\t\t\t\t\t<\/li>\n\t\t\t\t\t\t\t\n\t\t\t\t\t\t\t\n\t\t\t\t\t\t\t\t<!-- Orientations within program -->\n\t\t\t\t\t\t\t\t\t\t\t\t\t\t\t\t\t<li>\n\t\t\t\t\t\t\t\t\t\t<strong>Inriktning<\/strong>\n\t\t\t\t\t\t\t\t\t\t<ul class=\"u-list-dash\">\n\t\t\t\t\t\t\t\t\t\t\t\t\t\t\t\t\t\t\t\t\t\t\t\t\t\t\t\t\t\t\t\t\t\t\t\t<li>Samh\u00e4llsvetenskap<\/li>\n\t\t\t\t\t\t\t\t\t\t\t\t\t\t\t\t\t\t\t\t\t\t\t\t\t<li>Beteendevetenskap<\/li>\n\t\t\t\t\t\t\t\t\t\t\t\t\t\t\t\t\t\t\t\t\t\t\t\t\t\t\t\t\t\t\t\t\t<\/ul>\n\t\t\t\t\t\t\t\t\t<\/li>\n\t\t\t\t\t\t\t\t\t\t\t\t\t\t\t\t<!-- .\/Orientations within program -->\n\n\t\t\t\t\t\t\t\t\t\t\t\t\t<\/ul>\n\n\t\t\t\t\t\t<div class=\"c-card__icon c-card__icon--nl\">\n\t\t\t\t\t\t\t\t\t\t\t\t\t\t<svg class=\"ams-icon ams-icon--arrow-right\" width=\"32\" height=\"32\" viewbox=\"0 0 32 32\" fill=\"currentColor\" aria-hidden=\"true\" xmlns=\"http:\/\/www.w3.org\/2000\/svg\">\n\t\t\t\t\t\t\t\t\t\t\t\t\t\t\t\t<path d=\"M15.4617 0.252159L14.9567 0.75931C14.6219 1.09545 14.6219 1.64048 14.9567 1.97669L27.7062 14.7806H0.857144C0.383786 14.7806 0 15.166 0 15.6414V16.3587C0 16.8341 0.383786 17.2195 0.857144 17.2195H27.7062L14.9567 30.0234C14.6219 30.3595 14.6219 30.9045 14.9567 31.2407L15.4617 31.7479C15.7964 32.084 16.3392 32.084 16.6739 31.7479L31.749 16.6087C32.0837 16.2725 32.0837 15.7275 31.749 15.3913L16.6739 0.252159C16.3392 -0.084053 15.7964 -0.084053 15.4617 0.252159Z\"\/>\n\t\t\t\t\t\t\t\n\t\t\t\t\t\t\t<\/svg>\n\t\t\t\t\t\t<\/div>\n\t\t\t\t\t\t\t\t\t<\/div>\n\t\t\t\t<div class=\"c-card__media \" style=\" \">\n\t\t\t\t\t<img decoding=\"async\" width=\"400\" height=\"267\" src=\"https:\/\/sjolinsgymnasium.se\/wp-content\/uploads\/sites\/7\/2023\/07\/sjolins-samhalle-202303-1-400x267.jpg\" class=\"attachment-sm size-sm wp-post-image\" alt=\"L\u00e4rare undervisar om case\" sizes=\"(min-width: 64em) 300px, (min-width: 48em) calc(.50 * (100vw - 240px)), calc(100vw - 160px)\" srcset=\"https:\/\/sjolinsgymnasium.se\/wp-content\/uploads\/sites\/7\/2023\/07\/sjolins-samhalle-202303-1-400x267.jpg 400w, https:\/\/sjolinsgymnasium.se\/wp-content\/uploads\/sites\/7\/2023\/07\/sjolins-samhalle-202303-1-300x200.jpg 300w, https:\/\/sjolinsgymnasium.se\/wp-content\/uploads\/sites\/7\/2023\/07\/sjolins-samhalle-202303-1-600x400.jpg 600w, https:\/\/sjolinsgymnasium.se\/wp-content\/uploads\/sites\/7\/2023\/07\/sjolins-samhalle-202303-1-800x533.jpg 800w, https:\/\/sjolinsgymnasium.se\/wp-content\/uploads\/sites\/7\/2023\/07\/sjolins-samhalle-202303-1-1024x683.jpg 1024w, https:\/\/sjolinsgymnasium.se\/wp-content\/uploads\/sites\/7\/2023\/07\/sjolins-samhalle-202303-1-1200x800.jpg 1200w, https:\/\/sjolinsgymnasium.se\/wp-content\/uploads\/sites\/7\/2023\/07\/sjolins-samhalle-202303-1.jpg 2048w\" \/>\n\t\t\t\t<\/div>\n\t\t\t<\/article>\n\t\t<\/li>\n\t<\/ul>\n\t\n\n\t\t\t<\/div>\n\n\t\t\n\n<\/section>\n","protected":false},"excerpt":{"rendered":"","protected":false},"author":1,"featured_media":0,"parent":0,"menu_order":0,"comment_status":"closed","ping_status":"closed","template":"","meta":{"footnotes":""},"yoast_head":"<!-- This site is optimized with the Yoast SEO plugin v22.0 - https:\/\/yoast.com\/wordpress\/plugins\/seo\/ -->\n<title>V\u00e5ra gymnasieprogram - Sj\u00f6lins Gymnasium Vasastan<\/title>\n<meta name=\"description\" content=\"Alla gymnasieprogram p\u00e5 Sj\u00f6lins Vasastan \u00e4r h\u00f6gskolef\u00f6rberedande och d\u00e4rf\u00f6r \u00e4mnade f\u00f6r dig som vill studera vidare efter gymnasiet.\" \/>\n<meta name=\"robots\" content=\"index, follow, max-snippet:-1, max-image-preview:large, max-video-preview:-1\" \/>\n<link rel=\"canonical\" href=\"https:\/\/sjolinsgymnasium.se\/vasastan\/gymnasieprogram\/\" \/>\n<meta property=\"og:locale\" content=\"sv_SE\" \/>\n<meta property=\"og:type\" content=\"article\" \/>\n<meta property=\"og:title\" content=\"V\u00e5ra gymnasieprogram - Sj\u00f6lins Gymnasium Vasastan\" \/>\n<meta property=\"og:description\" content=\"Alla gymnasieprogram p\u00e5 Sj\u00f6lins Vasastan \u00e4r h\u00f6gskolef\u00f6rberedande och d\u00e4rf\u00f6r \u00e4mnade f\u00f6r dig som vill studera vidare efter gymnasiet.\" \/>\n<meta property=\"og:url\" content=\"https:\/\/sjolinsgymnasium.se\/vasastan\/gymnasieprogram\/\" \/>\n<meta property=\"og:site_name\" content=\"Vasastan\" \/>\n<meta property=\"article:modified_time\" content=\"2024-01-19T12:33:13+00:00\" \/>\n<meta name=\"twitter:card\" content=\"summary_large_image\" \/>\n<meta name=\"twitter:title\" content=\"V\u00e5ra gymnasieprogram - Sj\u00f6lins Gymnasium Vasastan\" \/>\n<meta name=\"twitter:description\" content=\"Alla gymnasieprogram p\u00e5 Sj\u00f6lins Vasastan \u00e4r h\u00f6gskolef\u00f6rberedande och d\u00e4rf\u00f6r \u00e4mnade f\u00f6r dig som vill studera vidare efter gymnasiet.\" \/>\n<script type=\"application\/ld+json\" class=\"yoast-schema-graph\">{\"@context\":\"https:\/\/schema.org\",\"@graph\":[{\"@type\":\"WebPage\",\"@id\":\"https:\/\/sjolinsgymnasium.se\/vasastan\/gymnasieprogram\/\",\"url\":\"https:\/\/sjolinsgymnasium.se\/vasastan\/gymnasieprogram\/\",\"name\":\"V\u00e5ra gymnasieprogram - Sj\u00f6lins Gymnasium Vasastan\",\"isPartOf\":{\"@id\":\"https:\/\/sjolinsgymnasium.se\/vasastan\/#website\"},\"datePublished\":\"2023-02-14T12:43:32+00:00\",\"dateModified\":\"2024-01-19T12:33:13+00:00\",\"description\":\"Alla gymnasieprogram p\u00e5 Sj\u00f6lins Vasastan \u00e4r h\u00f6gskolef\u00f6rberedande och d\u00e4rf\u00f6r \u00e4mnade f\u00f6r dig som vill studera vidare efter gymnasiet.\",\"breadcrumb\":{\"@id\":\"https:\/\/sjolinsgymnasium.se\/vasastan\/gymnasieprogram\/#breadcrumb\"},\"inLanguage\":\"sv-SE\",\"potentialAction\":[{\"@type\":\"ReadAction\",\"target\":[\"https:\/\/sjolinsgymnasium.se\/vasastan\/gymnasieprogram\/\"]}]},{\"@type\":\"BreadcrumbList\",\"@id\":\"https:\/\/sjolinsgymnasium.se\/vasastan\/gymnasieprogram\/#breadcrumb\",\"itemListElement\":[{\"@type\":\"ListItem\",\"position\":1,\"name\":\"Start\",\"item\":\"https:\/\/sjolinsgymnasium.se\/vasastan\/\"},{\"@type\":\"ListItem\",\"position\":2,\"name\":\"V\u00e5ra gymnasieprogram\"}]},{\"@type\":\"WebSite\",\"@id\":\"https:\/\/sjolinsgymnasium.se\/vasastan\/#website\",\"url\":\"https:\/\/sjolinsgymnasium.se\/vasastan\/\",\"name\":\"Vasastan\",\"description\":\"Just another WordPress site\",\"potentialAction\":[{\"@type\":\"SearchAction\",\"target\":{\"@type\":\"EntryPoint\",\"urlTemplate\":\"https:\/\/sjolinsgymnasium.se\/vasastan\/?s={search_term_string}\"},\"query-input\":\"required name=search_term_string\"}],\"inLanguage\":\"sv-SE\"}]}<\/script>\n<!-- \/ Yoast SEO plugin. -->","yoast_head_json":{"title":"V\u00e5ra gymnasieprogram - Sj\u00f6lins Gymnasium Vasastan","description":"Alla gymnasieprogram p\u00e5 Sj\u00f6lins Vasastan \u00e4r h\u00f6gskolef\u00f6rberedande och d\u00e4rf\u00f6r \u00e4mnade f\u00f6r dig som vill studera vidare efter gymnasiet.","robots":{"index":"index","follow":"follow","max-snippet":"max-snippet:-1","max-image-preview":"max-image-preview:large","max-video-preview":"max-video-preview:-1"},"canonical":"https:\/\/sjolinsgymnasium.se\/vasastan\/gymnasieprogram\/","og_locale":"sv_SE","og_type":"article","og_title":"V\u00e5ra gymnasieprogram - Sj\u00f6lins Gymnasium Vasastan","og_description":"Alla gymnasieprogram p\u00e5 Sj\u00f6lins Vasastan \u00e4r h\u00f6gskolef\u00f6rberedande och d\u00e4rf\u00f6r \u00e4mnade f\u00f6r dig som vill studera vidare efter gymnasiet.","og_url":"https:\/\/sjolinsgymnasium.se\/vasastan\/gymnasieprogram\/","og_site_name":"Vasastan","article_modified_time":"2024-01-19T12:33:13+00:00","twitter_card":"summary_large_image","twitter_title":"V\u00e5ra gymnasieprogram - Sj\u00f6lins Gymnasium Vasastan","twitter_description":"Alla gymnasieprogram p\u00e5 Sj\u00f6lins Vasastan \u00e4r h\u00f6gskolef\u00f6rberedande och d\u00e4rf\u00f6r \u00e4mnade f\u00f6r dig som vill studera vidare efter gymnasiet.","schema":{"@context":"https:\/\/schema.org","@graph":[{"@type":"WebPage","@id":"https:\/\/sjolinsgymnasium.se\/vasastan\/gymnasieprogram\/","url":"https:\/\/sjolinsgymnasium.se\/vasastan\/gymnasieprogram\/","name":"V\u00e5ra gymnasieprogram - Sj\u00f6lins Gymnasium Vasastan","isPartOf":{"@id":"https:\/\/sjolinsgymnasium.se\/vasastan\/#website"},"datePublished":"2023-02-14T12:43:32+00:00","dateModified":"2024-01-19T12:33:13+00:00","description":"Alla gymnasieprogram p\u00e5 Sj\u00f6lins Vasastan \u00e4r h\u00f6gskolef\u00f6rberedande och d\u00e4rf\u00f6r \u00e4mnade f\u00f6r dig som vill studera vidare efter gymnasiet.","breadcrumb":{"@id":"https:\/\/sjolinsgymnasium.se\/vasastan\/gymnasieprogram\/#breadcrumb"},"inLanguage":"sv-SE","potentialAction":[{"@type":"ReadAction","target":["https:\/\/sjolinsgymnasium.se\/vasastan\/gymnasieprogram\/"]}]},{"@type":"BreadcrumbList","@id":"https:\/\/sjolinsgymnasium.se\/vasastan\/gymnasieprogram\/#breadcrumb","itemListElement":[{"@type":"ListItem","position":1,"name":"Start","item":"https:\/\/sjolinsgymnasium.se\/vasastan\/"},{"@type":"ListItem","position":2,"name":"V\u00e5ra gymnasieprogram"}]},{"@type":"WebSite","@id":"https:\/\/sjolinsgymnasium.se\/vasastan\/#website","url":"https:\/\/sjolinsgymnasium.se\/vasastan\/","name":"Vasastan","description":"Just another WordPress site","potentialAction":[{"@type":"SearchAction","target":{"@type":"EntryPoint","urlTemplate":"https:\/\/sjolinsgymnasium.se\/vasastan\/?s={search_term_string}"},"query-input":"required name=search_term_string"}],"inLanguage":"sv-SE"}]}},"_links":{"self":[{"href":"https:\/\/sjolinsgymnasium.se\/vasastan\/wp-json\/wp\/v2\/pages\/263"}],"collection":[{"href":"https:\/\/sjolinsgymnasium.se\/vasastan\/wp-json\/wp\/v2\/pages"}],"about":[{"href":"https:\/\/sjolinsgymnasium.se\/vasastan\/wp-json\/wp\/v2\/types\/page"}],"author":[{"embeddable":true,"href":"https:\/\/sjolinsgymnasium.se\/vasastan\/wp-json\/wp\/v2\/users\/1"}],"replies":[{"embeddable":true,"href":"https:\/\/sjolinsgymnasium.se\/vasastan\/wp-json\/wp\/v2\/comments?post=263"}],"version-history":[{"count":10,"href":"https:\/\/sjolinsgymnasium.se\/vasastan\/wp-json\/wp\/v2\/pages\/263\/revisions"}],"predecessor-version":[{"id":2769,"href":"https:\/\/sjolinsgymnasium.se\/vasastan\/wp-json\/wp\/v2\/pages\/263\/revisions\/2769"}],"wp:attachment":[{"href":"https:\/\/sjolinsgymnasium.se\/vasastan\/wp-json\/wp\/v2\/media?parent=263"}],"curies":[{"name":"wp","href":"https:\/\/api.w.org\/{rel}","templated":true}]}}