{"id":200,"date":"2023-02-14T13:19:37","date_gmt":"2023-02-14T12:19:37","guid":{"rendered":"https:\/\/sjolinsgymnasium.se\/vasastan\/?page_id=200"},"modified":"2024-08-21T09:43:55","modified_gmt":"2024-08-21T07:43:55","slug":"byta-till-sjolins-vasastan","status":"publish","type":"page","link":"https:\/\/sjolinsgymnasium.se\/vasastan\/byta-till-sjolins-vasastan\/","title":{"rendered":"Byta till Sj\u00f6lins Vasastan"},"content":{"rendered":"\n\t\n\t\n\t\n\n\t\n\t\n\t\t\n<section  class=\"c-block l-stacked  \" data-color-scheme=\"beige\">\n\t<div class=\"ams-fifty ams-fifty--container ams-fifty--left ams-fifty--top l-container u-pt-fluid-3xl-6xl u-pb-fluid-3xl-6xl\">\n\t\t<div class=\"ams-fifty__content l-stack l-stack-xl is-left is-left@lg\">\n\t\t\t<div class=\"ams-fifty__text l-stack l-stack-lg\">\n\t\t\t\t\t\n\t<h1\n\tclass=\"c-heading u-font-title-1 \"\n\tstyle=\"\">\n\t\t\n\t\t\t\t\tByta till Sj\u00f6lins Vasastan\n\t\t\t\t\n\t<\/h1>\n\n\t\t\t\t\t\t\t\t\t<div class=\"text l-stack u-font-body\">\n\t\t\t\t\t\t<p><span data-sheets-value=\"{&quot;1&quot;:2,&quot;2&quot;:&quot;G\u00e5r du redan p\u00e5 gymnasiet men skulle vilja byta till Sj\u00f6lins Gymnasium Vasastan?\\n\\nVad roligt att du \u00e4r intresserad av v\u00e5r skola! Vi tar emot elever i den m\u00e5n att det finns plats p\u00e5 skolan och att det g\u00e5r att g\u00f6ra ett byte beroende p\u00e5 vilket program och inriktning du l\u00e4ser idag. Vi vill s\u00e5klart hj\u00e4lpa dig men kan inte garantera en plats eller att bytet \u00e4r m\u00f6jligt.\\n\\nFyll i en anm\u00e4lan i formul\u00e4ret p\u00e5 denna sidan om du \u00e4r intresserad av ett byte s\u00e5 kontaktar vi dig med mer information.\\n\\nOm du har fr\u00e5gor kontaktar du v\u00e5r SYV: Vasastan.syv@sjolinsgymnasium.se&quot;}\" data-sheets-userformat=\"{&quot;2&quot;:1053601,&quot;3&quot;:{&quot;1&quot;:0},&quot;8&quot;:{&quot;1&quot;:[{&quot;1&quot;:2,&quot;2&quot;:0,&quot;5&quot;:{&quot;1&quot;:2,&quot;2&quot;:0}},{&quot;1&quot;:0,&quot;2&quot;:0,&quot;3&quot;:3},{&quot;1&quot;:1,&quot;2&quot;:0,&quot;4&quot;:1}]},&quot;10&quot;:0,&quot;11&quot;:4,&quot;12&quot;:0,&quot;15&quot;:&quot;Roboto&quot;,&quot;23&quot;:1}\">G\u00e5r du redan p\u00e5 gymnasiet men skulle vilja byta till Sj\u00f6lins Gymnasium Vasastan?<\/span><\/p>\n<p>Vi tar emot elever i den m\u00e5n det finns plats p\u00e5 skolan och att det g\u00e5r att g\u00f6ra ett byte beroende p\u00e5 vilket program och inriktning du l\u00e4ser idag. Vi vill s\u00e5klart hj\u00e4lpa dig men kan inte garantera en plats eller att bytet \u00e4r m\u00f6jligt.<\/p>\n<p>G\u00f6r en anm\u00e4lan f\u00f6r byte till oss genom att klicka p\u00e5 knappen <em>&#8221;L\u00e4mna ditt intresse nu&#8221; <\/em>nedan.<\/p>\n<p>Om du har n\u00e5gra fr\u00e5gor kan du kontakta v\u00e5r SYV: <a href=\"mailto:Vasastan.syv@sjolinsgymnasium.se\">Vasastan.syv@sjolinsgymnasium.se<\/a><\/p>\n\n\t\t\t\t\t<\/div>\n\t\t\t\t\t\t\t<\/div>\n\n\t\t\t\t<div class=\"ams-fifty__action u-inline-items\">\n\t\t\t\t\t\t\t\n\n\n<a href=\"https:\/\/forms.gle\/YfDf8fVscWXzT6F96\"\n\t\n\tclass=\"c-btn \"\n\tdata-style=\"round\"\n\tdata-size=\"md\"\n\tdata-width=\"full-mobile\"\n\tdata-variant=\"default\"\n\ttarget=\"_blank\">\n\t\t\t<span class=\"label\"> L\u00e4mna ditt intresse nu<\/span>\n\t\t\t<\/a>\n\t\t\t<\/div>\n\t\t<\/div>\n\n\t\t <div class=\"ams-fifty__media u-ratio-square\">\n\t\t \t\t\t\t\t<img decoding=\"async\" width=\"600\" height=\"400\" src=\"https:\/\/sjolinsgymnasium.se\/wp-content\/uploads\/sites\/7\/2023\/07\/kopia-av-gfkt2951-scaled-600x400.jpg\" class=\"attachment-md size-md\" alt=\"Tv\u00e5 elever utanf\u00f6r Campus Vasastan\" sizes=\"(min-width: 64em) 600px, calc(100vw - 160px)\" srcset=\"https:\/\/sjolinsgymnasium.se\/wp-content\/uploads\/sites\/7\/2023\/07\/kopia-av-gfkt2951-scaled-600x400.jpg 600w, https:\/\/sjolinsgymnasium.se\/wp-content\/uploads\/sites\/7\/2023\/07\/kopia-av-gfkt2951-scaled-300x200.jpg 300w, https:\/\/sjolinsgymnasium.se\/wp-content\/uploads\/sites\/7\/2023\/07\/kopia-av-gfkt2951-scaled-400x267.jpg 400w, https:\/\/sjolinsgymnasium.se\/wp-content\/uploads\/sites\/7\/2023\/07\/kopia-av-gfkt2951-scaled-800x533.jpg 800w, https:\/\/sjolinsgymnasium.se\/wp-content\/uploads\/sites\/7\/2023\/07\/kopia-av-gfkt2951-scaled-1024x683.jpg 1024w, https:\/\/sjolinsgymnasium.se\/wp-content\/uploads\/sites\/7\/2023\/07\/kopia-av-gfkt2951-scaled-1200x800.jpg 1200w\" \/>\n\t\t\t\n\t\t\t\n\t\t\t\t\t<\/div>\n\t<\/div>\n\n\t\t\n\t\t\t\n\t\t\t\t\t\t\t\n\t\t\t\t<div class=\"c-bg c-bg--img\" data-settings=\"{&quot;desktop_settings&quot;:{&quot;size&quot;:&quot;contain&quot;,&quot;position&quot;:&quot;bottom-right&quot;},&quot;mobile_settings&quot;:{&quot;size&quot;:&quot;contain&quot;,&quot;position&quot;:&quot;bottom-right&quot;}}\" data-position=\"middle-center\" data-size=\"cover\">\n\t\t\t<picture><source media=\"(min-width: 48em)\" srcset=\"https:\/\/sjolinsgymnasium.se\/wp-content\/uploads\/sites\/7\/2023\/06\/sjofjaderhoger5desktoprgbgron.svg\" sizes=\"\" \/><source srcset=\"https:\/\/sjolinsgymnasium.se\/wp-content\/uploads\/sites\/7\/2023\/06\/sjofjaderhoger5mobilergbgron.svg\" sizes=\"\" \/><img decoding=\"async\" src=\"https:\/\/sjolinsgymnasium.se\/wp-content\/uploads\/sites\/7\/2023\/06\/sjofjaderhoger5desktoprgbgron.svg\" class=\"attachment-hero-lg size-hero-lg\" alt=\"\" sizes=\"\" height=\"467.3\" width=\"199.3\" \/><\/picture>\n\t\t<\/div>\n\t\n<\/section>\n\n\n\n\t<div class=\"module_wrapper ams_remote_pages_module \">\n\t\t\n\n<section  class=\"ams-cta ams-cta--stacked c-block l-stacked\" data-color-scheme=\"vit\">\n\t<div class=\"l-container-narrow l-stack l-stack-fluid-2xl u-pt-fluid-3xl-6xl u-pb-fluid-3xl-6xl is-center is-center@md\">\n\t\t\t\t\t<div class=\"ams-cta__intro l-stack l-stack-lg\">\n\t\t\t\t\t\n\t<h2\n\tclass=\"c-heading u-font-title-1 \"\n\tstyle=\"\">\n\t\t\n\t\t\t\t\tV\u00e5ra gymnasieprogram\n\t\t\t\t\n\t<\/h2>\n\n\t\t\t\t\t\t\t\t\t<div class=\"c-text l-stack u-cs-xl u-font-body\">\n\t\t\t\t\t\t<p><span data-sheets-value=\"{&quot;1&quot;:2,&quot;2&quot;:&quot;Alla v\u00e5ra gymnasieprogram p\u00e5 Sj\u00f6lins \u00e4r h\u00f6gskolef\u00f6rberedande och ger dig en tydlig koppling till samh\u00e4llet genom case-arbete.\\n\\n\\n&quot;}\" data-sheets-userformat=\"{&quot;2&quot;:5025,&quot;3&quot;:{&quot;1&quot;:0},&quot;8&quot;:{&quot;1&quot;:[{&quot;1&quot;:2,&quot;2&quot;:0,&quot;5&quot;:{&quot;1&quot;:2,&quot;2&quot;:0}},{&quot;1&quot;:0,&quot;2&quot;:0,&quot;3&quot;:3},{&quot;1&quot;:1,&quot;2&quot;:0,&quot;4&quot;:1}]},&quot;10&quot;:0,&quot;11&quot;:4,&quot;12&quot;:0,&quot;15&quot;:&quot;Roboto&quot;}\">Alla v\u00e5ra gymnasieprogram p\u00e5 Sj\u00f6lins \u00e4r h\u00f6gskolef\u00f6rberedande och ger dig en tydlig koppling till samh\u00e4llet genom case-arbete.<br \/>\n<\/span><\/p>\n\n\t\t\t\t\t<\/div>\n\t\t\t\t\t\t\t<\/div>\n\t\t\n\t\t\n\t\t\t<div class=\"ams-cta__action u-inline-items\">\n\t\t\t\t\t\t\t\n\n\n<a href=\"https:\/\/sjolinsgymnasium.se\/vasastan\/gymnasieprogram\/\"\n\t\n\tclass=\"c-btn \"\n\tdata-style=\"round\"\n\tdata-size=\"md\"\n\tdata-width=\"full-mobile\"\n\tdata-variant=\"default\"\n\ttarget=\"_self\">\n\t\t\t<span class=\"label\"> Till v\u00e5ra program<\/span>\n\t\t\t<\/a>\n\t\t\t<\/div>\n\t<\/div>\n\n\t\t\n\t\t\t\n\t\t\t\t\t\t\t\n\t\t\t\t<div class=\"c-bg c-bg--img\" data-settings=\"{&quot;desktop_settings&quot;:{&quot;size&quot;:&quot;cover&quot;,&quot;position&quot;:&quot;middle-center&quot;},&quot;mobile_settings&quot;:{&quot;size&quot;:&quot;cover&quot;,&quot;position&quot;:&quot;middle-center&quot;}}\" data-position=\"middle-center\" data-size=\"cover\">\n\t\t\t\n\t\t<\/div>\n\t\n<\/section>\n\t<\/div>\n\n\t","protected":false},"excerpt":{"rendered":"","protected":false},"author":1,"featured_media":0,"parent":0,"menu_order":0,"comment_status":"closed","ping_status":"closed","template":"","meta":{"footnotes":""},"yoast_head":"<!-- This site is optimized with the Yoast SEO plugin v22.0 - https:\/\/yoast.com\/wordpress\/plugins\/seo\/ -->\n<title>Byta till Sj\u00f6lins Vasastan - Sj\u00f6lins Gymnasium Vasastan<\/title>\n<meta name=\"description\" content=\"Fyll i en anm\u00e4lan i formul\u00e4ret p\u00e5 denna sidan om du \u00e4r intresserad av ett byte s\u00e5 kontaktar vi dig med mer information.\" \/>\n<meta name=\"robots\" content=\"index, follow, max-snippet:-1, max-image-preview:large, max-video-preview:-1\" \/>\n<link rel=\"canonical\" href=\"https:\/\/sjolinsgymnasium.se\/vasastan\/byta-till-sjolins-vasastan\/\" \/>\n<meta property=\"og:locale\" content=\"sv_SE\" \/>\n<meta property=\"og:type\" content=\"article\" \/>\n<meta property=\"og:title\" content=\"Byta till Sj\u00f6lins Vasastan - Sj\u00f6lins Gymnasium Vasastan\" \/>\n<meta property=\"og:description\" content=\"Fyll i en anm\u00e4lan i formul\u00e4ret p\u00e5 denna sidan om du \u00e4r intresserad av ett byte s\u00e5 kontaktar vi dig med mer information.\" \/>\n<meta property=\"og:url\" content=\"https:\/\/sjolinsgymnasium.se\/vasastan\/byta-till-sjolins-vasastan\/\" \/>\n<meta property=\"og:site_name\" content=\"Vasastan\" \/>\n<meta property=\"article:modified_time\" content=\"2024-08-21T07:43:55+00:00\" \/>\n<meta name=\"twitter:card\" content=\"summary_large_image\" \/>\n<meta name=\"twitter:title\" content=\"Byta till Sj\u00f6lins Vasastan - Sj\u00f6lins Gymnasium Vasastan\" \/>\n<meta name=\"twitter:description\" content=\"Fyll i en anm\u00e4lan i formul\u00e4ret p\u00e5 denna sidan om du \u00e4r intresserad av ett byte s\u00e5 kontaktar vi dig med mer information.\" \/>\n<meta name=\"twitter:label1\" content=\"Est. reading time\" \/>\n\t<meta name=\"twitter:data1\" content=\"2 minuter\" \/>\n<script type=\"application\/ld+json\" class=\"yoast-schema-graph\">{\"@context\":\"https:\/\/schema.org\",\"@graph\":[{\"@type\":\"WebPage\",\"@id\":\"https:\/\/sjolinsgymnasium.se\/vasastan\/byta-till-sjolins-vasastan\/\",\"url\":\"https:\/\/sjolinsgymnasium.se\/vasastan\/byta-till-sjolins-vasastan\/\",\"name\":\"Byta till Sj\u00f6lins Vasastan - Sj\u00f6lins Gymnasium Vasastan\",\"isPartOf\":{\"@id\":\"https:\/\/sjolinsgymnasium.se\/vasastan\/#website\"},\"datePublished\":\"2023-02-14T12:19:37+00:00\",\"dateModified\":\"2024-08-21T07:43:55+00:00\",\"description\":\"Fyll i en anm\u00e4lan i formul\u00e4ret p\u00e5 denna sidan om du \u00e4r intresserad av ett byte s\u00e5 kontaktar vi dig med mer information.\",\"breadcrumb\":{\"@id\":\"https:\/\/sjolinsgymnasium.se\/vasastan\/byta-till-sjolins-vasastan\/#breadcrumb\"},\"inLanguage\":\"sv-SE\",\"potentialAction\":[{\"@type\":\"ReadAction\",\"target\":[\"https:\/\/sjolinsgymnasium.se\/vasastan\/byta-till-sjolins-vasastan\/\"]}]},{\"@type\":\"BreadcrumbList\",\"@id\":\"https:\/\/sjolinsgymnasium.se\/vasastan\/byta-till-sjolins-vasastan\/#breadcrumb\",\"itemListElement\":[{\"@type\":\"ListItem\",\"position\":1,\"name\":\"Start\",\"item\":\"https:\/\/sjolinsgymnasium.se\/vasastan\/\"},{\"@type\":\"ListItem\",\"position\":2,\"name\":\"Byta till Sj\u00f6lins Vasastan\"}]},{\"@type\":\"WebSite\",\"@id\":\"https:\/\/sjolinsgymnasium.se\/vasastan\/#website\",\"url\":\"https:\/\/sjolinsgymnasium.se\/vasastan\/\",\"name\":\"Vasastan\",\"description\":\"Just another WordPress site\",\"potentialAction\":[{\"@type\":\"SearchAction\",\"target\":{\"@type\":\"EntryPoint\",\"urlTemplate\":\"https:\/\/sjolinsgymnasium.se\/vasastan\/?s={search_term_string}\"},\"query-input\":\"required name=search_term_string\"}],\"inLanguage\":\"sv-SE\"}]}<\/script>\n<!-- \/ Yoast SEO plugin. -->","yoast_head_json":{"title":"Byta till Sj\u00f6lins Vasastan - Sj\u00f6lins Gymnasium Vasastan","description":"Fyll i en anm\u00e4lan i formul\u00e4ret p\u00e5 denna sidan om du \u00e4r intresserad av ett byte s\u00e5 kontaktar vi dig med mer information.","robots":{"index":"index","follow":"follow","max-snippet":"max-snippet:-1","max-image-preview":"max-image-preview:large","max-video-preview":"max-video-preview:-1"},"canonical":"https:\/\/sjolinsgymnasium.se\/vasastan\/byta-till-sjolins-vasastan\/","og_locale":"sv_SE","og_type":"article","og_title":"Byta till Sj\u00f6lins Vasastan - Sj\u00f6lins Gymnasium Vasastan","og_description":"Fyll i en anm\u00e4lan i formul\u00e4ret p\u00e5 denna sidan om du \u00e4r intresserad av ett byte s\u00e5 kontaktar vi dig med mer information.","og_url":"https:\/\/sjolinsgymnasium.se\/vasastan\/byta-till-sjolins-vasastan\/","og_site_name":"Vasastan","article_modified_time":"2024-08-21T07:43:55+00:00","twitter_card":"summary_large_image","twitter_title":"Byta till Sj\u00f6lins Vasastan - Sj\u00f6lins Gymnasium Vasastan","twitter_description":"Fyll i en anm\u00e4lan i formul\u00e4ret p\u00e5 denna sidan om du \u00e4r intresserad av ett byte s\u00e5 kontaktar vi dig med mer information.","twitter_misc":{"Est. reading time":"2 minuter"},"schema":{"@context":"https:\/\/schema.org","@graph":[{"@type":"WebPage","@id":"https:\/\/sjolinsgymnasium.se\/vasastan\/byta-till-sjolins-vasastan\/","url":"https:\/\/sjolinsgymnasium.se\/vasastan\/byta-till-sjolins-vasastan\/","name":"Byta till Sj\u00f6lins Vasastan - Sj\u00f6lins Gymnasium Vasastan","isPartOf":{"@id":"https:\/\/sjolinsgymnasium.se\/vasastan\/#website"},"datePublished":"2023-02-14T12:19:37+00:00","dateModified":"2024-08-21T07:43:55+00:00","description":"Fyll i en anm\u00e4lan i formul\u00e4ret p\u00e5 denna sidan om du \u00e4r intresserad av ett byte s\u00e5 kontaktar vi dig med mer information.","breadcrumb":{"@id":"https:\/\/sjolinsgymnasium.se\/vasastan\/byta-till-sjolins-vasastan\/#breadcrumb"},"inLanguage":"sv-SE","potentialAction":[{"@type":"ReadAction","target":["https:\/\/sjolinsgymnasium.se\/vasastan\/byta-till-sjolins-vasastan\/"]}]},{"@type":"BreadcrumbList","@id":"https:\/\/sjolinsgymnasium.se\/vasastan\/byta-till-sjolins-vasastan\/#breadcrumb","itemListElement":[{"@type":"ListItem","position":1,"name":"Start","item":"https:\/\/sjolinsgymnasium.se\/vasastan\/"},{"@type":"ListItem","position":2,"name":"Byta till Sj\u00f6lins Vasastan"}]},{"@type":"WebSite","@id":"https:\/\/sjolinsgymnasium.se\/vasastan\/#website","url":"https:\/\/sjolinsgymnasium.se\/vasastan\/","name":"Vasastan","description":"Just another WordPress site","potentialAction":[{"@type":"SearchAction","target":{"@type":"EntryPoint","urlTemplate":"https:\/\/sjolinsgymnasium.se\/vasastan\/?s={search_term_string}"},"query-input":"required name=search_term_string"}],"inLanguage":"sv-SE"}]}},"_links":{"self":[{"href":"https:\/\/sjolinsgymnasium.se\/vasastan\/wp-json\/wp\/v2\/pages\/200"}],"collection":[{"href":"https:\/\/sjolinsgymnasium.se\/vasastan\/wp-json\/wp\/v2\/pages"}],"about":[{"href":"https:\/\/sjolinsgymnasium.se\/vasastan\/wp-json\/wp\/v2\/types\/page"}],"author":[{"embeddable":true,"href":"https:\/\/sjolinsgymnasium.se\/vasastan\/wp-json\/wp\/v2\/users\/1"}],"replies":[{"embeddable":true,"href":"https:\/\/sjolinsgymnasium.se\/vasastan\/wp-json\/wp\/v2\/comments?post=200"}],"version-history":[{"count":10,"href":"https:\/\/sjolinsgymnasium.se\/vasastan\/wp-json\/wp\/v2\/pages\/200\/revisions"}],"predecessor-version":[{"id":2959,"href":"https:\/\/sjolinsgymnasium.se\/vasastan\/wp-json\/wp\/v2\/pages\/200\/revisions\/2959"}],"wp:attachment":[{"href":"https:\/\/sjolinsgymnasium.se\/vasastan\/wp-json\/wp\/v2\/media?parent=200"}],"curies":[{"name":"wp","href":"https:\/\/api.w.org\/{rel}","templated":true}]}}