{"id":536,"date":"2023-03-10T09:58:32","date_gmt":"2023-03-10T08:58:32","guid":{"rendered":"https:\/\/sjolinsgymnasium.se\/sodermalm\/?page_id=536"},"modified":"2026-04-02T10:49:48","modified_gmt":"2026-04-02T08:49:48","slug":"prova-pa-dag","status":"publish","type":"page","link":"https:\/\/sjolinsgymnasium.se\/sodermalm\/prova-pa-dag\/","title":{"rendered":"Prova-p\u00e5-dag"},"content":{"rendered":"\n\n<section  class=\"ams-cta ams-cta--stacked c-block l-stacked\" data-color-scheme=\"beige\">\n\t<div class=\"l-container l-stack l-stack-fluid-2xl u-pt-fluid-2xl-4xl u-pb-fluid-2xl-4xl is-center is-center@md\">\n\t\t\t\t\t<div class=\"ams-cta__intro l-stack l-stack-lg\">\n\t\t\t\t\t\n\t<h1\n\tclass=\"c-heading u-font-title-1 \"\n\tstyle=\"\">\n\t\t\n\t\t\t\t\tProva-p\u00e5-dag p\u00e5 Sj\u00f6lins S\u00f6dermalm\n\t\t\t\t\n\t<\/h1>\n\n\t\t\t\t\t\t\t\t\t<div class=\"c-text l-stack u-cs-xl u-font-body\">\n\t\t\t\t\t\t<p>Vad kul att du \u00e4r intresserad av en Prova-p\u00e5-dag p\u00e5 Sj\u00f6lins S\u00f6dermalm. Genom att bes\u00f6ka skolan och delta p\u00e5 lektioner m\u00e4rker du om vi \u00e4r r\u00e4tt skola f\u00f6r dig!<\/p>\n\n\t\t\t\t\t<\/div>\n\t\t\t\t\t\t\t<\/div>\n\t\t\n\t\t\n\t\t\t<\/div>\n\n\t\t\n\n<\/section>\n\n\n\n<div class=\"wp-block-columns is-layout-flex wp-container-core-columns-layout-1 wp-block-columns-is-layout-flex\">\n<div class=\"wp-block-column is-layout-flow wp-block-column-is-layout-flow\">\n<h2 class=\"wp-block-heading\">Prova-p\u00e5-dag<\/h2>\n\n\n\n<p>Vad kul att du \u00e4r intresserad av en Prova-p\u00e5-dag. Genom att bes\u00f6ka skolan och delta p\u00e5 lektioner kommer ditt gymnasieval bli lite enklare.<\/p>\n\n\n\n<p><strong>Prova-p\u00e5-dagarna \u00e4r \u00f6ver f\u00f6r denna termin.<\/strong> H\u00e5ll utkik p\u00e5 denna sida h\u00f6stterminen 2026 f\u00f6r nya datum. Tills dess \u00e4r du alltid v\u00e4lkommen p\u00e5 <a href=\"https:\/\/sjolinsgymnasium.se\/sodermalm\/oppet-hus\/\">\u00d6ppet hus<\/a> eller <a href=\"https:\/\/sjolinsgymnasium.se\/sodermalm\/kontakt\/\">kontakta oss<\/a> om du har n\u00e5gra fr\u00e5gor.<\/p>\n\n\n\n<p><strong>Under ditt bes\u00f6k f\u00e5r du: <\/strong><\/p>\n\n\n\n<ul>\n<li>G\u00e5 p\u00e5 lektioner fr\u00e5n det programmet du \u00e4r intresserad av<\/li>\n\n\n\n<li>Tr\u00e4ffa elever och l\u00e4rare fr\u00e5n skolan<\/li>\n\n\n\n<li>Se hur l\u00e4rarna arbetar med eleverna<\/li>\n\n\n\n<li>\u00c4ta lunch i v\u00e5r matsal<\/li>\n<\/ul>\n<\/div>\n\n\n\n<div class=\"wp-block-column is-layout-flow wp-block-column-is-layout-flow\">\n\t<style>\n\t\t.inner {\n\n\t\t\tmargin: 0 auto;\n\n\n\t\t}\n\t<\/style>\n\t<div\n\t\t class=\"container images-module\" >\n\t\t<div class=\"row images_module__slideshow\">\n\n\t\t\t<div\n\t\t\t\t\tclass=\"col-md-12 p-0 position-relative images_module__slideshow images_module__slideshow-container  \">\n\t\t\t\t<div class=\"images_module__slide\" data-slide=\"\"\n\t\t\t\t\t data-duration=\"\"><\/div>\n\t\t\t\t\t\t\t\t\t<div\n\t\t\t\t\t\t class=\"images_module__slides\n\n\t\t\t\t\t   \"\n\t\t\t\t\t>\n\n\t\t\t\t\t\t<div class=\"images__wrapper\" style=\"aspect-ratio: 851 \/ 851;\">\n\t\t\t\t\t\t\t<img decoding=\"async\" width=\"1920\" height=\"1080\" src=\"https:\/\/sjolinsgymnasium.se\/wp-content\/uploads\/sites\/6\/2023\/08\/sjowebbherobilderomoss-4.jpg\" class=\"images__image_ratio  \" alt=\"Elever utanf\u00f6r skolan.\" style=\"aspect-ratio: 851 \/ 851;object-position: center center;\" srcset=\"https:\/\/sjolinsgymnasium.se\/wp-content\/uploads\/sites\/6\/2023\/08\/sjowebbherobilderomoss-4.jpg 1920w, https:\/\/sjolinsgymnasium.se\/wp-content\/uploads\/sites\/6\/2023\/08\/sjowebbherobilderomoss-4-300x169.jpg 300w, https:\/\/sjolinsgymnasium.se\/wp-content\/uploads\/sites\/6\/2023\/08\/sjowebbherobilderomoss-4-400x225.jpg 400w, https:\/\/sjolinsgymnasium.se\/wp-content\/uploads\/sites\/6\/2023\/08\/sjowebbherobilderomoss-4-600x338.jpg 600w, https:\/\/sjolinsgymnasium.se\/wp-content\/uploads\/sites\/6\/2023\/08\/sjowebbherobilderomoss-4-800x450.jpg 800w, https:\/\/sjolinsgymnasium.se\/wp-content\/uploads\/sites\/6\/2023\/08\/sjowebbherobilderomoss-4-1024x576.jpg 1024w, https:\/\/sjolinsgymnasium.se\/wp-content\/uploads\/sites\/6\/2023\/08\/sjowebbherobilderomoss-4-1200x675.jpg 1200w\" sizes=\"(max-width: 1920px) 100vw, 1920px\" \/>\t\t\t\t\t\t<\/div>\n\t\t\t\t\t\t\n\n\t\t\t\t\t\t\t\t\t\t\t<\/div>\n\t\t\t\t\n\t\t\t\t<div class=\"images_module__container_dot\">\n\t\t\t\t\t<div style=\"text-align:center\">\n\n\n\t\t\t\t\t\t\t\t\t\t\t\t\t<span   data-i=\"0\"\n\t\t\t\t\t\t\t\t  class=\"\n\t\t\t\t\t\t\timages_module__dot\n\t\t\t\t\t\t\t\t\t\t\t\t\t\t\"\n\t\t\t\t\t\t\t><\/span>\n\t\t\t\t\t\t\t\t\t\t\t<\/div>\n\t\t\t\t<\/div>\n\n\n\t\t\t<\/div>\n\t\t<\/div>\n\t<\/div>\n\n\t\n\n\n<script>\n\tvar images_display_descriptive_text = \"\";\n<\/script>\n<\/div>\n<\/div>\n\n\n\n\t\n\t\n<section  class=\"ams-map ams-map--fifty c-block  media-bottom media-right \" data-color-scheme=\"map-beige\" data-locations=\"[{&quot;id&quot;:&quot;2132&quot;,&quot;county&quot;:&quot;Stockholms l\\u00e4n&quot;,&quot;city&quot;:&quot;Stockholms stad&quot;,&quot;school&quot;:&quot;S\\u00f6dermalm &quot;,&quot;title&quot;:&quot;Sj\\u00f6lins S\\u00f6dermalm &quot;,&quot;phone&quot;:&quot;084528250&quot;,&quot;phone_formatted&quot;:&quot;08-4528250&quot;,&quot;email&quot;:&quot;sodermalm@sjolinsgymnasium.se&quot;,&quot;visiting_address&quot;:{&quot;address&quot;:&quot;Sandbacksgatan 10&quot;,&quot;zip_code&quot;:&quot;116 21&quot;,&quot;city&quot;:&quot;Stockholm &quot;},&quot;postal_address&quot;:{&quot;address&quot;:&quot;Sandbacksgatan 10&quot;,&quot;zip_code&quot;:&quot;116 21&quot;,&quot;city&quot;:&quot;Stockholm &quot;},&quot;address_map&quot;:&quot;Sandbacksgatan 10, Stockholm, Sverige&quot;,&quot;lat&quot;:59.3166555,&quot;lng&quot;:18.0824681,&quot;link&quot;:{&quot;url&quot;:&quot;https:\\\/\\\/sjolinsgymnasium.se\\\/sodermalm\\\/&quot;,&quot;text&quot;:&quot;L\\u00e4s mer om skolan&quot;}}]\">\n\t<div class=\"ams-map__content u-pt-fluid-3xl-6xl u-pb-fluid-3xl-6xl l-stack l-stack-fluid-xl is-left is-left@lg\">\n\t\t\t\n\t<h2\n\tclass=\"c-heading u-font-title-1 \"\n\tstyle=\"\">\n\t\t\n\t\t\t\t\tKontakta oss \n\t\t\t\t\n\t<\/h2>\n\n\t\t\n\t\t\t\t\t<div class=\"contact-info l-stack\">\n\t\t\t\t\t\t\t\t\t<div class=\"contact-info__item\">\n\t\t\t\t\t\t<p class=\"contact-info__heading u-font-title-4\">\n\t\t\t\t\t\t\tAdress \n\t\t\t\t\t\t<\/p>\n\t\t\t\t\t\t<p>\n\t\t\t\t\t\t\t\t\t\t\t\t\t\t\tSandbacksgatan 10<br \/>\n\t\t\t\t\t\t\t\t\t\t\t\t\t\t116 21 Stockholm \n\t\t\t\t\t\t<\/p>\n\t\t\t\t\t<\/div>\n\t\t\t\t\n\t\t\t\t\n\t\t\t\t\t\t\t\t\t<div class=\"contact-info__item\">\n\t\t\t\t\t\t<p class=\"contact-info__heading u-font-title-4\">\n\t\t\t\t\t\t\tKontakt\n\t\t\t\t\t\t<\/p>\n\t\t\t\t\t\t<p>\n\t\t\t\t\t\t\t\t\t\t\t\t\t\t\t<a href=\"tel:084528250\">08-4528250<\/a><br \/>\n\t\t\t\t\t\t\t\t\t\t\t\t\t\t\t\t\t\t\t\t\t\t<a href=\"mailto:sodermalm@sjolinsgymnasium.se\">sodermalm@sjolinsgymnasium.se<\/a>\n\t\t\t\t\t\t\t\t\t\t\t\t\t<\/p>\n\t\t\t\t\t<\/div>\n\t\t\t\t\t\t\t<\/div>\n\t\t\t<\/div>\n\n\t<div class=\"ams-map__media\">\n\t<\/div>\n<\/section>\n\n\n\n\n<section  class=\"ams-cta ams-cta--stacked c-block l-stacked\" data-color-scheme=\"vit\">\n\t<div class=\"l-container-narrow l-stack l-stack-fluid-2xl u-pt-fluid-2xl-4xl u-pb-fluid-2xl-4xl is-center is-center@md\">\n\t\t\t\t\t<div class=\"ams-cta__intro l-stack l-stack-lg\">\n\t\t\t\t\t\n\t<h2\n\tclass=\"c-heading u-font-title-1 \"\n\tstyle=\"\">\n\t\t\n\t\t\t\t\tBes\u00f6k oss\n\t\t\t\t\n\t<\/h2>\n\n\t\t\t\t\t\t\t\t\t<div class=\"c-text l-stack u-cs-xl u-font-body\">\n\t\t\t\t\t\t<p><span data-sheets-value=\"{&quot;1&quot;:2,&quot;2&quot;:&quot;Du vet v\u00e4l om att du \u00e4ven kan bes\u00f6ka oss p\u00e5 \u00f6ppet hus? Under ett \u00f6ppet hus f\u00e5r du m\u00f6jlighet att tr\u00e4ffa l\u00e4rare och elever, se v\u00e5ra fina lokaler och l\u00e4ra dig mer om casemetodiken. V\u00e4lkommen att anm\u00e4la dig! \\n&quot;}\" data-sheets-userformat=\"{&quot;2&quot;:5025,&quot;3&quot;:{&quot;1&quot;:0},&quot;8&quot;:{&quot;1&quot;:[{&quot;1&quot;:2,&quot;2&quot;:0,&quot;5&quot;:{&quot;1&quot;:2,&quot;2&quot;:0}},{&quot;1&quot;:0,&quot;2&quot;:0,&quot;3&quot;:3},{&quot;1&quot;:1,&quot;2&quot;:0,&quot;4&quot;:1}]},&quot;10&quot;:0,&quot;11&quot;:4,&quot;12&quot;:0,&quot;15&quot;:&quot;Roboto&quot;}\">Du vet v\u00e4l om att du \u00e4ven kan bes\u00f6ka oss p\u00e5 \u00d6ppet hus? Under ett \u00d6ppet hus f\u00e5r du m\u00f6jlighet att tr\u00e4ffa l\u00e4rare och elever, se v\u00e5ra fina lokaler och l\u00e4ra dig mer om casemetodiken. V\u00e4lkommen att anm\u00e4la dig!<\/span><\/p>\n\n\t\t\t\t\t<\/div>\n\t\t\t\t\t\t\t<\/div>\n\t\t\n\t\t\n\t\t\t<div class=\"ams-cta__action u-inline-items\">\n\t\t\t\t\t\t\t\n\n\n<a href=\"https:\/\/sjolinsgymnasium.se\/sodermalm\/oppet-hus\/\"\n\t\n\tclass=\"c-btn \"\n\tdata-style=\"round\"\n\tdata-size=\"md\"\n\tdata-width=\"full-mobile\"\n\tdata-variant=\"default\"\n\ttarget=\"_self\">\n\t\t\t<span class=\"label\"> Anm\u00e4l dig till \u00d6ppet hus<\/span>\n\t\t\t<\/a>\n\t\t\t<\/div>\n\t<\/div>\n\n\t\t\n\n<\/section>\n","protected":false},"excerpt":{"rendered":"<p>Prova-p\u00e5-dag Vad kul att du \u00e4r intresserad av en Prova-p\u00e5-dag. Genom att bes\u00f6ka skolan och delta p\u00e5 lektioner kommer ditt gymnasieval bli lite enklare. Prova-p\u00e5-dagarna \u00e4r \u00f6ver f\u00f6r denna termin. H\u00e5ll utkik p\u00e5 denna sida h\u00f6stterminen 2026 f\u00f6r nya datum. Tills dess \u00e4r du alltid v\u00e4lkommen p\u00e5 \u00d6ppet hus eller kontakta oss om du har&#8230;<\/p>\n","protected":false},"author":1,"featured_media":0,"parent":0,"menu_order":0,"comment_status":"closed","ping_status":"closed","template":"","meta":{"footnotes":""},"yoast_head":"<!-- This site is optimized with the Yoast SEO plugin v22.0 - https:\/\/yoast.com\/wordpress\/plugins\/seo\/ -->\n<title>S\u00f6dermalm<\/title>\n<meta name=\"description\" content=\"Vad kul att du \u00e4r intresserad utav att vara elev f\u00f6r en dag. Under ditt bes\u00f6k f\u00e5r du g\u00e5 p\u00e5 lektioner och tr\u00e4ffa elever.\" \/>\n<meta name=\"robots\" content=\"index, follow, max-snippet:-1, max-image-preview:large, max-video-preview:-1\" \/>\n<link rel=\"canonical\" href=\"https:\/\/sjolinsgymnasium.se\/sodermalm\/prova-pa-dag\/\" \/>\n<meta property=\"og:locale\" content=\"sv_SE\" \/>\n<meta property=\"og:type\" content=\"article\" \/>\n<meta property=\"og:description\" content=\"Vad kul att du \u00e4r intresserad utav att vara elev f\u00f6r en dag. Under ditt bes\u00f6k f\u00e5r du g\u00e5 p\u00e5 lektioner och tr\u00e4ffa elever.\" \/>\n<meta property=\"og:url\" content=\"https:\/\/sjolinsgymnasium.se\/sodermalm\/prova-pa-dag\/\" \/>\n<meta property=\"og:site_name\" content=\"S\u00f6dermalm\" \/>\n<meta property=\"article:modified_time\" content=\"2026-04-02T08:49:48+00:00\" \/>\n<meta name=\"twitter:card\" content=\"summary_large_image\" \/>\n<meta name=\"twitter:description\" content=\"Vad kul att du \u00e4r intresserad utav att vara elev f\u00f6r en dag. Under ditt bes\u00f6k f\u00e5r du g\u00e5 p\u00e5 lektioner och tr\u00e4ffa elever.\" \/>\n<meta name=\"twitter:image\" content=\"https:\/\/sjolinsgymnasium.se\/wp-content\/uploads\/sites\/6\/2023\/08\/sjowebbherobilderomoss-4-1200x630.jpg\" \/>\n<meta name=\"twitter:label1\" content=\"Est. reading time\" \/>\n\t<meta name=\"twitter:data1\" content=\"2 minuter\" \/>\n<script type=\"application\/ld+json\" class=\"yoast-schema-graph\">{\"@context\":\"https:\/\/schema.org\",\"@graph\":[{\"@type\":\"WebPage\",\"@id\":\"https:\/\/sjolinsgymnasium.se\/sodermalm\/prova-pa-dag\/\",\"url\":\"https:\/\/sjolinsgymnasium.se\/sodermalm\/prova-pa-dag\/\",\"name\":\"Prova-p\u00e5-dag - S\u00f6dermalm\",\"isPartOf\":{\"@id\":\"https:\/\/sjolinsgymnasium.se\/sodermalm\/#website\"},\"datePublished\":\"2023-03-10T08:58:32+00:00\",\"dateModified\":\"2026-04-02T08:49:48+00:00\",\"description\":\"Vad kul att du \u00e4r intresserad utav att vara elev f\u00f6r en dag. Under ditt bes\u00f6k f\u00e5r du g\u00e5 p\u00e5 lektioner och tr\u00e4ffa elever.\",\"breadcrumb\":{\"@id\":\"https:\/\/sjolinsgymnasium.se\/sodermalm\/prova-pa-dag\/#breadcrumb\"},\"inLanguage\":\"sv-SE\",\"potentialAction\":[{\"@type\":\"ReadAction\",\"target\":[\"https:\/\/sjolinsgymnasium.se\/sodermalm\/prova-pa-dag\/\"]}]},{\"@type\":\"BreadcrumbList\",\"@id\":\"https:\/\/sjolinsgymnasium.se\/sodermalm\/prova-pa-dag\/#breadcrumb\",\"itemListElement\":[{\"@type\":\"ListItem\",\"position\":1,\"name\":\"Start\",\"item\":\"https:\/\/sjolinsgymnasium.se\/sodermalm\/\"},{\"@type\":\"ListItem\",\"position\":2,\"name\":\"Prova-p\u00e5-dag\"}]},{\"@type\":\"WebSite\",\"@id\":\"https:\/\/sjolinsgymnasium.se\/sodermalm\/#website\",\"url\":\"https:\/\/sjolinsgymnasium.se\/sodermalm\/\",\"name\":\"S\u00f6dermalm\",\"description\":\"Just another WordPress site\",\"potentialAction\":[{\"@type\":\"SearchAction\",\"target\":{\"@type\":\"EntryPoint\",\"urlTemplate\":\"https:\/\/sjolinsgymnasium.se\/sodermalm\/?s={search_term_string}\"},\"query-input\":\"required name=search_term_string\"}],\"inLanguage\":\"sv-SE\"}]}<\/script>\n<!-- \/ Yoast SEO plugin. -->","yoast_head_json":{"title":"S\u00f6dermalm","description":"Vad kul att du \u00e4r intresserad utav att vara elev f\u00f6r en dag. Under ditt bes\u00f6k f\u00e5r du g\u00e5 p\u00e5 lektioner och tr\u00e4ffa elever.","robots":{"index":"index","follow":"follow","max-snippet":"max-snippet:-1","max-image-preview":"max-image-preview:large","max-video-preview":"max-video-preview:-1"},"canonical":"https:\/\/sjolinsgymnasium.se\/sodermalm\/prova-pa-dag\/","og_locale":"sv_SE","og_type":"article","og_description":"Vad kul att du \u00e4r intresserad utav att vara elev f\u00f6r en dag. Under ditt bes\u00f6k f\u00e5r du g\u00e5 p\u00e5 lektioner och tr\u00e4ffa elever.","og_url":"https:\/\/sjolinsgymnasium.se\/sodermalm\/prova-pa-dag\/","og_site_name":"S\u00f6dermalm","article_modified_time":"2026-04-02T08:49:48+00:00","twitter_card":"summary_large_image","twitter_description":"Vad kul att du \u00e4r intresserad utav att vara elev f\u00f6r en dag. Under ditt bes\u00f6k f\u00e5r du g\u00e5 p\u00e5 lektioner och tr\u00e4ffa elever.","twitter_image":"https:\/\/sjolinsgymnasium.se\/wp-content\/uploads\/sites\/6\/2023\/08\/sjowebbherobilderomoss-4-1200x630.jpg","twitter_misc":{"Est. reading time":"2 minuter"},"schema":{"@context":"https:\/\/schema.org","@graph":[{"@type":"WebPage","@id":"https:\/\/sjolinsgymnasium.se\/sodermalm\/prova-pa-dag\/","url":"https:\/\/sjolinsgymnasium.se\/sodermalm\/prova-pa-dag\/","name":"Prova-p\u00e5-dag - S\u00f6dermalm","isPartOf":{"@id":"https:\/\/sjolinsgymnasium.se\/sodermalm\/#website"},"datePublished":"2023-03-10T08:58:32+00:00","dateModified":"2026-04-02T08:49:48+00:00","description":"Vad kul att du \u00e4r intresserad utav att vara elev f\u00f6r en dag. Under ditt bes\u00f6k f\u00e5r du g\u00e5 p\u00e5 lektioner och tr\u00e4ffa elever.","breadcrumb":{"@id":"https:\/\/sjolinsgymnasium.se\/sodermalm\/prova-pa-dag\/#breadcrumb"},"inLanguage":"sv-SE","potentialAction":[{"@type":"ReadAction","target":["https:\/\/sjolinsgymnasium.se\/sodermalm\/prova-pa-dag\/"]}]},{"@type":"BreadcrumbList","@id":"https:\/\/sjolinsgymnasium.se\/sodermalm\/prova-pa-dag\/#breadcrumb","itemListElement":[{"@type":"ListItem","position":1,"name":"Start","item":"https:\/\/sjolinsgymnasium.se\/sodermalm\/"},{"@type":"ListItem","position":2,"name":"Prova-p\u00e5-dag"}]},{"@type":"WebSite","@id":"https:\/\/sjolinsgymnasium.se\/sodermalm\/#website","url":"https:\/\/sjolinsgymnasium.se\/sodermalm\/","name":"S\u00f6dermalm","description":"Just another WordPress site","potentialAction":[{"@type":"SearchAction","target":{"@type":"EntryPoint","urlTemplate":"https:\/\/sjolinsgymnasium.se\/sodermalm\/?s={search_term_string}"},"query-input":"required name=search_term_string"}],"inLanguage":"sv-SE"}]}},"_links":{"self":[{"href":"https:\/\/sjolinsgymnasium.se\/sodermalm\/wp-json\/wp\/v2\/pages\/536"}],"collection":[{"href":"https:\/\/sjolinsgymnasium.se\/sodermalm\/wp-json\/wp\/v2\/pages"}],"about":[{"href":"https:\/\/sjolinsgymnasium.se\/sodermalm\/wp-json\/wp\/v2\/types\/page"}],"author":[{"embeddable":true,"href":"https:\/\/sjolinsgymnasium.se\/sodermalm\/wp-json\/wp\/v2\/users\/1"}],"replies":[{"embeddable":true,"href":"https:\/\/sjolinsgymnasium.se\/sodermalm\/wp-json\/wp\/v2\/comments?post=536"}],"version-history":[{"count":9,"href":"https:\/\/sjolinsgymnasium.se\/sodermalm\/wp-json\/wp\/v2\/pages\/536\/revisions"}],"predecessor-version":[{"id":3633,"href":"https:\/\/sjolinsgymnasium.se\/sodermalm\/wp-json\/wp\/v2\/pages\/536\/revisions\/3633"}],"wp:attachment":[{"href":"https:\/\/sjolinsgymnasium.se\/sodermalm\/wp-json\/wp\/v2\/media?parent=536"}],"curies":[{"name":"wp","href":"https:\/\/api.w.org\/{rel}","templated":true}]}}