{"id":3240,"date":"2025-01-31T13:43:58","date_gmt":"2025-01-31T12:43:58","guid":{"rendered":"https:\/\/sjolinsgymnasium.se\/sodermalm\/?page_id=3240"},"modified":"2026-01-23T11:09:27","modified_gmt":"2026-01-23T10:09:27","slug":"ezlegal-samarbete","status":"publish","type":"page","link":"https:\/\/sjolinsgymnasium.se\/sodermalm\/ezlegal-samarbete\/","title":{"rendered":"EZlegal samarbete"},"content":{"rendered":"\n\t\n\t\n\t\n\n\t\n\t\n\t\t\n<section  class=\"c-block l-stacked  \" data-color-scheme=\"beige\">\n\t<div class=\"ams-fifty ams-fifty--container ams-fifty--right ams-fifty--bottom l-container u-pt-fluid-2xl-4xl u-pb-fluid-2xl-4xl\">\n\t\t<div class=\"ams-fifty__content l-stack l-stack-xl is-left is-left@lg\">\n\t\t\t<div class=\"ams-fifty__text l-stack l-stack-lg\">\n\t\t\t\t\t\n\t<h1\n\tclass=\"c-heading u-font-title-1 \"\n\tstyle=\"\">\n\t\t\n\t\t\t\t\t\t\t\t\tSj\u00f6lins S\u00f6dermalm x EZlegal\n\t\t\t\t<span class=\"c-heading__sub is-below u-font-title-3\">\n\t\t\t\t\tEtt samarbete inom juridik\n\t\t\t\t<\/span>\n\t\t\t\t\t\t\t\n\t<\/h1>\n\n\t\t\t\t\t\t\t\t\t<div class=\"text l-stack u-font-body\">\n\t\t\t\t\t\t<p>Genom samarbetet med juristbyr\u00e5n EZlegal f\u00e5r eleverna p\u00e5 Sj\u00f6lins Gymnasium S\u00f6dermalm en direktkontakt till n\u00e4ringslivet och en inblick i livet som jurist. Under byr\u00e5ns bes\u00f6k p\u00e5 ekonomiprogrammet f\u00e5r eleverna l\u00e4ra sig om verkliga juridiska situationer och bygger \u00e4ven kontakter med yrkesverksamma jurister.<\/p>\n\n\t\t\t\t\t<\/div>\n\t\t\t\t\t\t\t<\/div>\n\n\t\t\t\t\t<\/div>\n\n\t\t <div class=\"ams-fifty__media u-ratio-landscape\">\n\t\t \t\t\t\t\t<img decoding=\"async\" width=\"600\" height=\"591\" src=\"https:\/\/sjolinsgymnasium.se\/wp-content\/uploads\/sites\/6\/2025\/01\/sjolinsekonomijuridikmalmo202311202811-e1737980599623-600x591.jpeg\" class=\"attachment-md size-md\" alt=\"Tv\u00e5 elever l\u00e4ser en lagbok.\" sizes=\"(min-width: 64em) 600px, calc(100vw - 160px)\" srcset=\"https:\/\/sjolinsgymnasium.se\/wp-content\/uploads\/sites\/6\/2025\/01\/sjolinsekonomijuridikmalmo202311202811-e1737980599623-600x591.jpeg 600w, https:\/\/sjolinsgymnasium.se\/wp-content\/uploads\/sites\/6\/2025\/01\/sjolinsekonomijuridikmalmo202311202811-e1737980599623-300x295.jpeg 300w, https:\/\/sjolinsgymnasium.se\/wp-content\/uploads\/sites\/6\/2025\/01\/sjolinsekonomijuridikmalmo202311202811-e1737980599623-400x394.jpeg 400w, https:\/\/sjolinsgymnasium.se\/wp-content\/uploads\/sites\/6\/2025\/01\/sjolinsekonomijuridikmalmo202311202811-e1737980599623-800x788.jpeg 800w, https:\/\/sjolinsgymnasium.se\/wp-content\/uploads\/sites\/6\/2025\/01\/sjolinsekonomijuridikmalmo202311202811-e1737980599623.jpeg 866w\" \/>\n\t\t\t\n\t\t\t\n\t\t\t\t\t<\/div>\n\t<\/div>\n\n\t\t\n\n<\/section>\n\n\n\n\t\n\t\n\t\n\n\t\n\t\n\t\t\n<section  class=\"c-block l-stacked  \" data-color-scheme=\"\">\n\t<div class=\"ams-fifty ams-fifty--container ams-fifty--left ams-fifty--top l-container u-pt-fluid-2xl-4xl u-pb-fluid-2xl-4xl\">\n\t\t<div class=\"ams-fifty__content l-stack l-stack-xl is-center is-left@lg\">\n\t\t\t<div class=\"ams-fifty__text l-stack l-stack-lg\">\n\t\t\t\t\t\n\t<h2\n\tclass=\"c-heading u-font-title-1 \"\n\tstyle=\"\">\n\t\t\n\t\t\t\t\tF\u00f6rel\u00e4sning om familjer\u00e4tt\n\t\t\t\t\n\t<\/h2>\n\n\t\t\t\t\t\t\t\t\t<div class=\"text l-stack u-font-body\">\n\t\t\t\t\t\t<p>Juristen Emil Abbaszadeh fr\u00e5n EZlegal har varit och f\u00f6rsl\u00e4st f\u00f6r v\u00e5ra ekonomielever. Han arbetar med juridik r\u00e5dgivning, handl\u00e4ggning och processf\u00f6ring p\u00e5 byr\u00e5n och n\u00e4r ekonomieleverna l\u00e4ste om familjer\u00e4tt s\u00e5 var det ett bra tillf\u00e4lle att komplettera undervisningen med en unik inblick i juristyrket. Emil ber\u00e4ttade bland annat om den juridiska inneb\u00f6rden av v\u00e5rdnad och hur en tvist kan bedrivas i domstol.<\/p>\n<p>&#8211; Vi tycker att det \u00e4r roligt att bidra till elevernas l\u00e4rande och att visa upp en praktisk till\u00e4mpning av juridiken. Skolans arbete med case-baserat l\u00e4rande ligger i linje med v\u00e5ra egna v\u00e4rderingar p\u00e5 EZlegal, att g\u00f6ra juridiken enkel att f\u00f6rst\u00e5, s\u00e4ger Emil Abbaszadeh.<\/p>\n\n\t\t\t\t\t<\/div>\n\t\t\t\t\t\t\t<\/div>\n\n\t\t\t\t\t<\/div>\n\n\t\t <div class=\"ams-fifty__media u-ratio-landscape\">\n\t\t \t\t\t\t\t<img decoding=\"async\" width=\"600\" height=\"800\" src=\"https:\/\/sjolinsgymnasium.se\/wp-content\/uploads\/sites\/6\/2025\/02\/thumbnailimg5004-600x800.jpg\" class=\"attachment-md size-md\" alt=\"Emil fr\u00e5n EZlegal innan en f\u00f6rel\u00e4sning f\u00f6r klassen.\" sizes=\"(min-width: 64em) 600px, calc(100vw - 160px)\" srcset=\"https:\/\/sjolinsgymnasium.se\/wp-content\/uploads\/sites\/6\/2025\/02\/thumbnailimg5004-600x800.jpg 600w, https:\/\/sjolinsgymnasium.se\/wp-content\/uploads\/sites\/6\/2025\/02\/thumbnailimg5004-300x400.jpg 300w, https:\/\/sjolinsgymnasium.se\/wp-content\/uploads\/sites\/6\/2025\/02\/thumbnailimg5004-400x533.jpg 400w, https:\/\/sjolinsgymnasium.se\/wp-content\/uploads\/sites\/6\/2025\/02\/thumbnailimg5004-800x1067.jpg 800w, https:\/\/sjolinsgymnasium.se\/wp-content\/uploads\/sites\/6\/2025\/02\/thumbnailimg5004-1024x1365.jpg 1024w, https:\/\/sjolinsgymnasium.se\/wp-content\/uploads\/sites\/6\/2025\/02\/thumbnailimg5004-1200x1600.jpg 1200w, https:\/\/sjolinsgymnasium.se\/wp-content\/uploads\/sites\/6\/2025\/02\/thumbnailimg5004.jpg 1440w\" \/>\n\t\t\t\n\t\t\t\n\t\t\t\t\t<\/div>\n\t<\/div>\n\n\t\t\n\t\t\t\n\t\t\t\t\t\t\t\n\t\t\t\t<div class=\"c-bg c-bg--img\" data-settings=\"{&quot;desktop_settings&quot;:{&quot;size&quot;:&quot;auto&quot;,&quot;position&quot;:&quot;bottom-right&quot;},&quot;mobile_settings&quot;:{&quot;size&quot;:&quot;auto&quot;,&quot;position&quot;:&quot;bottom-right&quot;}}\" data-position=\"middle-center\" data-size=\"cover\">\n\t\t\t\n\t\t<\/div>\n\t\n<\/section>\n\n\n\n\n<section  class=\"ams-quote c-block l-stacked\" data-color-scheme=\"petroleumgron\">\n\t<div class=\"l-container l-stack l-stack-fluid-2xl u-pt-fluid-2xl-4xl u-pb-fluid-2xl-4xl is-center is-center@md\">\n\t\t\n\t\t\t\t\t<ul class=\"ams-quote__list l-grid u-gap-fluid-2xl-4xl u-justify-center\"\n\taria-label=\"Citat\">\n\t\t\t<li class=\"l-col-12@md\">\n\t\t\t<article class=\"c-card\" data-variant=\"neutral\" >\n\t\t\t\t<div class=\"c-card__content l-stack u-text-center\">\n\t\t\t\t\t\t\t\t\t\t\t<blockquote class=\"c-card__title u-font-title-1\">\n\t\t\t\t\t\t\t\t\t\t\t\t\t\t\t<p class=\"u-quote-marks\">Skolans arbete med case-baserat l\u00e4rande ligger i linje med v\u00e5ra egna v\u00e4rderingar p\u00e5 EZlegal, att g\u00f6ra juridiken enkel att f\u00f6rst\u00e5.<\/p>\n\t\t\t\t\t\t\t\t\t\t\t\t\t<\/blockquote>\n\t\t\t\t\t\n\t\t\t\t\t\t\t\t\t\t\t<p class=\"c-card__text\">\n\t\t\t\t\t\t\t<span class=\"author u-font-body\">Emil Abbaszadeh<\/span>\n\t\t\t\t\t\t\t<span class=\"title u-font-body\">EZlegal<\/span>\n\t\t\t\t\t\t<\/p>\n\t\t\t\t\t\t\t\t\t<\/div>\n\n\t\t\t\t\t\t\t<\/article>\n\t\t<\/li>\n\t<\/ul>\n\t\n\t\t\t<\/div>\n\n\t\t\n\n<\/section>\n\n\n\n\t\n\t\n\t\n\n\t\n\t\n\t\t\n<section  class=\"c-block l-stacked  \" data-color-scheme=\"\">\n\t<div class=\"ams-fifty ams-fifty--container ams-fifty--right ams-fifty--bottom l-container u-pt-fluid-md-xl u-pb-fluid-2xl-4xl\">\n\t\t<div class=\"ams-fifty__content l-stack l-stack-xl is-center is-left@lg\">\n\t\t\t<div class=\"ams-fifty__text l-stack l-stack-lg\">\n\t\t\t\t\t\n\t<h2\n\tclass=\"c-heading u-font-title-1 \"\n\tstyle=\"\">\n\t\t\n\t\t\t\t\tOm EZlegal\n\t\t\t\t\n\t<\/h2>\n\n\t\t\t\t\t\t\t\t\t<div class=\"text l-stack u-font-body\">\n\t\t\t\t\t\t<p>EZlegal vill g\u00f6ra juridiken enkel! Byr\u00e5ns ambition \u00e4r att leverera snabb och kostnadseffektiv juridisk r\u00e5dgivning och handl\u00e4ggning. F\u00f6retaget har kontor p\u00e5 flera orter i Sverige, bland annat i G\u00f6teborg, Malm\u00f6, Stockholm, Bor\u00e5s och V\u00e4nersborg. EZlegal har ocks\u00e5 Juristerna p\u00e5 EZlegal \u00e4r vana f\u00f6rel\u00e4sare som v\u00e4rderar att kunna beskriva juridiska processer p\u00e5 ett pedagogiskt s\u00e4tt.<\/p>\n\n\t\t\t\t\t<\/div>\n\t\t\t\t\t\t\t<\/div>\n\n\t\t\t\t<div class=\"ams-fifty__action u-inline-items\">\n\t\t\t\t\t\t\t\n\n\n<a href=\"https:\/\/ezlegal.se\"\n\t\n\tclass=\"c-btn \"\n\tdata-style=\"round\"\n\tdata-size=\"md\"\n\tdata-width=\"full-mobile\"\n\tdata-variant=\"outline\"\n\ttarget=\"_blank\">\n\t\t\t<span class=\"label\"> L\u00e4s mer om EZlegal<\/span>\n\t\t\t<\/a>\n\t\t\t<\/div>\n\t\t<\/div>\n\n\t\t <div class=\"ams-fifty__media u-ratio-square\">\n\t\t \t\t\t\t\t<img decoding=\"async\" width=\"600\" height=\"600\" src=\"https:\/\/sjolinsgymnasium.se\/wp-content\/uploads\/sites\/6\/2025\/01\/ez-legallogo-600x600.jpg\" class=\"attachment-md size-md\" alt=\"EZ-Legal_[Logo]\" sizes=\"(min-width: 64em) 600px, calc(100vw - 160px)\" srcset=\"https:\/\/sjolinsgymnasium.se\/wp-content\/uploads\/sites\/6\/2025\/01\/ez-legallogo-600x600.jpg 600w, https:\/\/sjolinsgymnasium.se\/wp-content\/uploads\/sites\/6\/2025\/01\/ez-legallogo-150x150.jpg 150w, https:\/\/sjolinsgymnasium.se\/wp-content\/uploads\/sites\/6\/2025\/01\/ez-legallogo-300x300.jpg 300w, https:\/\/sjolinsgymnasium.se\/wp-content\/uploads\/sites\/6\/2025\/01\/ez-legallogo-400x400.jpg 400w, https:\/\/sjolinsgymnasium.se\/wp-content\/uploads\/sites\/6\/2025\/01\/ez-legallogo-800x800.jpg 800w, https:\/\/sjolinsgymnasium.se\/wp-content\/uploads\/sites\/6\/2025\/01\/ez-legallogo-1024x1024.jpg 1024w, https:\/\/sjolinsgymnasium.se\/wp-content\/uploads\/sites\/6\/2025\/01\/ez-legallogo-1200x1200.jpg 1200w\" \/>\n\t\t\t\n\t\t\t\n\t\t\t\t\t<\/div>\n\t<\/div>\n\n\t\t\n\t\t\t\n\t\t\t\t\t\t\t\n\t\t\t\t<div class=\"c-bg c-bg--img\" data-settings=\"{&quot;desktop_settings&quot;:{&quot;size&quot;:&quot;auto&quot;,&quot;position&quot;:&quot;bottom-right&quot;},&quot;mobile_settings&quot;:{&quot;size&quot;:&quot;auto&quot;,&quot;position&quot;:&quot;bottom-right&quot;}}\" data-position=\"middle-center\" data-size=\"cover\">\n\t\t\t\n\t\t<\/div>\n\t\n<\/section>\n\n\n\n\n<section  class=\"ams-cta ams-cta--stacked c-block l-stacked\" data-color-scheme=\"beige\">\n\t<div class=\"l-container-narrow l-stack l-stack-fluid-2xl u-pt-fluid-2xl-4xl u-pb-fluid-3xl-6xl is-center is-center@md\">\n\t\t\t\t\t<div class=\"ams-cta__intro l-stack l-stack-lg\">\n\t\t\t\t\t\n\t<h2\n\tclass=\"c-heading u-font-title-1 \"\n\tstyle=\"\">\n\t\t\n\t\t\t\t\tVill du l\u00e4sa juridik?\n\t\t\t\t\n\t<\/h2>\n\n\t\t\t\t\t\t\t\t\t<div class=\"c-text l-stack u-cs-xl u-font-body\">\n\t\t\t\t\t\t<p>Blev du nyfiken p\u00e5 att l\u00e4sa mer om ekonomiprogrammet med inriktning juridik hos oss p\u00e5 Sj\u00f6lins Gymnasium S\u00f6dermalm? Klicka nedan f\u00f6r att l\u00e4sa mer om inriktningen Juridik.<\/p>\n\n\t\t\t\t\t<\/div>\n\t\t\t\t\t\t\t<\/div>\n\t\t\n\t\t\n\t\t\t<div class=\"ams-cta__action u-inline-items\">\n\t\t\t\t\t\t\t\n\n\n<a href=\"https:\/\/sjolinsgymnasium.se\/sodermalm\/program\/ekonomiprogrammet\/juridik\/\"\n\t\n\tclass=\"c-btn \"\n\tdata-style=\"round\"\n\tdata-size=\"md\"\n\tdata-width=\"full-mobile\"\n\tdata-variant=\"default\"\n\ttarget=\"_self\">\n\t\t\t<span class=\"label\"> L\u00e4s mer om Juridik<\/span>\n\t\t\t<\/a>\n\t\t\t<\/div>\n\t<\/div>\n\n\t\t\n\n<\/section>\n","protected":false},"excerpt":{"rendered":"","protected":false},"author":29,"featured_media":0,"parent":0,"menu_order":0,"comment_status":"closed","ping_status":"closed","template":"","meta":{"footnotes":""},"yoast_head":"<!-- This site is optimized with the Yoast SEO plugin v22.0 - https:\/\/yoast.com\/wordpress\/plugins\/seo\/ -->\n<title>S\u00f6dermalm<\/title>\n<meta name=\"description\" content=\"Sj\u00f6lins samarbetar med juristbyr\u00e5n EZlegal. Genom detta f\u00e5r eleverna en direktkontakt till n\u00e4ringslivet och en inblick i livet som jurist.\" \/>\n<meta name=\"robots\" content=\"index, follow, max-snippet:-1, max-image-preview:large, max-video-preview:-1\" \/>\n<link rel=\"canonical\" href=\"https:\/\/sjolinsgymnasium.se\/sodermalm\/ezlegal-samarbete\/\" \/>\n<meta property=\"og:locale\" content=\"sv_SE\" \/>\n<meta property=\"og:type\" content=\"article\" \/>\n<meta property=\"og:description\" content=\"Sj\u00f6lins samarbetar med juristbyr\u00e5n EZlegal. Genom detta f\u00e5r eleverna en direktkontakt till n\u00e4ringslivet och en inblick i livet som jurist.\" \/>\n<meta property=\"og:url\" content=\"https:\/\/sjolinsgymnasium.se\/sodermalm\/ezlegal-samarbete\/\" \/>\n<meta property=\"og:site_name\" content=\"S\u00f6dermalm\" \/>\n<meta property=\"article:modified_time\" content=\"2026-01-23T10:09:27+00:00\" \/>\n<meta name=\"twitter:card\" content=\"summary_large_image\" \/>\n<meta name=\"twitter:description\" content=\"Sj\u00f6lins samarbetar med juristbyr\u00e5n EZlegal. Genom detta f\u00e5r eleverna en direktkontakt till n\u00e4ringslivet och en inblick i livet som jurist.\" \/>\n<meta name=\"twitter:label1\" content=\"Est. reading time\" \/>\n\t<meta name=\"twitter:data1\" content=\"2 minuter\" \/>\n<script type=\"application\/ld+json\" class=\"yoast-schema-graph\">{\"@context\":\"https:\/\/schema.org\",\"@graph\":[{\"@type\":\"WebPage\",\"@id\":\"https:\/\/sjolinsgymnasium.se\/sodermalm\/ezlegal-samarbete\/\",\"url\":\"https:\/\/sjolinsgymnasium.se\/sodermalm\/ezlegal-samarbete\/\",\"name\":\"EZlegal samarbete - S\u00f6dermalm\",\"isPartOf\":{\"@id\":\"https:\/\/sjolinsgymnasium.se\/sodermalm\/#website\"},\"datePublished\":\"2025-01-31T12:43:58+00:00\",\"dateModified\":\"2026-01-23T10:09:27+00:00\",\"description\":\"Sj\u00f6lins samarbetar med juristbyr\u00e5n EZlegal. Genom detta f\u00e5r eleverna en direktkontakt till n\u00e4ringslivet och en inblick i livet som jurist.\",\"breadcrumb\":{\"@id\":\"https:\/\/sjolinsgymnasium.se\/sodermalm\/ezlegal-samarbete\/#breadcrumb\"},\"inLanguage\":\"sv-SE\",\"potentialAction\":[{\"@type\":\"ReadAction\",\"target\":[\"https:\/\/sjolinsgymnasium.se\/sodermalm\/ezlegal-samarbete\/\"]}]},{\"@type\":\"BreadcrumbList\",\"@id\":\"https:\/\/sjolinsgymnasium.se\/sodermalm\/ezlegal-samarbete\/#breadcrumb\",\"itemListElement\":[{\"@type\":\"ListItem\",\"position\":1,\"name\":\"Start\",\"item\":\"https:\/\/sjolinsgymnasium.se\/sodermalm\/\"},{\"@type\":\"ListItem\",\"position\":2,\"name\":\"EZlegal samarbete\"}]},{\"@type\":\"WebSite\",\"@id\":\"https:\/\/sjolinsgymnasium.se\/sodermalm\/#website\",\"url\":\"https:\/\/sjolinsgymnasium.se\/sodermalm\/\",\"name\":\"S\u00f6dermalm\",\"description\":\"Just another WordPress site\",\"potentialAction\":[{\"@type\":\"SearchAction\",\"target\":{\"@type\":\"EntryPoint\",\"urlTemplate\":\"https:\/\/sjolinsgymnasium.se\/sodermalm\/?s={search_term_string}\"},\"query-input\":\"required name=search_term_string\"}],\"inLanguage\":\"sv-SE\"}]}<\/script>\n<!-- \/ Yoast SEO plugin. -->","yoast_head_json":{"title":"S\u00f6dermalm","description":"Sj\u00f6lins samarbetar med juristbyr\u00e5n EZlegal. Genom detta f\u00e5r eleverna en direktkontakt till n\u00e4ringslivet och en inblick i livet som jurist.","robots":{"index":"index","follow":"follow","max-snippet":"max-snippet:-1","max-image-preview":"max-image-preview:large","max-video-preview":"max-video-preview:-1"},"canonical":"https:\/\/sjolinsgymnasium.se\/sodermalm\/ezlegal-samarbete\/","og_locale":"sv_SE","og_type":"article","og_description":"Sj\u00f6lins samarbetar med juristbyr\u00e5n EZlegal. Genom detta f\u00e5r eleverna en direktkontakt till n\u00e4ringslivet och en inblick i livet som jurist.","og_url":"https:\/\/sjolinsgymnasium.se\/sodermalm\/ezlegal-samarbete\/","og_site_name":"S\u00f6dermalm","article_modified_time":"2026-01-23T10:09:27+00:00","twitter_card":"summary_large_image","twitter_description":"Sj\u00f6lins samarbetar med juristbyr\u00e5n EZlegal. Genom detta f\u00e5r eleverna en direktkontakt till n\u00e4ringslivet och en inblick i livet som jurist.","twitter_misc":{"Est. reading time":"2 minuter"},"schema":{"@context":"https:\/\/schema.org","@graph":[{"@type":"WebPage","@id":"https:\/\/sjolinsgymnasium.se\/sodermalm\/ezlegal-samarbete\/","url":"https:\/\/sjolinsgymnasium.se\/sodermalm\/ezlegal-samarbete\/","name":"EZlegal samarbete - S\u00f6dermalm","isPartOf":{"@id":"https:\/\/sjolinsgymnasium.se\/sodermalm\/#website"},"datePublished":"2025-01-31T12:43:58+00:00","dateModified":"2026-01-23T10:09:27+00:00","description":"Sj\u00f6lins samarbetar med juristbyr\u00e5n EZlegal. Genom detta f\u00e5r eleverna en direktkontakt till n\u00e4ringslivet och en inblick i livet som jurist.","breadcrumb":{"@id":"https:\/\/sjolinsgymnasium.se\/sodermalm\/ezlegal-samarbete\/#breadcrumb"},"inLanguage":"sv-SE","potentialAction":[{"@type":"ReadAction","target":["https:\/\/sjolinsgymnasium.se\/sodermalm\/ezlegal-samarbete\/"]}]},{"@type":"BreadcrumbList","@id":"https:\/\/sjolinsgymnasium.se\/sodermalm\/ezlegal-samarbete\/#breadcrumb","itemListElement":[{"@type":"ListItem","position":1,"name":"Start","item":"https:\/\/sjolinsgymnasium.se\/sodermalm\/"},{"@type":"ListItem","position":2,"name":"EZlegal samarbete"}]},{"@type":"WebSite","@id":"https:\/\/sjolinsgymnasium.se\/sodermalm\/#website","url":"https:\/\/sjolinsgymnasium.se\/sodermalm\/","name":"S\u00f6dermalm","description":"Just another WordPress site","potentialAction":[{"@type":"SearchAction","target":{"@type":"EntryPoint","urlTemplate":"https:\/\/sjolinsgymnasium.se\/sodermalm\/?s={search_term_string}"},"query-input":"required name=search_term_string"}],"inLanguage":"sv-SE"}]}},"_links":{"self":[{"href":"https:\/\/sjolinsgymnasium.se\/sodermalm\/wp-json\/wp\/v2\/pages\/3240"}],"collection":[{"href":"https:\/\/sjolinsgymnasium.se\/sodermalm\/wp-json\/wp\/v2\/pages"}],"about":[{"href":"https:\/\/sjolinsgymnasium.se\/sodermalm\/wp-json\/wp\/v2\/types\/page"}],"author":[{"embeddable":true,"href":"https:\/\/sjolinsgymnasium.se\/sodermalm\/wp-json\/wp\/v2\/users\/29"}],"replies":[{"embeddable":true,"href":"https:\/\/sjolinsgymnasium.se\/sodermalm\/wp-json\/wp\/v2\/comments?post=3240"}],"version-history":[{"count":10,"href":"https:\/\/sjolinsgymnasium.se\/sodermalm\/wp-json\/wp\/v2\/pages\/3240\/revisions"}],"predecessor-version":[{"id":3527,"href":"https:\/\/sjolinsgymnasium.se\/sodermalm\/wp-json\/wp\/v2\/pages\/3240\/revisions\/3527"}],"wp:attachment":[{"href":"https:\/\/sjolinsgymnasium.se\/sodermalm\/wp-json\/wp\/v2\/media?parent=3240"}],"curies":[{"name":"wp","href":"https:\/\/api.w.org\/{rel}","templated":true}]}}