{"id":2430,"date":"2023-08-24T09:23:46","date_gmt":"2023-08-24T07:23:46","guid":{"rendered":"https:\/\/sjolinsgymnasium.se\/sodermalm\/?page_id=2430"},"modified":"2026-03-31T13:23:38","modified_gmt":"2026-03-31T11:23:38","slug":"sodermalm-niu-nationell-idrottsutbildning","status":"publish","type":"page","link":"https:\/\/sjolinsgymnasium.se\/sodermalm\/sodermalm-niu-nationell-idrottsutbildning\/","title":{"rendered":"NIU"},"content":{"rendered":"\n\t\n\t\n\t\n\n\t\n\t\n\t\t\n<section  class=\"c-block l-stacked  \" data-color-scheme=\"vit\">\n\t<div class=\"ams-fifty ams-fifty--container ams-fifty--left ams-fifty--top l-container u-pt-fluid-3xl-6xl u-pb-fluid-3xl-6xl\">\n\t\t<div class=\"ams-fifty__content l-stack l-stack-xl is-left is-left@lg\">\n\t\t\t<div class=\"ams-fifty__text l-stack l-stack-lg\">\n\t\t\t\t\t\n\t<h1\n\tclass=\"c-heading u-font-title-1 \"\n\tstyle=\"\">\n\t\t\n\t\t\t\t\tNIU &#8211; Nationell idrottsutbildning\n\t\t\t\t\n\t<\/h1>\n\n\t\t\t\t\t\t\t\t\t<div class=\"text l-stack u-font-body\">\n\t\t\t\t\t\t<p>P\u00e5 Sj\u00f6lins S\u00f6dermalm kan du kombinera elitsatsning p\u00e5 <a href=\"https:\/\/sjolinsgymnasium.se\/sodermalm\/sodermalm-niu-nationell-idrottsutbildning\/#ishockey\">hockey<\/a>, <a href=\"https:\/\/sjolinsgymnasium.se\/sodermalm\/sodermalm-niu-nationell-idrottsutbildning\/#handboll\">handboll<\/a> eller <a href=\"https:\/\/sjolinsgymnasium.se\/sodermalm\/sodermalm-niu-nationell-idrottsutbildning\/#fotboll\">fotboll<\/a> med en fullst\u00e4ndig gymnasieexamen fr\u00e5n Ekonomiprogrammet, Naturvetenskapsprogrammet eller Samh\u00e4llsvetenskapsprogrammet. V\u00e5r skola \u00e4r certifierad att bedriva Nationell Idrottsutbildning d\u00e4r studier med ett anpassat schema g\u00f6r att du kan tr\u00e4na tre f\u00f6rmiddagar i veckan under ledning av h\u00f6gt utbildade instrukt\u00f6rer.<\/p>\n<p>Sj\u00f6lins samarbetar med Stockholms handbollsklubbar, Djurg\u00e5rden Ishockey och Djurg\u00e5rden Fotboll, ett m\u00e5ng\u00e5rigt samarbete som hj\u00e4lpt m\u00e5nga talanger fram\u00e5t i karri\u00e4ren. Vi som skola k\u00e4nner v\u00e4l till de speciella utmaningar som det inneb\u00e4r att kombinera studier med idrottssatsning p\u00e5 elitniv\u00e5, och vi har v\u00e4l fungerande st\u00f6dsystem f\u00f6r att du ska f\u00e5 ut maximalt av din gymnasietid \u2013 s\u00e5v\u00e4l studiem\u00e4ssigt som sportsligt.<\/p>\n\n\t\t\t\t\t<\/div>\n\t\t\t\t\t\t\t<\/div>\n\n\t\t\t\t<div class=\"ams-fifty__action u-inline-items\">\n\t\t\t\t\t\t\t\n\n\n<a href=\"https:\/\/sjolinsgymnasium.se\/sodermalm\/gymnasieprogram\/\"\n\t\n\tclass=\"c-btn \"\n\tdata-style=\"round\"\n\tdata-size=\"md\"\n\tdata-width=\"full-mobile\"\n\tdata-variant=\"default\"\n\ttarget=\"_self\">\n\t\t\t<span class=\"label\"> Se v\u00e5ra gymnasieprogram <\/span>\n\t\t\t<\/a>\n\t\t\t<\/div>\n\t\t<\/div>\n\n\t\t <div class=\"ams-fifty__media u-ratio-landscape\">\n\t\t \t\t\t\t\t<img decoding=\"async\" width=\"600\" height=\"400\" src=\"https:\/\/sjolinsgymnasium.se\/wp-content\/uploads\/sites\/6\/2023\/08\/sjolinssodermalmhockey202303202803web2-600x400.jpg\" class=\"attachment-md size-md\" alt=\"NIU-elever i gymmet\" sizes=\"(min-width: 64em) 600px, calc(100vw - 160px)\" srcset=\"https:\/\/sjolinsgymnasium.se\/wp-content\/uploads\/sites\/6\/2023\/08\/sjolinssodermalmhockey202303202803web2-600x400.jpg 600w, https:\/\/sjolinsgymnasium.se\/wp-content\/uploads\/sites\/6\/2023\/08\/sjolinssodermalmhockey202303202803web2-300x200.jpg 300w, https:\/\/sjolinsgymnasium.se\/wp-content\/uploads\/sites\/6\/2023\/08\/sjolinssodermalmhockey202303202803web2-400x267.jpg 400w, https:\/\/sjolinsgymnasium.se\/wp-content\/uploads\/sites\/6\/2023\/08\/sjolinssodermalmhockey202303202803web2-800x533.jpg 800w, https:\/\/sjolinsgymnasium.se\/wp-content\/uploads\/sites\/6\/2023\/08\/sjolinssodermalmhockey202303202803web2-1024x683.jpg 1024w, https:\/\/sjolinsgymnasium.se\/wp-content\/uploads\/sites\/6\/2023\/08\/sjolinssodermalmhockey202303202803web2-1200x800.jpg 1200w, https:\/\/sjolinsgymnasium.se\/wp-content\/uploads\/sites\/6\/2023\/08\/sjolinssodermalmhockey202303202803web2.jpg 2048w\" \/>\n\t\t\t\n\t\t\t\n\t\t\t\t\t<\/div>\n\t<\/div>\n\n\t\t\n\n<\/section>\n\n\n\n\t\n\t\n\t\n\n\t\n\t\n\t\t\n<section  class=\"c-block l-stacked  \" data-color-scheme=\"beige\">\n\t<div class=\"ams-fifty ams-fifty--container ams-fifty--right ams-fifty--top l-container u-pt-fluid-3xl-6xl u-pb-fluid-3xl-6xl\">\n\t\t<div class=\"ams-fifty__content l-stack l-stack-xl is-left is-left@lg\">\n\t\t\t<div class=\"ams-fifty__text l-stack l-stack-lg\">\n\t\t\t\t\t\n\t<h2\n\tclass=\"c-heading u-font-title-1 \"\n\tstyle=\"\">\n\t\t\n\t\t\t\t\tS\u00e5 fungerar NIU\n\t\t\t\t\n\t<\/h2>\n\n\t\t\t\t\t\t\t\t\t<div class=\"text l-stack u-font-body\">\n\t\t\t\t\t\t<section class=\"article-part article-part-text bg-bonewhite\">\n<article class=\"article-part-text-holder\">\n<div class=\"article-text p-large first-cap\">\n<p>Som NIU-certifierad skola kan vi erbjuda v\u00e5ra elever m\u00f6jligheten att l\u00e4sa en gymnasieexamen som ger h\u00f6gskolebeh\u00f6righet samtidigt som de elitsatsar mot sin idrott. NIU (Nationell Idrottsutbildning) \u00e4r inlagd i elevens studieplan som 400 kurspo\u00e4ng \u2013 kurserna som eleven l\u00e4ser \u00e4r Specialidrott niv\u00e5 1 och niv\u00e5 2 och Tr\u00e4nings- och t\u00e4vlingsl\u00e4ra niv\u00e5 1. Dessa kurser ers\u00e4tter 200 po\u00e4ng individuella val och 200 po\u00e4ng programf\u00f6rdjupning. Tr\u00e4ningen ligger tre f\u00f6rmiddagar i veckan och d\u00e4r ing\u00e5r fys, individanpassad tr\u00e4ning och teori. F\u00f6rutom antagningsprocessen hos respektive klubb s\u00e5 ska eleven \u00e4ven bli antagen till skolan p\u00e5 sitt betyg (meritv\u00e4rde) fr\u00e5n grundskolan.<\/p>\n<p>&nbsp;<\/p>\n<p>F\u00f6r att f\u00e5 mer information om NIU hos oss, bes\u00f6k ett av v\u00e5ra \u00d6ppna Hus eller kontakta v\u00e5r NIU-koordinator Jonas Kull p\u00e5 073-390 53 28 eller <strong><a href=\"mailto:jonas.kull@sjolinsgymnasium.se\">jonas.kull@sjolinsgymnasium.se<\/a><\/strong>.<\/p>\n<\/div>\n<\/article>\n<\/section>\n<section class=\"article-part two-images bg-bonewhite clearfix\">\n<div class=\"image-wrapper\">\n<div class=\"image-holder\"><\/div>\n<\/div>\n<\/section>\n\n\t\t\t\t\t<\/div>\n\t\t\t\t\t\t\t<\/div>\n\n\t\t\t\t<div class=\"ams-fifty__action u-inline-items\">\n\t\t\t\t\t\t\t\n\n\n<a href=\"https:\/\/sjolinsgymnasium.se\/sodermalm\/om-gymnasievalet\/meritvarde\/\"\n\t\n\tclass=\"c-btn \"\n\tdata-style=\"round\"\n\tdata-size=\"md\"\n\tdata-width=\"full-mobile\"\n\tdata-variant=\"default\"\n\ttarget=\"_self\">\n\t\t\t<span class=\"label\"> Till meritv\u00e4rde<\/span>\n\t\t\t<\/a>\n\t\t\t<\/div>\n\t\t<\/div>\n\n\t\t <div class=\"ams-fifty__media u-ratio-square\">\n\t\t \t\t\t\t\t<img decoding=\"async\" width=\"600\" height=\"400\" src=\"https:\/\/sjolinsgymnasium.se\/wp-content\/uploads\/sites\/6\/2023\/08\/sjolinssodermalmhandboll202303202803web5-600x400.jpg\" class=\"attachment-md size-md\" alt=\"NIU-elever innan tr\u00e4ning\" sizes=\"(min-width: 64em) 600px, calc(100vw - 160px)\" srcset=\"https:\/\/sjolinsgymnasium.se\/wp-content\/uploads\/sites\/6\/2023\/08\/sjolinssodermalmhandboll202303202803web5-600x400.jpg 600w, https:\/\/sjolinsgymnasium.se\/wp-content\/uploads\/sites\/6\/2023\/08\/sjolinssodermalmhandboll202303202803web5-300x200.jpg 300w, https:\/\/sjolinsgymnasium.se\/wp-content\/uploads\/sites\/6\/2023\/08\/sjolinssodermalmhandboll202303202803web5-400x267.jpg 400w, https:\/\/sjolinsgymnasium.se\/wp-content\/uploads\/sites\/6\/2023\/08\/sjolinssodermalmhandboll202303202803web5-800x533.jpg 800w, https:\/\/sjolinsgymnasium.se\/wp-content\/uploads\/sites\/6\/2023\/08\/sjolinssodermalmhandboll202303202803web5-1024x683.jpg 1024w, https:\/\/sjolinsgymnasium.se\/wp-content\/uploads\/sites\/6\/2023\/08\/sjolinssodermalmhandboll202303202803web5-1200x800.jpg 1200w, https:\/\/sjolinsgymnasium.se\/wp-content\/uploads\/sites\/6\/2023\/08\/sjolinssodermalmhandboll202303202803web5.jpg 2048w\" \/>\n\t\t\t\n\t\t\t\n\t\t\t\t\t<\/div>\n\t<\/div>\n\n\t\t\n\n<\/section>\n\n\n\n\t\n\t\n\t\n\n\t\n\t\n\t\t\n<section id=fotboll class=\"c-block l-stacked  \" data-color-scheme=\"vit\">\n\t<div class=\"ams-fifty ams-fifty--container ams-fifty--left ams-fifty--top l-container u-pt-fluid-3xl-6xl u-pb-fluid-3xl-6xl\">\n\t\t<div class=\"ams-fifty__content l-stack l-stack-xl is-left is-left@lg\">\n\t\t\t<div class=\"ams-fifty__text l-stack l-stack-lg\">\n\t\t\t\t\t\n\t<h2\n\tclass=\"c-heading u-font-title-1 \"\n\tstyle=\"\">\n\t\t\n\t\t\t\t\tNIU Fotboll\n\t\t\t\t\n\t<\/h2>\n\n\t\t\t\t\t\t\t\t\t<div class=\"text l-stack u-font-body\">\n\t\t\t\t\t\t<section class=\"article-part article-part-text bg-bonewhite\">\n<article class=\"article-part-text-holder\">\n<div class=\"article-text p-large first-cap\">\n<p>F\u00f6r att s\u00f6ka till NIU Fotboll p\u00e5 Sj\u00f6lins gymnasium S\u00f6dermalm s\u00e5 skickar du in en ans\u00f6kan via denna sida kopplad till Svenska Fotbollf\u00f6rbundets hemsida via knappen nedan. Sista ans\u00f6kningsdagen f\u00f6r detta \u00e4r 1 december varje \u00e5r. Du blir sedan kallad till en provspelning av representanter f\u00f6r Djurg\u00e5rden Fotboll och Sj\u00f6lins S\u00f6dermalms Idrottsutbildning, denna provspelning sker p\u00e5 Hjorthagens IP i mitten av december. Besked om uttagningen till NIU f\u00f6r fotboll kommer i januari-februari. Fr\u00e5n och med november 2020 har vi haft gl\u00e4djen att \u00f6ppna ans\u00f6kningar f\u00f6r damsidan till NIU-fotboll. Damer s\u00f6ker p\u00e5 samma s\u00e4tt som herrar.<\/p>\n<p>&nbsp;<\/p>\n<p>Efter provspelningen s\u00f6ker du \u00e4ven som vanligt till skolan via Gymnasieantagningen i din kommun och du m\u00e5ste \u00e4ven klara gymnasieprogrammets betygskrav f\u00f6r att komma in p\u00e5 NIU.<\/p>\n<\/div>\n<\/article>\n<\/section>\n<section class=\"article-part one-image bg-bonewhite clearfix\">\n<div class=\"image-wrapper\">\n<div class=\"image-holder\"><\/div>\n<\/div>\n<\/section>\n\n\t\t\t\t\t<\/div>\n\t\t\t\t\t\t\t<\/div>\n\n\t\t\t\t<div class=\"ams-fifty__action u-inline-items\">\n\t\t\t\t\t\t\t\n\n\n<a href=\"https:\/\/gymnasieansokan.svenskfotboll.se\/\"\n\t\n\tclass=\"c-btn \"\n\tdata-style=\"round\"\n\tdata-size=\"md\"\n\tdata-width=\"full-mobile\"\n\tdata-variant=\"default\"\n\ttarget=\"_blank\">\n\t\t\t<span class=\"label\"> Ans\u00f6k h\u00e4r <\/span>\n\t\t\t<\/a>\n\t\t\t<\/div>\n\t\t<\/div>\n\n\t\t <div class=\"ams-fifty__media u-ratio-square\">\n\t\t \t\t\t\t\t<img decoding=\"async\" width=\"600\" height=\"398\" src=\"https:\/\/sjolinsgymnasium.se\/wp-content\/uploads\/sites\/6\/2023\/08\/sjolins-sodermalm-nyheter-niu-for-tjejer-600x398.jpeg\" class=\"attachment-md size-md\" alt=\"NIU-elever spelar fotboll\" sizes=\"(min-width: 64em) 600px, calc(100vw - 160px)\" srcset=\"https:\/\/sjolinsgymnasium.se\/wp-content\/uploads\/sites\/6\/2023\/08\/sjolins-sodermalm-nyheter-niu-for-tjejer-600x398.jpeg 600w, https:\/\/sjolinsgymnasium.se\/wp-content\/uploads\/sites\/6\/2023\/08\/sjolins-sodermalm-nyheter-niu-for-tjejer-300x199.jpeg 300w, https:\/\/sjolinsgymnasium.se\/wp-content\/uploads\/sites\/6\/2023\/08\/sjolins-sodermalm-nyheter-niu-for-tjejer-400x266.jpeg 400w, https:\/\/sjolinsgymnasium.se\/wp-content\/uploads\/sites\/6\/2023\/08\/sjolins-sodermalm-nyheter-niu-for-tjejer.jpeg 768w\" \/>\n\t\t\t\n\t\t\t\n\t\t\t\t\t<\/div>\n\t<\/div>\n\n\t\t\n\n<\/section>\n\n\n\n\t\n\t\n\t\n\n\t\n\t\n\t\t\n<section id=handboll class=\"c-block l-stacked  \" data-color-scheme=\"beige\">\n\t<div class=\"ams-fifty ams-fifty--container ams-fifty--right ams-fifty--top l-container u-pt-fluid-3xl-6xl u-pb-fluid-3xl-6xl\">\n\t\t<div class=\"ams-fifty__content l-stack l-stack-xl is-left is-left@lg\">\n\t\t\t<div class=\"ams-fifty__text l-stack l-stack-lg\">\n\t\t\t\t\t\n\t<h2\n\tclass=\"c-heading u-font-title-1 \"\n\tstyle=\"\">\n\t\t\n\t\t\t\t\tNIU Handboll\n\t\t\t\t\n\t<\/h2>\n\n\t\t\t\t\t\t\t\t\t<div class=\"text l-stack u-font-body\">\n\t\t\t\t\t\t<p>Ans\u00f6kan till Sj\u00f6lins S\u00f6dermalms handbollsgymnasium g\u00f6rs via hemsidan f\u00f6r Svenska Handbollf\u00f6rbundet.<\/p>\n<p><strong>Ans\u00f6kningsprocessen sker i f\u00f6ljande fem steg:<\/strong><\/p>\n<ol>\n<li>Eleven fyller i den webbaserade intresseanm\u00e4lan senast 1 dec varje \u00e5r via knappen nedan.<\/li>\n<li>I mitten av december kallar handbollsgymnasiet spelaren till uttagningstr\u00e4ning. Skolan kallar alla spelare som valt skolan i 1:a, 2:a, 3:e och 4:e-hand p\u00e5 den webbaserade ans\u00f6kningsblanketten och kallelsen g\u00e5r till den e-post som angetts i ans\u00f6kan.<\/li>\n<li>Handbollsgymnasiet ger eleven besked om personen kommit in p\u00e5 handbollsmeriter till gymnasiet. (Observera att eleven m\u00e5ste \u00e4ven klara gymnasieprogrammets betygskrav f\u00f6r att komma in.)<\/li>\n<li>Eleven bekr\u00e4ftar i ans\u00f6kningsportalen vilket Handbollsgymnasium de v\u00e4ljer av de som hen kommit in p\u00e5.<\/li>\n<li>Eleven s\u00f6ker ett av handbollsgymnasiets program p\u00e5 kommunens ans\u00f6kningssida (Precis p\u00e5 samma s\u00e4tt som alla andra elever p\u00e5 hens skola s\u00f6ker till vanliga gymnasieprogram)<\/li>\n<\/ol>\n<p>F\u00f6r mer information om handbollsgymnasium, kontakta Erik Larholm: 073-9229761 eller mail:\u00a0<strong><a href=\"mailto:erik.larholm@sjolinsgymnasium.se\">erik.larholm@sjolinsgymnasium.se<\/a><\/strong><\/p>\n\n\t\t\t\t\t<\/div>\n\t\t\t\t\t\t\t<\/div>\n\n\t\t\t\t<div class=\"ams-fifty__action u-inline-items\">\n\t\t\t\t\t\t\t\n\n\n<a href=\"https:\/\/ansokan.svenskhandboll.se\/\"\n\t\n\tclass=\"c-btn \"\n\tdata-style=\"round\"\n\tdata-size=\"md\"\n\tdata-width=\"full-mobile\"\n\tdata-variant=\"default\"\n\ttarget=\"_blank\">\n\t\t\t<span class=\"label\"> Ans\u00f6k h\u00e4r <\/span>\n\t\t\t<\/a>\n\t\t\t<\/div>\n\t\t<\/div>\n\n\t\t <div class=\"ams-fifty__media u-ratio-square\">\n\t\t \t\t\t\t\t<img decoding=\"async\" width=\"600\" height=\"400\" src=\"https:\/\/sjolinsgymnasium.se\/wp-content\/uploads\/sites\/6\/2023\/08\/sjolinssodermalmhandboll202303202803web8-600x400.jpg\" class=\"attachment-md size-md\" alt=\"NIU-elever spelar handboll\" sizes=\"(min-width: 64em) 600px, calc(100vw - 160px)\" srcset=\"https:\/\/sjolinsgymnasium.se\/wp-content\/uploads\/sites\/6\/2023\/08\/sjolinssodermalmhandboll202303202803web8-600x400.jpg 600w, https:\/\/sjolinsgymnasium.se\/wp-content\/uploads\/sites\/6\/2023\/08\/sjolinssodermalmhandboll202303202803web8-300x200.jpg 300w, https:\/\/sjolinsgymnasium.se\/wp-content\/uploads\/sites\/6\/2023\/08\/sjolinssodermalmhandboll202303202803web8-400x267.jpg 400w, https:\/\/sjolinsgymnasium.se\/wp-content\/uploads\/sites\/6\/2023\/08\/sjolinssodermalmhandboll202303202803web8-800x533.jpg 800w, https:\/\/sjolinsgymnasium.se\/wp-content\/uploads\/sites\/6\/2023\/08\/sjolinssodermalmhandboll202303202803web8-1024x683.jpg 1024w, https:\/\/sjolinsgymnasium.se\/wp-content\/uploads\/sites\/6\/2023\/08\/sjolinssodermalmhandboll202303202803web8-1200x800.jpg 1200w, https:\/\/sjolinsgymnasium.se\/wp-content\/uploads\/sites\/6\/2023\/08\/sjolinssodermalmhandboll202303202803web8.jpg 2048w\" \/>\n\t\t\t\n\t\t\t\n\t\t\t\t\t<\/div>\n\t<\/div>\n\n\t\t\n\n<\/section>\n\n\n\n\t\n\t\n\t\n\n\t\n\t\n\t\t\n<section id=ishockey class=\"c-block l-stacked  \" data-color-scheme=\"vit\">\n\t<div class=\"ams-fifty ams-fifty--container ams-fifty--left ams-fifty--top l-container u-pt-fluid-3xl-6xl u-pb-fluid-2xl-4xl\">\n\t\t<div class=\"ams-fifty__content l-stack l-stack-xl is-left is-left@lg\">\n\t\t\t<div class=\"ams-fifty__text l-stack l-stack-lg\">\n\t\t\t\t\t\n\t<h2\n\tclass=\"c-heading u-font-title-1 \"\n\tstyle=\"\">\n\t\t\n\t\t\t\t\tNIU Ishockey\n\t\t\t\t\n\t<\/h2>\n\n\t\t\t\t\t\t\t\t\t<div class=\"text l-stack u-font-body\">\n\t\t\t\t\t\t<p>F\u00f6r att s\u00f6ka till NIU Hockey s\u00e5 vill Svenska Hockeyf\u00f6rbundet ha en ans\u00f6kan via sin hemsida senast 1:a december inf\u00f6r n\u00e4sta l\u00e4s\u00e5r.\u00a0Bed\u00f6mning och ranking av s\u00f6kande elever genomf\u00f6rs centralt av Svenska ishockeyf\u00f6rbundet samt ansvariga instrukt\u00f6rer. Besked om plats kommer fr\u00e5n f\u00f6rbundet i januari. Du m\u00e5ste ocks\u00e5 s\u00f6ka till skolan p\u00e5 samma s\u00e4tt som andra elever, via gymnasieantagningen i Stockholm fr\u00e5n och med februari.<\/p>\n\n\t\t\t\t\t<\/div>\n\t\t\t\t\t\t\t<\/div>\n\n\t\t\t\t<div class=\"ams-fifty__action u-inline-items\">\n\t\t\t\t\t\t\t\n\n\n<a href=\"https:\/\/www.swehockey.se\/spelare\/information\/hockeygymnasium\/\"\n\t\n\tclass=\"c-btn \"\n\tdata-style=\"round\"\n\tdata-size=\"md\"\n\tdata-width=\"full-mobile\"\n\tdata-variant=\"default\"\n\ttarget=\"_blank\">\n\t\t\t<span class=\"label\"> Ans\u00f6k h\u00e4r <\/span>\n\t\t\t<\/a>\n\t\t\t<\/div>\n\t\t<\/div>\n\n\t\t <div class=\"ams-fifty__media u-ratio-landscape\">\n\t\t \t\n\t\t\t\n\t\t\t\t\t\t\t<lite-youtube videoid=\"-TGEACATc30\" style=\"background-image: url('https:\/\/i.ytimg.com\/vi\/-TGEACATc30\/hqdefault.jpg');\">\n\t\t\t\t\t\t<button href=\"https:\/\/youtube.com\/watch?v=-TGEACATc30\" class=\"lty-playbtn\" title=\"Play Video\">\n\t\t\t\t\t\t\t<span class=\"lyt-visually-hidden\">Play Video<\/span>\n\t\t\t\t\t\t<\/button>\n\t\t\t\t\t<\/lite-youtube>\n\t\t\t\t\t<\/div>\n\t<\/div>\n\n\t\t\n\n<\/section>\n\n\n\n\n<section  class=\"ams-cta ams-cta--stacked c-block l-stacked\" data-color-scheme=\"beige\">\n\t<div class=\"l-container-narrow l-stack l-stack-fluid-2xl u-pt-fluid-3xl-6xl u-pb-fluid-3xl-6xl is-center is-center@md\">\n\t\t\t\t\t<div class=\"ams-cta__intro l-stack l-stack-lg\">\n\t\t\t\t\t\n\t<h2\n\tclass=\"c-heading u-font-title-1 \"\n\tstyle=\"\">\n\t\t\n\t\t\t\t\tNIU med fullst\u00e4ndig gymnasieexamen \n\t\t\t\t\n\t<\/h2>\n\n\t\t\t\t\t\t\t\t\t<div class=\"c-text l-stack u-cs-xl u-font-body\">\n\t\t\t\t\t\t<p>P\u00e5 Sj\u00f6lins S\u00f6dermalm kan du kombinera elitsatsning p\u00e5 hockey, handboll eller fotboll med en fullst\u00e4ndig gymnasieexamen fr\u00e5n Ekonomi-, Natur-, eller Samh\u00e4llsprogrammet.<\/p>\n\n\t\t\t\t\t<\/div>\n\t\t\t\t\t\t\t<\/div>\n\t\t\n\t\t\n\t\t\t<div class=\"ams-cta__action u-inline-items\">\n\t\t\t\t\t\t\t\n\n\n<a href=\"https:\/\/sjolinsgymnasium.se\/sodermalm\/gymnasieprogram\/\"\n\t\n\tclass=\"c-btn \"\n\tdata-style=\"round\"\n\tdata-size=\"md\"\n\tdata-width=\"full-mobile\"\n\tdata-variant=\"default\"\n\ttarget=\"_self\">\n\t\t\t<span class=\"label\"> Till v\u00e5ra program<\/span>\n\t\t\t<\/a>\n\t\t\t<\/div>\n\t<\/div>\n\n\t\t\n\n<\/section>\n","protected":false},"excerpt":{"rendered":"","protected":false},"author":9,"featured_media":0,"parent":0,"menu_order":0,"comment_status":"closed","ping_status":"closed","template":"","meta":{"footnotes":""},"yoast_head":"<!-- This site is optimized with the Yoast SEO plugin v22.0 - https:\/\/yoast.com\/wordpress\/plugins\/seo\/ -->\n<title>NIU - Sj\u00f6lins Gymnasium S\u00f6dermalm<\/title>\n<meta name=\"description\" content=\"P\u00e5 Sj\u00f6lins S\u00f6dermalm kan du kombinera elitsatsning p\u00e5 hockey, handboll eller fotboll med en fullst\u00e4ndig gymnasieexamen.\" \/>\n<meta name=\"robots\" content=\"index, follow, max-snippet:-1, max-image-preview:large, max-video-preview:-1\" \/>\n<link rel=\"canonical\" href=\"https:\/\/sjolinsgymnasium.se\/sodermalm\/sodermalm-niu-nationell-idrottsutbildning\/\" \/>\n<meta property=\"og:locale\" content=\"sv_SE\" \/>\n<meta property=\"og:type\" content=\"article\" \/>\n<meta property=\"og:title\" content=\"NIU - Sj\u00f6lins Gymnasium S\u00f6dermalm\" \/>\n<meta property=\"og:description\" content=\"P\u00e5 Sj\u00f6lins S\u00f6dermalm kan du kombinera elitsatsning p\u00e5 hockey, handboll eller fotboll med en fullst\u00e4ndig gymnasieexamen.\" \/>\n<meta property=\"og:url\" content=\"https:\/\/sjolinsgymnasium.se\/sodermalm\/sodermalm-niu-nationell-idrottsutbildning\/\" \/>\n<meta property=\"og:site_name\" content=\"S\u00f6dermalm\" \/>\n<meta property=\"article:modified_time\" content=\"2026-03-31T11:23:38+00:00\" \/>\n<meta name=\"twitter:card\" content=\"summary_large_image\" \/>\n<meta name=\"twitter:title\" content=\"NIU - Sj\u00f6lins Gymnasium S\u00f6dermalm\" \/>\n<meta name=\"twitter:description\" content=\"P\u00e5 Sj\u00f6lins S\u00f6dermalm kan du kombinera elitsatsning p\u00e5 hockey, handboll eller fotboll med en fullst\u00e4ndig gymnasieexamen.\" \/>\n<meta name=\"twitter:label1\" content=\"Est. reading time\" \/>\n\t<meta name=\"twitter:data1\" content=\"4 minuter\" \/>\n<script type=\"application\/ld+json\" class=\"yoast-schema-graph\">{\"@context\":\"https:\/\/schema.org\",\"@graph\":[{\"@type\":\"WebPage\",\"@id\":\"https:\/\/sjolinsgymnasium.se\/sodermalm\/sodermalm-niu-nationell-idrottsutbildning\/\",\"url\":\"https:\/\/sjolinsgymnasium.se\/sodermalm\/sodermalm-niu-nationell-idrottsutbildning\/\",\"name\":\"NIU - Sj\u00f6lins Gymnasium S\u00f6dermalm\",\"isPartOf\":{\"@id\":\"https:\/\/sjolinsgymnasium.se\/sodermalm\/#website\"},\"datePublished\":\"2023-08-24T07:23:46+00:00\",\"dateModified\":\"2026-03-31T11:23:38+00:00\",\"description\":\"P\u00e5 Sj\u00f6lins S\u00f6dermalm kan du kombinera elitsatsning p\u00e5 hockey, handboll eller fotboll med en fullst\u00e4ndig gymnasieexamen.\",\"breadcrumb\":{\"@id\":\"https:\/\/sjolinsgymnasium.se\/sodermalm\/sodermalm-niu-nationell-idrottsutbildning\/#breadcrumb\"},\"inLanguage\":\"sv-SE\",\"potentialAction\":[{\"@type\":\"ReadAction\",\"target\":[\"https:\/\/sjolinsgymnasium.se\/sodermalm\/sodermalm-niu-nationell-idrottsutbildning\/\"]}]},{\"@type\":\"BreadcrumbList\",\"@id\":\"https:\/\/sjolinsgymnasium.se\/sodermalm\/sodermalm-niu-nationell-idrottsutbildning\/#breadcrumb\",\"itemListElement\":[{\"@type\":\"ListItem\",\"position\":1,\"name\":\"Start\",\"item\":\"https:\/\/sjolinsgymnasium.se\/sodermalm\/\"},{\"@type\":\"ListItem\",\"position\":2,\"name\":\"NIU\"}]},{\"@type\":\"WebSite\",\"@id\":\"https:\/\/sjolinsgymnasium.se\/sodermalm\/#website\",\"url\":\"https:\/\/sjolinsgymnasium.se\/sodermalm\/\",\"name\":\"S\u00f6dermalm\",\"description\":\"Just another WordPress site\",\"potentialAction\":[{\"@type\":\"SearchAction\",\"target\":{\"@type\":\"EntryPoint\",\"urlTemplate\":\"https:\/\/sjolinsgymnasium.se\/sodermalm\/?s={search_term_string}\"},\"query-input\":\"required name=search_term_string\"}],\"inLanguage\":\"sv-SE\"}]}<\/script>\n<!-- \/ Yoast SEO plugin. -->","yoast_head_json":{"title":"NIU - Sj\u00f6lins Gymnasium S\u00f6dermalm","description":"P\u00e5 Sj\u00f6lins S\u00f6dermalm kan du kombinera elitsatsning p\u00e5 hockey, handboll eller fotboll med en fullst\u00e4ndig gymnasieexamen.","robots":{"index":"index","follow":"follow","max-snippet":"max-snippet:-1","max-image-preview":"max-image-preview:large","max-video-preview":"max-video-preview:-1"},"canonical":"https:\/\/sjolinsgymnasium.se\/sodermalm\/sodermalm-niu-nationell-idrottsutbildning\/","og_locale":"sv_SE","og_type":"article","og_title":"NIU - Sj\u00f6lins Gymnasium S\u00f6dermalm","og_description":"P\u00e5 Sj\u00f6lins S\u00f6dermalm kan du kombinera elitsatsning p\u00e5 hockey, handboll eller fotboll med en fullst\u00e4ndig gymnasieexamen.","og_url":"https:\/\/sjolinsgymnasium.se\/sodermalm\/sodermalm-niu-nationell-idrottsutbildning\/","og_site_name":"S\u00f6dermalm","article_modified_time":"2026-03-31T11:23:38+00:00","twitter_card":"summary_large_image","twitter_title":"NIU - Sj\u00f6lins Gymnasium S\u00f6dermalm","twitter_description":"P\u00e5 Sj\u00f6lins S\u00f6dermalm kan du kombinera elitsatsning p\u00e5 hockey, handboll eller fotboll med en fullst\u00e4ndig gymnasieexamen.","twitter_misc":{"Est. reading time":"4 minuter"},"schema":{"@context":"https:\/\/schema.org","@graph":[{"@type":"WebPage","@id":"https:\/\/sjolinsgymnasium.se\/sodermalm\/sodermalm-niu-nationell-idrottsutbildning\/","url":"https:\/\/sjolinsgymnasium.se\/sodermalm\/sodermalm-niu-nationell-idrottsutbildning\/","name":"NIU - Sj\u00f6lins Gymnasium S\u00f6dermalm","isPartOf":{"@id":"https:\/\/sjolinsgymnasium.se\/sodermalm\/#website"},"datePublished":"2023-08-24T07:23:46+00:00","dateModified":"2026-03-31T11:23:38+00:00","description":"P\u00e5 Sj\u00f6lins S\u00f6dermalm kan du kombinera elitsatsning p\u00e5 hockey, handboll eller fotboll med en fullst\u00e4ndig gymnasieexamen.","breadcrumb":{"@id":"https:\/\/sjolinsgymnasium.se\/sodermalm\/sodermalm-niu-nationell-idrottsutbildning\/#breadcrumb"},"inLanguage":"sv-SE","potentialAction":[{"@type":"ReadAction","target":["https:\/\/sjolinsgymnasium.se\/sodermalm\/sodermalm-niu-nationell-idrottsutbildning\/"]}]},{"@type":"BreadcrumbList","@id":"https:\/\/sjolinsgymnasium.se\/sodermalm\/sodermalm-niu-nationell-idrottsutbildning\/#breadcrumb","itemListElement":[{"@type":"ListItem","position":1,"name":"Start","item":"https:\/\/sjolinsgymnasium.se\/sodermalm\/"},{"@type":"ListItem","position":2,"name":"NIU"}]},{"@type":"WebSite","@id":"https:\/\/sjolinsgymnasium.se\/sodermalm\/#website","url":"https:\/\/sjolinsgymnasium.se\/sodermalm\/","name":"S\u00f6dermalm","description":"Just another WordPress site","potentialAction":[{"@type":"SearchAction","target":{"@type":"EntryPoint","urlTemplate":"https:\/\/sjolinsgymnasium.se\/sodermalm\/?s={search_term_string}"},"query-input":"required name=search_term_string"}],"inLanguage":"sv-SE"}]}},"_links":{"self":[{"href":"https:\/\/sjolinsgymnasium.se\/sodermalm\/wp-json\/wp\/v2\/pages\/2430"}],"collection":[{"href":"https:\/\/sjolinsgymnasium.se\/sodermalm\/wp-json\/wp\/v2\/pages"}],"about":[{"href":"https:\/\/sjolinsgymnasium.se\/sodermalm\/wp-json\/wp\/v2\/types\/page"}],"author":[{"embeddable":true,"href":"https:\/\/sjolinsgymnasium.se\/sodermalm\/wp-json\/wp\/v2\/users\/9"}],"replies":[{"embeddable":true,"href":"https:\/\/sjolinsgymnasium.se\/sodermalm\/wp-json\/wp\/v2\/comments?post=2430"}],"version-history":[{"count":10,"href":"https:\/\/sjolinsgymnasium.se\/sodermalm\/wp-json\/wp\/v2\/pages\/2430\/revisions"}],"predecessor-version":[{"id":3619,"href":"https:\/\/sjolinsgymnasium.se\/sodermalm\/wp-json\/wp\/v2\/pages\/2430\/revisions\/3619"}],"wp:attachment":[{"href":"https:\/\/sjolinsgymnasium.se\/sodermalm\/wp-json\/wp\/v2\/media?parent=2430"}],"curies":[{"name":"wp","href":"https:\/\/api.w.org\/{rel}","templated":true}]}}