{"id":496,"date":"2023-03-09T12:55:21","date_gmt":"2023-03-09T11:55:21","guid":{"rendered":"https:\/\/sjolinsgymnasium.se\/malmo\/?page_id=496"},"modified":"2023-08-30T15:03:55","modified_gmt":"2023-08-30T13:03:55","slug":"vara-kvalitetsresultat","status":"publish","type":"page","link":"https:\/\/sjolinsgymnasium.se\/malmo\/vart-kvalitetsarbete\/vara-kvalitetsresultat\/","title":{"rendered":"V\u00e5ra kvalitetsresultat"},"content":{"rendered":"\n\t<div class=\"module_wrapper ams_remote_pages_module \">\n\t\t\n\t\n\t\n\t\n\n\t\n\t\n\t\t\n<section  class=\"c-block l-stacked  \" data-color-scheme=\"vit\">\n\t<div class=\"ams-fifty ams-fifty--container ams-fifty--left ams-fifty--top l-container u-pt-fluid-3xl-6xl u-pb-fluid-3xl-6xl\">\n\t\t<div class=\"ams-fifty__content l-stack l-stack-xl is-left is-left@lg\">\n\t\t\t<div class=\"ams-fifty__text l-stack l-stack-lg\">\n\t\t\t\t\t\n\t<h1\n\tclass=\"c-heading u-font-title-1 \"\n\tstyle=\"\">\n\t\t\n\t\t\t\t\tV\u00e5ra kvalitetsresultat\n\t\t\t\t\n\t<\/h1>\n\n\t\t\t\t\t\t\t\t\t<div class=\"text l-stack u-font-body\">\n\t\t\t\t\t\t<p><span data-sheets-value=\"{&quot;1&quot;:2,&quot;2&quot;:&quot;Sj\u00f6lins gymnasiums systematiska kvalitetsarbete \u00e4r viktigt f\u00f6r att v\u00e5ra elever ska utvecklas och n\u00e5 m\u00e5len. D\u00e4rf\u00f6r m\u00e4ter vi \u00e5rligen elevernas formella studieresultat, elever och f\u00f6r\u00e4ldrars upplevelse av skolan, de anst\u00e4lldas bild av arbetsplatsen samt vart v\u00e5ra elever tar v\u00e4gen efter sina gymnasiestudier.\\n&quot;}\" data-sheets-userformat=\"{&quot;2&quot;:5025,&quot;3&quot;:{&quot;1&quot;:0},&quot;8&quot;:{&quot;1&quot;:[{&quot;1&quot;:2,&quot;2&quot;:0,&quot;5&quot;:{&quot;1&quot;:2,&quot;2&quot;:0}},{&quot;1&quot;:0,&quot;2&quot;:0,&quot;3&quot;:3},{&quot;1&quot;:1,&quot;2&quot;:0,&quot;4&quot;:1}]},&quot;10&quot;:0,&quot;11&quot;:4,&quot;12&quot;:0,&quot;15&quot;:&quot;Roboto&quot;}\">Sj\u00f6lins gymnasiums systematiska kvalitetsarbete \u00e4r viktigt f\u00f6r att v\u00e5ra elever ska utvecklas och n\u00e5 m\u00e5len. D\u00e4rf\u00f6r m\u00e4ter vi \u00e5rligen elevernas formella studieresultat, elever och f\u00f6r\u00e4ldrars upplevelse av skolan, de anst\u00e4lldas bild av arbetsplatsen samt vart v\u00e5ra elever tar v\u00e4gen efter sina gymnasiestudier.<\/span><\/p>\n\n\t\t\t\t\t<\/div>\n\t\t\t\t\t\t\t<\/div>\n\n\t\t\t\t\t<\/div>\n\n\t\t <div class=\"ams-fifty__media u-ratio-square\">\n\t\t \t\t\t\t\t<img decoding=\"async\" width=\"600\" height=\"400\" src=\"https:\/\/sjolinsgymnasium.se\/wp-content\/uploads\/2023\/03\/sjogbgvara-kvalitetsresultat202405-202905-600x400.jpeg\" class=\"attachment-md size-md\" alt=\"Elev i vit labbrock med ett mikroskop\" sizes=\"(min-width: 64em) 600px, calc(100vw - 160px)\" srcset=\"https:\/\/sjolinsgymnasium.se\/wp-content\/uploads\/2023\/03\/sjogbgvara-kvalitetsresultat202405-202905-600x400.jpeg 600w, https:\/\/sjolinsgymnasium.se\/wp-content\/uploads\/2023\/03\/sjogbgvara-kvalitetsresultat202405-202905-300x200.jpeg 300w, https:\/\/sjolinsgymnasium.se\/wp-content\/uploads\/2023\/03\/sjogbgvara-kvalitetsresultat202405-202905-400x267.jpeg 400w, https:\/\/sjolinsgymnasium.se\/wp-content\/uploads\/2023\/03\/sjogbgvara-kvalitetsresultat202405-202905-800x533.jpeg 800w, https:\/\/sjolinsgymnasium.se\/wp-content\/uploads\/2023\/03\/sjogbgvara-kvalitetsresultat202405-202905-1024x682.jpeg 1024w, https:\/\/sjolinsgymnasium.se\/wp-content\/uploads\/2023\/03\/sjogbgvara-kvalitetsresultat202405-202905-1200x800.jpeg 1200w, https:\/\/sjolinsgymnasium.se\/wp-content\/uploads\/2023\/03\/sjogbgvara-kvalitetsresultat202405-202905.jpeg 1280w\" \/>\n\t\t\t\n\t\t\t\n\t\t\t\t\t<\/div>\n\t<\/div>\n\n\t\t\n\n<\/section>\n\n\n<section  class=\"ams-lists c-block l-stacked\" data-color-scheme=\"beige\">\n\t<div class=\"l-container l-stack l-stack-fluid-2xl u-pt-fluid-3xl-6xl u-pb-fluid-3xl-6xl is-center is-center@md\">\n\t\t\t\t\t<div class=\"ams-lists__intro l-stack l-stack-lg\">\n\t\t\t\t\t\n\t<h2\n\tclass=\"c-heading u-font-title-1 \"\n\tstyle=\"\">\n\t\t\n\t\t\t\t\tKvalitetsrapporter\n\t\t\t\t\n\t<\/h2>\n\n\t\t\t\t\t\t\t\t\t<div class=\"c-text l-stack u-cs-xl u-font-body\">\n\t\t\t\t\t\t<p><span data-sheets-value=\"{&quot;1&quot;:2,&quot;2&quot;:&quot;Vi m\u00e4ter \u00e5rligen elevernas formella studieresultat, elever och f\u00f6r\u00e4ldrars upplevelse av skolan, de anst\u00e4lldas bild av arbetsplatsen samt vart v\u00e5ra elever tar v\u00e4gen efter sina gymnasiestudier. V\u00e5r utg\u00e5ngspunkt f\u00f6r att publicera v\u00e5ra kvalitetsrapporter \u00e4r att transparens \u00e4r en viktig del i kvalitetsarbetet och vi \u00e4r d\u00e4rf\u00f6r \u00f6ppna i redovisningen av v\u00e5ra resultat. \u00d6ppenhet \u00e4r dessutom en viktig f\u00f6ruts\u00e4ttning f\u00f6r att vi internt ska kunna sprida goda erfarenheter mellan v\u00e5ra olika skolor och verksamheter. \u00d6ppenhet ger ocks\u00e5 elever och v\u00e5rdnadshavare m\u00f6jlighet att se vad de f\u00e5r om de v\u00e4ljer n\u00e5gon av v\u00e5ra skolor. \\n&quot;}\" data-sheets-userformat=\"{&quot;2&quot;:5025,&quot;3&quot;:{&quot;1&quot;:0},&quot;8&quot;:{&quot;1&quot;:[{&quot;1&quot;:2,&quot;2&quot;:0,&quot;5&quot;:{&quot;1&quot;:2,&quot;2&quot;:0}},{&quot;1&quot;:0,&quot;2&quot;:0,&quot;3&quot;:3},{&quot;1&quot;:1,&quot;2&quot;:0,&quot;4&quot;:1}]},&quot;10&quot;:0,&quot;11&quot;:4,&quot;12&quot;:0,&quot;15&quot;:&quot;Roboto&quot;}\">F\u00f6r att underl\u00e4tta elever och v\u00e5rdnadshavares skolval, kr\u00e4vs transparens och tydlig information f\u00f6r varje skola. Nedan finns de senaste tillg\u00e4ngliga resultaten f\u00f6r Sj\u00f6lins skolor, inklusive examensandel och genomsnittlig betygspo\u00e4ng f\u00f6r avg\u00e5ngselever.<\/span><\/p>\n<p>*Ej uppdaterade f\u00f6r l\u00e4s\u00e5ret 2023\/2024<\/p>\n\n\t\t\t\t\t<\/div>\n\t\t\t\t\t\t\t<\/div>\n\t\t\n\t\t\t\t\t<div class=\"ams-lists__content\">\n\t\t\t<div class=\"c-list\" style=\"--list-columns: 3;\">\n\n\t\t\t\t\t\t\t\t\t\t\t\t\t\n\t\t\t\t\t\n\t\t\t\t\t\t\t\t\t\t\t<div class=\"c-list__item column-1 u-font-body\">\n\t\t\t\t\t\t\t\t\t\t\t\t\t\t\t<a href=\"https:\/\/sjolinsgymnasium.se\/wp-content\/uploads\/2023\/12\/kvalitetsrapport-sjolins-ab-2223-231201.pdf\"\n\t\t\t\t\t\t\t\t   target=\"_blank\"\n\t\t\t\t\t\t\t\t   class=\"c-list__link\">\n\n\t\t\t\t\t\t\t\t\t<span>\n\t\t\t\t\t\t\t\t\t\t\t\t\t\t\t\t\t\t\t\t\tHuvudmannarapport*\n\t\t\t\t\t\t\t\t\t\t\t\t\t\t\t\t\t\t\t<\/span>\n\t\t\t\t\t\t\t\t<\/a>\n\t\t\t\t\t\t\t\t\t\t\t\t\t<\/div>\n\t\t\t\t\t\t\t\t\t\t\t<div class=\"c-list__item column-1 u-font-body\">\n\t\t\t\t\t\t\t\t\t\t\t\t\t\t\t<a href=\"https:\/\/sjolinsgymnasium.se\/wp-content\/uploads\/2024\/10\/kr2024sjolins-goteborg.pdf\"\n\t\t\t\t\t\t\t\t   target=\"_blank\"\n\t\t\t\t\t\t\t\t   class=\"c-list__link\">\n\n\t\t\t\t\t\t\t\t\t<span>\n\t\t\t\t\t\t\t\t\t\t\t\t\t\t\t\t\t\t\t\t\tSj\u00f6lins Gymnasium G\u00f6teborg \n\t\t\t\t\t\t\t\t\t\t\t\t\t\t\t\t\t\t\t<\/span>\n\t\t\t\t\t\t\t\t<\/a>\n\t\t\t\t\t\t\t\t\t\t\t\t\t<\/div>\n\t\t\t\t\t\t\t\t\t\t\t<div class=\"c-list__item column-1 u-font-body\">\n\t\t\t\t\t\t\t\t\t\t\t\t\t\t\t<a href=\"https:\/\/sjolinsgymnasium.se\/wp-content\/uploads\/2024\/10\/kr2024sjolins-vasastan.pdf\"\n\t\t\t\t\t\t\t\t   target=\"_blank\"\n\t\t\t\t\t\t\t\t   class=\"c-list__link\">\n\n\t\t\t\t\t\t\t\t\t<span>\n\t\t\t\t\t\t\t\t\t\t\t\t\t\t\t\t\t\t\t\t\tSj\u00f6lins Gymnasium Vasastan \n\t\t\t\t\t\t\t\t\t\t\t\t\t\t\t\t\t\t\t<\/span>\n\t\t\t\t\t\t\t\t<\/a>\n\t\t\t\t\t\t\t\t\t\t\t\t\t<\/div>\n\t\t\t\t\t\t\t\t\t\t\t<div class=\"c-list__item column-1 u-font-body\">\n\t\t\t\t\t\t\t\t\t\t\t\t\t\t\t<a href=\"https:\/\/sjolinsgymnasium.se\/wp-content\/uploads\/2024\/10\/kr2024sjolins-nacka.pdf\"\n\t\t\t\t\t\t\t\t   target=\"_blank\"\n\t\t\t\t\t\t\t\t   class=\"c-list__link\">\n\n\t\t\t\t\t\t\t\t\t<span>\n\t\t\t\t\t\t\t\t\t\t\t\t\t\t\t\t\t\t\t\t\tSj\u00f6lins Gymnasium Nacka \n\t\t\t\t\t\t\t\t\t\t\t\t\t\t\t\t\t\t\t<\/span>\n\t\t\t\t\t\t\t\t<\/a>\n\t\t\t\t\t\t\t\t\t\t\t\t\t<\/div>\n\t\t\t\t\t\t\t\t\t\t\t<div class=\"c-list__item column-1 u-font-body\">\n\t\t\t\t\t\t\t\t\t\t\t\t\t\t\t<a href=\"https:\/\/sjolinsgymnasium.se\/wp-content\/uploads\/2024\/10\/kr2024sjolins-sodermalm.pdf\"\n\t\t\t\t\t\t\t\t   target=\"_blank\"\n\t\t\t\t\t\t\t\t   class=\"c-list__link\">\n\n\t\t\t\t\t\t\t\t\t<span>\n\t\t\t\t\t\t\t\t\t\t\t\t\t\t\t\t\t\t\t\t\tSj\u00f6lins Gymnasium S\u00f6dermalm \n\t\t\t\t\t\t\t\t\t\t\t\t\t\t\t\t\t\t\t<\/span>\n\t\t\t\t\t\t\t\t<\/a>\n\t\t\t\t\t\t\t\t\t\t\t\t\t<\/div>\n\t\t\t\t\t\t\t\t\t\t\t<div class=\"c-list__item column-1 u-font-body\">\n\t\t\t\t\t\t\t\t\t\t\t\t\t\t\t<a href=\"https:\/\/sjolinsgymnasium.se\/wp-content\/uploads\/2024\/10\/kr2024sjolins-malmo.pdf\"\n\t\t\t\t\t\t\t\t   target=\"_self\"\n\t\t\t\t\t\t\t\t   class=\"c-list__link\">\n\n\t\t\t\t\t\t\t\t\t<span>\n\t\t\t\t\t\t\t\t\t\t\t\t\t\t\t\t\t\t\t\t\tSj\u00f6lins Gymnasium Malm\u00f6 \n\t\t\t\t\t\t\t\t\t\t\t\t\t\t\t\t\t\t\t<\/span>\n\t\t\t\t\t\t\t\t<\/a>\n\t\t\t\t\t\t\t\t\t\t\t\t\t<\/div>\n\t\t\t\t\t\n\t\t\t\t\n\t\t\t<\/div>\n\t\t<\/div>\n\t\n\n\t\n\t\t\t<\/div>\n\n\t\t\n\n<\/section>\n\t<\/div>\n\n\t\n\n\n\n<section  class=\"ams-cta ams-cta--stacked c-block l-stacked\" data-color-scheme=\"beige\">\n\t<div class=\"l-container-narrow l-stack l-stack-fluid-2xl u-pt-fluid-3xl-6xl u-pb-fluid-3xl-6xl is-center is-center@md\">\n\t\t\t\t\t<div class=\"ams-cta__intro l-stack l-stack-lg\">\n\t\t\t\t\t\n\t<h2\n\tclass=\"c-heading u-font-title-1 \"\n\tstyle=\"\">\n\t\t\n\t\t\t\t\tHar du fr\u00e5gor?\n\t\t\t\t\n\t<\/h2>\n\n\t\t\t\t\t\t\t\t\t<div class=\"c-text l-stack u-cs-xl u-font-body\">\n\t\t\t\t\t\t<p><span data-sheets-value=\"{&quot;1&quot;:2,&quot;2&quot;:&quot;Har du fler fr\u00e5gor om v\u00e5r verksamhet eller beh\u00f6ver komma i kontakt med oss?\\n&quot;}\" data-sheets-userformat=\"{&quot;2&quot;:5025,&quot;3&quot;:{&quot;1&quot;:0},&quot;8&quot;:{&quot;1&quot;:[{&quot;1&quot;:2,&quot;2&quot;:0,&quot;5&quot;:{&quot;1&quot;:2,&quot;2&quot;:0}},{&quot;1&quot;:0,&quot;2&quot;:0,&quot;3&quot;:3},{&quot;1&quot;:1,&quot;2&quot;:0,&quot;4&quot;:1}]},&quot;10&quot;:0,&quot;11&quot;:4,&quot;12&quot;:0,&quot;15&quot;:&quot;Roboto&quot;}\">Har du fler fr\u00e5gor om v\u00e5r verksamhet eller beh\u00f6ver komma i kontakt med oss?<br \/>\n<\/span><\/p>\n\n\t\t\t\t\t<\/div>\n\t\t\t\t\t\t\t<\/div>\n\t\t\n\t\t\n\t\t\t<div class=\"ams-cta__action u-inline-items\">\n\t\t\t\t\t\t\t\n\n\n<a href=\"https:\/\/sjolinsgymnasium.se\/malmo\/kontakt\/\"\n\t\n\tclass=\"c-btn \"\n\tdata-style=\"round\"\n\tdata-size=\"md\"\n\tdata-width=\"full-mobile\"\n\tdata-variant=\"default\"\n\ttarget=\"_self\">\n\t\t\t<span class=\"label\"> Kontakta oss<\/span>\n\t\t\t<\/a>\n\t\t\t\t\t\t\t\n\n\n<a href=\"https:\/\/sjolinsgymnasium.se\/malmo\/vart-kvalitetsarbete\/\"\n\t\n\tclass=\"c-btn \"\n\tdata-style=\"round\"\n\tdata-size=\"md\"\n\tdata-width=\"full-mobile\"\n\tdata-variant=\"outline\"\n\ttarget=\"_self\">\n\t\t\t<span class=\"label\"> V\u00e5rt kvalitetsarbete<\/span>\n\t\t\t<\/a>\n\t\t\t<\/div>\n\t<\/div>\n\n\t\t\n\n<\/section>\n","protected":false},"excerpt":{"rendered":"","protected":false},"author":1,"featured_media":0,"parent":491,"menu_order":0,"comment_status":"closed","ping_status":"closed","template":"","meta":{"footnotes":""},"yoast_head":"<!-- This site is optimized with the Yoast SEO plugin v22.0 - https:\/\/yoast.com\/wordpress\/plugins\/seo\/ -->\n<title>V\u00e5ra kvalitetsresultat - Sj\u00f6lins Gymnasium Malm\u00f6<\/title>\n<meta name=\"description\" content=\"Sj\u00f6lins gymnasiums systematiska kvalitetsarbete \u00e4r viktigt f\u00f6r att v\u00e5ra elever ska utvecklas och n\u00e5 m\u00e5len.\" \/>\n<meta name=\"robots\" content=\"index, follow, max-snippet:-1, max-image-preview:large, max-video-preview:-1\" \/>\n<link rel=\"canonical\" href=\"https:\/\/sjolinsgymnasium.se\/malmo\/vart-kvalitetsarbete\/vara-kvalitetsresultat\/\" \/>\n<meta property=\"og:locale\" content=\"sv_SE\" \/>\n<meta property=\"og:type\" content=\"article\" \/>\n<meta property=\"og:title\" content=\"V\u00e5ra kvalitetsresultat - Sj\u00f6lins Gymnasium Malm\u00f6\" \/>\n<meta property=\"og:description\" content=\"Sj\u00f6lins gymnasiums systematiska kvalitetsarbete \u00e4r viktigt f\u00f6r att v\u00e5ra elever ska utvecklas och n\u00e5 m\u00e5len.\" \/>\n<meta property=\"og:url\" content=\"https:\/\/sjolinsgymnasium.se\/malmo\/vart-kvalitetsarbete\/vara-kvalitetsresultat\/\" \/>\n<meta property=\"og:site_name\" content=\"Malm\u00f6\" \/>\n<meta property=\"article:modified_time\" content=\"2023-08-30T13:03:55+00:00\" \/>\n<meta name=\"twitter:card\" content=\"summary_large_image\" \/>\n<meta name=\"twitter:title\" content=\"V\u00e5ra kvalitetsresultat - Sj\u00f6lins Gymnasium Malm\u00f6\" \/>\n<meta name=\"twitter:description\" content=\"Sj\u00f6lins gymnasiums systematiska kvalitetsarbete \u00e4r viktigt f\u00f6r att v\u00e5ra elever ska utvecklas och n\u00e5 m\u00e5len.\" \/>\n<script type=\"application\/ld+json\" class=\"yoast-schema-graph\">{\"@context\":\"https:\/\/schema.org\",\"@graph\":[{\"@type\":\"WebPage\",\"@id\":\"https:\/\/sjolinsgymnasium.se\/malmo\/vart-kvalitetsarbete\/vara-kvalitetsresultat\/\",\"url\":\"https:\/\/sjolinsgymnasium.se\/malmo\/vart-kvalitetsarbete\/vara-kvalitetsresultat\/\",\"name\":\"V\u00e5ra kvalitetsresultat - Sj\u00f6lins Gymnasium Malm\u00f6\",\"isPartOf\":{\"@id\":\"https:\/\/sjolinsgymnasium.se\/malmo\/#website\"},\"datePublished\":\"2023-03-09T11:55:21+00:00\",\"dateModified\":\"2023-08-30T13:03:55+00:00\",\"description\":\"Sj\u00f6lins gymnasiums systematiska kvalitetsarbete \u00e4r viktigt f\u00f6r att v\u00e5ra elever ska utvecklas och n\u00e5 m\u00e5len.\",\"breadcrumb\":{\"@id\":\"https:\/\/sjolinsgymnasium.se\/malmo\/vart-kvalitetsarbete\/vara-kvalitetsresultat\/#breadcrumb\"},\"inLanguage\":\"sv-SE\",\"potentialAction\":[{\"@type\":\"ReadAction\",\"target\":[\"https:\/\/sjolinsgymnasium.se\/malmo\/vart-kvalitetsarbete\/vara-kvalitetsresultat\/\"]}]},{\"@type\":\"BreadcrumbList\",\"@id\":\"https:\/\/sjolinsgymnasium.se\/malmo\/vart-kvalitetsarbete\/vara-kvalitetsresultat\/#breadcrumb\",\"itemListElement\":[{\"@type\":\"ListItem\",\"position\":1,\"name\":\"Start\",\"item\":\"https:\/\/sjolinsgymnasium.se\/malmo\/\"},{\"@type\":\"ListItem\",\"position\":2,\"name\":\"V\u00e5rt kvalitetsarbete\",\"item\":\"https:\/\/sjolinsgymnasium.se\/malmo\/vart-kvalitetsarbete\/\"},{\"@type\":\"ListItem\",\"position\":3,\"name\":\"V\u00e5ra kvalitetsresultat\"}]},{\"@type\":\"WebSite\",\"@id\":\"https:\/\/sjolinsgymnasium.se\/malmo\/#website\",\"url\":\"https:\/\/sjolinsgymnasium.se\/malmo\/\",\"name\":\"Malm\u00f6\",\"description\":\"Just another WordPress site\",\"potentialAction\":[{\"@type\":\"SearchAction\",\"target\":{\"@type\":\"EntryPoint\",\"urlTemplate\":\"https:\/\/sjolinsgymnasium.se\/malmo\/?s={search_term_string}\"},\"query-input\":\"required name=search_term_string\"}],\"inLanguage\":\"sv-SE\"}]}<\/script>\n<!-- \/ Yoast SEO plugin. -->","yoast_head_json":{"title":"V\u00e5ra kvalitetsresultat - Sj\u00f6lins Gymnasium Malm\u00f6","description":"Sj\u00f6lins gymnasiums systematiska kvalitetsarbete \u00e4r viktigt f\u00f6r att v\u00e5ra elever ska utvecklas och n\u00e5 m\u00e5len.","robots":{"index":"index","follow":"follow","max-snippet":"max-snippet:-1","max-image-preview":"max-image-preview:large","max-video-preview":"max-video-preview:-1"},"canonical":"https:\/\/sjolinsgymnasium.se\/malmo\/vart-kvalitetsarbete\/vara-kvalitetsresultat\/","og_locale":"sv_SE","og_type":"article","og_title":"V\u00e5ra kvalitetsresultat - Sj\u00f6lins Gymnasium Malm\u00f6","og_description":"Sj\u00f6lins gymnasiums systematiska kvalitetsarbete \u00e4r viktigt f\u00f6r att v\u00e5ra elever ska utvecklas och n\u00e5 m\u00e5len.","og_url":"https:\/\/sjolinsgymnasium.se\/malmo\/vart-kvalitetsarbete\/vara-kvalitetsresultat\/","og_site_name":"Malm\u00f6","article_modified_time":"2023-08-30T13:03:55+00:00","twitter_card":"summary_large_image","twitter_title":"V\u00e5ra kvalitetsresultat - Sj\u00f6lins Gymnasium Malm\u00f6","twitter_description":"Sj\u00f6lins gymnasiums systematiska kvalitetsarbete \u00e4r viktigt f\u00f6r att v\u00e5ra elever ska utvecklas och n\u00e5 m\u00e5len.","schema":{"@context":"https:\/\/schema.org","@graph":[{"@type":"WebPage","@id":"https:\/\/sjolinsgymnasium.se\/malmo\/vart-kvalitetsarbete\/vara-kvalitetsresultat\/","url":"https:\/\/sjolinsgymnasium.se\/malmo\/vart-kvalitetsarbete\/vara-kvalitetsresultat\/","name":"V\u00e5ra kvalitetsresultat - Sj\u00f6lins Gymnasium Malm\u00f6","isPartOf":{"@id":"https:\/\/sjolinsgymnasium.se\/malmo\/#website"},"datePublished":"2023-03-09T11:55:21+00:00","dateModified":"2023-08-30T13:03:55+00:00","description":"Sj\u00f6lins gymnasiums systematiska kvalitetsarbete \u00e4r viktigt f\u00f6r att v\u00e5ra elever ska utvecklas och n\u00e5 m\u00e5len.","breadcrumb":{"@id":"https:\/\/sjolinsgymnasium.se\/malmo\/vart-kvalitetsarbete\/vara-kvalitetsresultat\/#breadcrumb"},"inLanguage":"sv-SE","potentialAction":[{"@type":"ReadAction","target":["https:\/\/sjolinsgymnasium.se\/malmo\/vart-kvalitetsarbete\/vara-kvalitetsresultat\/"]}]},{"@type":"BreadcrumbList","@id":"https:\/\/sjolinsgymnasium.se\/malmo\/vart-kvalitetsarbete\/vara-kvalitetsresultat\/#breadcrumb","itemListElement":[{"@type":"ListItem","position":1,"name":"Start","item":"https:\/\/sjolinsgymnasium.se\/malmo\/"},{"@type":"ListItem","position":2,"name":"V\u00e5rt kvalitetsarbete","item":"https:\/\/sjolinsgymnasium.se\/malmo\/vart-kvalitetsarbete\/"},{"@type":"ListItem","position":3,"name":"V\u00e5ra kvalitetsresultat"}]},{"@type":"WebSite","@id":"https:\/\/sjolinsgymnasium.se\/malmo\/#website","url":"https:\/\/sjolinsgymnasium.se\/malmo\/","name":"Malm\u00f6","description":"Just another WordPress site","potentialAction":[{"@type":"SearchAction","target":{"@type":"EntryPoint","urlTemplate":"https:\/\/sjolinsgymnasium.se\/malmo\/?s={search_term_string}"},"query-input":"required name=search_term_string"}],"inLanguage":"sv-SE"}]}},"_links":{"self":[{"href":"https:\/\/sjolinsgymnasium.se\/malmo\/wp-json\/wp\/v2\/pages\/496"}],"collection":[{"href":"https:\/\/sjolinsgymnasium.se\/malmo\/wp-json\/wp\/v2\/pages"}],"about":[{"href":"https:\/\/sjolinsgymnasium.se\/malmo\/wp-json\/wp\/v2\/types\/page"}],"author":[{"embeddable":true,"href":"https:\/\/sjolinsgymnasium.se\/malmo\/wp-json\/wp\/v2\/users\/1"}],"replies":[{"embeddable":true,"href":"https:\/\/sjolinsgymnasium.se\/malmo\/wp-json\/wp\/v2\/comments?post=496"}],"version-history":[{"count":10,"href":"https:\/\/sjolinsgymnasium.se\/malmo\/wp-json\/wp\/v2\/pages\/496\/revisions"}],"predecessor-version":[{"id":2117,"href":"https:\/\/sjolinsgymnasium.se\/malmo\/wp-json\/wp\/v2\/pages\/496\/revisions\/2117"}],"up":[{"embeddable":true,"href":"https:\/\/sjolinsgymnasium.se\/malmo\/wp-json\/wp\/v2\/pages\/491"}],"wp:attachment":[{"href":"https:\/\/sjolinsgymnasium.se\/malmo\/wp-json\/wp\/v2\/media?parent=496"}],"curies":[{"name":"wp","href":"https:\/\/api.w.org\/{rel}","templated":true}]}}