{"id":425,"date":"2023-03-03T15:40:28","date_gmt":"2023-03-03T14:40:28","guid":{"rendered":"https:\/\/sjolinsgymnasium.se\/malmo\/?page_id=425"},"modified":"2026-04-14T15:03:26","modified_gmt":"2026-04-14T13:03:26","slug":"lasarstider","status":"publish","type":"page","link":"https:\/\/sjolinsgymnasium.se\/malmo\/om-oss\/lasarstider\/","title":{"rendered":"L\u00e4s\u00e5rstider"},"content":{"rendered":"\n\t\n\t\n\t\n\n\t\n\t\n\t\t\n<section  class=\"c-block l-stacked  \" data-color-scheme=\"vit\">\n\t<div class=\"ams-fifty ams-fifty--container ams-fifty--left ams-fifty--top l-container u-pt-fluid-3xl-6xl u-pb-fluid-3xl-6xl\">\n\t\t<div class=\"ams-fifty__content l-stack l-stack-xl is-left is-left@lg\">\n\t\t\t<div class=\"ams-fifty__text l-stack l-stack-lg\">\n\t\t\t\t\t\n\t<h1\n\tclass=\"c-heading u-font-title-1 \"\n\tstyle=\"\">\n\t\t\n\t\t\t\t\tL\u00e4s\u00e5rstider Sj\u00f6lins Malm\u00f6\n\t\t\t\t\n\t<\/h1>\n\n\t\t\t\t\t\t\t\t\t<div class=\"text l-stack u-font-body\">\n\t\t\t\t\t\t<p><strong>V\u00e5rtermin 2026<\/strong><br \/>\nStudent: 10\/6<br \/>\nSkolavslutning \u00e5k 1 &amp; 2: 11\/6<\/p>\n<p><strong>H\u00f6sttermin 2026<\/strong><br \/>\nTerminsstart: 17\/8<br \/>\nH\u00f6stlov: v.44 (26-30 oktober)<br \/>\nJullov: 21 dec \u2013 7 jan<\/p>\n<p><strong>V\u00e5rtermin 2027<\/strong><br \/>\nTerminsstart: 8\/1<br \/>\nSportlov: v.8 (22-26 februari)<br \/>\nP\u00e5sklov: 22 &#8211; 25 mars<br \/>\nSkolavslutning \u00e5r 1 och 2: 9\/6<br \/>\nStudent: 10\/6<\/p>\n\n\t\t\t\t\t<\/div>\n\t\t\t\t\t\t\t<\/div>\n\n\t\t\t\t\t<\/div>\n\n\t\t <div class=\"ams-fifty__media u-ratio-square\">\n\t\t \t\t\t\t\t<img decoding=\"async\" width=\"600\" height=\"400\" src=\"https:\/\/sjolinsgymnasium.se\/wp-content\/uploads\/sites\/4\/2023\/12\/sjolinselevhalsamalmo202311202811-600x400.jpeg\" class=\"attachment-md size-md\" alt=\"Tv\u00e5 elever i ett klassrum arbetar med en gruppuppgift\" sizes=\"(min-width: 64em) 600px, calc(100vw - 160px)\" srcset=\"https:\/\/sjolinsgymnasium.se\/wp-content\/uploads\/sites\/4\/2023\/12\/sjolinselevhalsamalmo202311202811-600x400.jpeg 600w, https:\/\/sjolinsgymnasium.se\/wp-content\/uploads\/sites\/4\/2023\/12\/sjolinselevhalsamalmo202311202811-300x200.jpeg 300w, https:\/\/sjolinsgymnasium.se\/wp-content\/uploads\/sites\/4\/2023\/12\/sjolinselevhalsamalmo202311202811-400x267.jpeg 400w, https:\/\/sjolinsgymnasium.se\/wp-content\/uploads\/sites\/4\/2023\/12\/sjolinselevhalsamalmo202311202811-800x533.jpeg 800w, https:\/\/sjolinsgymnasium.se\/wp-content\/uploads\/sites\/4\/2023\/12\/sjolinselevhalsamalmo202311202811-1024x682.jpeg 1024w, https:\/\/sjolinsgymnasium.se\/wp-content\/uploads\/sites\/4\/2023\/12\/sjolinselevhalsamalmo202311202811-1200x800.jpeg 1200w, https:\/\/sjolinsgymnasium.se\/wp-content\/uploads\/sites\/4\/2023\/12\/sjolinselevhalsamalmo202311202811.jpeg 1280w\" \/>\n\t\t\t\n\t\t\t\n\t\t\t\t\t<\/div>\n\t<\/div>\n\n\t\t\n\t\t\t\n\t\t\t\t\t\t\t\n\t\t\t\t<div class=\"c-bg c-bg--img\" data-settings=\"{&quot;desktop_settings&quot;:{&quot;size&quot;:&quot;contain&quot;,&quot;position&quot;:&quot;bottom-right&quot;},&quot;mobile_settings&quot;:{&quot;size&quot;:&quot;contain&quot;,&quot;position&quot;:&quot;bottom-right&quot;}}\" data-position=\"middle-center\" data-size=\"cover\">\n\t\t\t<picture><source media=\"(min-width: 48em)\" srcset=\"https:\/\/sjolinsgymnasium.se\/wp-content\/uploads\/sites\/4\/2023\/06\/sjofjaderhoger5desktoprgbgron.svg\" sizes=\"\" \/><source srcset=\"https:\/\/sjolinsgymnasium.se\/wp-content\/uploads\/sites\/4\/2023\/06\/sjofjaderhoger5mobilergbgron.svg\" sizes=\"\" \/><img decoding=\"async\" src=\"https:\/\/sjolinsgymnasium.se\/wp-content\/uploads\/sites\/4\/2023\/06\/sjofjaderhoger5desktoprgbgron.svg\" class=\"attachment-hero-lg size-hero-lg\" alt=\"\" sizes=\"\" height=\"467.3\" width=\"199.3\" \/><\/picture>\n\t\t<\/div>\n\t\n<\/section>\n\n\n\n\t<div class=\"module_wrapper ams_remote_pages_module \">\n\t\t\n\n<section  class=\"ams-cta ams-cta--stacked c-block l-stacked\" data-color-scheme=\"beige\">\n\t<div class=\"l-container-narrow l-stack l-stack-fluid-2xl u-pt-fluid-3xl-6xl u-pb-fluid-3xl-6xl is-center is-center@md\">\n\t\t\t\t\t<div class=\"ams-cta__intro l-stack l-stack-lg\">\n\t\t\t\t\t\n\t<h2\n\tclass=\"c-heading u-font-title-1 \"\n\tstyle=\"\">\n\t\t\n\t\t\t\t\tHar du fr\u00e5gor?\n\t\t\t\t\n\t<\/h2>\n\n\t\t\t\t\t\t\t\t\t<div class=\"c-text l-stack u-cs-xl u-font-body\">\n\t\t\t\t\t\t<p><span data-sheets-value=\"{&quot;1&quot;:2,&quot;2&quot;:&quot;Beh\u00f6ver du komma i kontakt med n\u00e5gon p\u00e5 skolan? H\u00e4r hittar du kontaktuppgifter till skolans personal.\\n&quot;}\" data-sheets-userformat=\"{&quot;2&quot;:5025,&quot;3&quot;:{&quot;1&quot;:0},&quot;8&quot;:{&quot;1&quot;:[{&quot;1&quot;:2,&quot;2&quot;:0,&quot;5&quot;:{&quot;1&quot;:2,&quot;2&quot;:0}},{&quot;1&quot;:0,&quot;2&quot;:0,&quot;3&quot;:3},{&quot;1&quot;:1,&quot;2&quot;:0,&quot;4&quot;:1}]},&quot;10&quot;:0,&quot;11&quot;:4,&quot;12&quot;:0,&quot;15&quot;:&quot;Roboto&quot;}\">Beh\u00f6ver du komma i kontakt med n\u00e5gon p\u00e5 skolan? H\u00e4r hittar du kontaktuppgifter till skolans personal.<br \/>\n<\/span><\/p>\n\n\t\t\t\t\t<\/div>\n\t\t\t\t\t\t\t<\/div>\n\t\t\n\t\t\n\t\t\t<div class=\"ams-cta__action u-inline-items\">\n\t\t\t\t\t\t\t\n\n\n<a href=\"https:\/\/sjolinsgymnasium.se\/malmo\/kontakt\/\"\n\t\n\tclass=\"c-btn \"\n\tdata-style=\"round\"\n\tdata-size=\"md\"\n\tdata-width=\"full-mobile\"\n\tdata-variant=\"default\"\n\ttarget=\"_self\">\n\t\t\t<span class=\"label\"> Kontakta oss<\/span>\n\t\t\t<\/a>\n\t\t\t<\/div>\n\t<\/div>\n\n\t\t\n\n<\/section>\n\t<\/div>\n\n\t","protected":false},"excerpt":{"rendered":"","protected":false},"author":1,"featured_media":0,"parent":412,"menu_order":0,"comment_status":"closed","ping_status":"closed","template":"","meta":{"footnotes":""},"yoast_head":"<!-- This site is optimized with the Yoast SEO plugin v22.0 - https:\/\/yoast.com\/wordpress\/plugins\/seo\/ -->\n<title>L\u00e4s\u00e5rstider - Sj\u00f6lins Gymnasium Malm\u00f6<\/title>\n<meta name=\"description\" content=\"L\u00e4s\u00e5rstider. V\u00e4lkommen till Sj\u00f6lins Gymnasium!\" \/>\n<meta name=\"robots\" content=\"index, follow, max-snippet:-1, max-image-preview:large, max-video-preview:-1\" \/>\n<link rel=\"canonical\" href=\"https:\/\/sjolinsgymnasium.se\/malmo\/om-oss\/lasarstider\/\" \/>\n<meta property=\"og:locale\" content=\"sv_SE\" \/>\n<meta property=\"og:type\" content=\"article\" \/>\n<meta property=\"og:title\" content=\"L\u00e4s\u00e5rstider - Sj\u00f6lins Gymnasium Malm\u00f6\" \/>\n<meta property=\"og:description\" content=\"L\u00e4s\u00e5rstider. V\u00e4lkommen till Sj\u00f6lins Gymnasium!\" \/>\n<meta property=\"og:url\" content=\"https:\/\/sjolinsgymnasium.se\/malmo\/om-oss\/lasarstider\/\" \/>\n<meta property=\"og:site_name\" content=\"Malm\u00f6\" \/>\n<meta property=\"article:modified_time\" content=\"2026-04-14T13:03:26+00:00\" \/>\n<meta name=\"twitter:card\" content=\"summary_large_image\" \/>\n<meta name=\"twitter:title\" content=\"L\u00e4s\u00e5rstider - Sj\u00f6lins Gymnasium Malm\u00f6\" \/>\n<meta name=\"twitter:description\" content=\"L\u00e4s\u00e5rstider. V\u00e4lkommen till Sj\u00f6lins Gymnasium!\" \/>\n<meta name=\"twitter:label1\" content=\"Est. reading time\" \/>\n\t<meta name=\"twitter:data1\" content=\"1 minut\" \/>\n<script type=\"application\/ld+json\" class=\"yoast-schema-graph\">{\"@context\":\"https:\/\/schema.org\",\"@graph\":[{\"@type\":\"WebPage\",\"@id\":\"https:\/\/sjolinsgymnasium.se\/malmo\/om-oss\/lasarstider\/\",\"url\":\"https:\/\/sjolinsgymnasium.se\/malmo\/om-oss\/lasarstider\/\",\"name\":\"L\u00e4s\u00e5rstider - Sj\u00f6lins Gymnasium Malm\u00f6\",\"isPartOf\":{\"@id\":\"https:\/\/sjolinsgymnasium.se\/malmo\/#website\"},\"datePublished\":\"2023-03-03T14:40:28+00:00\",\"dateModified\":\"2026-04-14T13:03:26+00:00\",\"description\":\"L\u00e4s\u00e5rstider. V\u00e4lkommen till Sj\u00f6lins Gymnasium!\",\"breadcrumb\":{\"@id\":\"https:\/\/sjolinsgymnasium.se\/malmo\/om-oss\/lasarstider\/#breadcrumb\"},\"inLanguage\":\"sv-SE\",\"potentialAction\":[{\"@type\":\"ReadAction\",\"target\":[\"https:\/\/sjolinsgymnasium.se\/malmo\/om-oss\/lasarstider\/\"]}]},{\"@type\":\"BreadcrumbList\",\"@id\":\"https:\/\/sjolinsgymnasium.se\/malmo\/om-oss\/lasarstider\/#breadcrumb\",\"itemListElement\":[{\"@type\":\"ListItem\",\"position\":1,\"name\":\"Start\",\"item\":\"https:\/\/sjolinsgymnasium.se\/malmo\/\"},{\"@type\":\"ListItem\",\"position\":2,\"name\":\"Om oss\",\"item\":\"https:\/\/sjolinsgymnasium.se\/malmo\/om-oss\/\"},{\"@type\":\"ListItem\",\"position\":3,\"name\":\"L\u00e4s\u00e5rstider\"}]},{\"@type\":\"WebSite\",\"@id\":\"https:\/\/sjolinsgymnasium.se\/malmo\/#website\",\"url\":\"https:\/\/sjolinsgymnasium.se\/malmo\/\",\"name\":\"Malm\u00f6\",\"description\":\"Just another WordPress site\",\"potentialAction\":[{\"@type\":\"SearchAction\",\"target\":{\"@type\":\"EntryPoint\",\"urlTemplate\":\"https:\/\/sjolinsgymnasium.se\/malmo\/?s={search_term_string}\"},\"query-input\":\"required name=search_term_string\"}],\"inLanguage\":\"sv-SE\"}]}<\/script>\n<!-- \/ Yoast SEO plugin. -->","yoast_head_json":{"title":"L\u00e4s\u00e5rstider - Sj\u00f6lins Gymnasium Malm\u00f6","description":"L\u00e4s\u00e5rstider. V\u00e4lkommen till Sj\u00f6lins Gymnasium!","robots":{"index":"index","follow":"follow","max-snippet":"max-snippet:-1","max-image-preview":"max-image-preview:large","max-video-preview":"max-video-preview:-1"},"canonical":"https:\/\/sjolinsgymnasium.se\/malmo\/om-oss\/lasarstider\/","og_locale":"sv_SE","og_type":"article","og_title":"L\u00e4s\u00e5rstider - Sj\u00f6lins Gymnasium Malm\u00f6","og_description":"L\u00e4s\u00e5rstider. V\u00e4lkommen till Sj\u00f6lins Gymnasium!","og_url":"https:\/\/sjolinsgymnasium.se\/malmo\/om-oss\/lasarstider\/","og_site_name":"Malm\u00f6","article_modified_time":"2026-04-14T13:03:26+00:00","twitter_card":"summary_large_image","twitter_title":"L\u00e4s\u00e5rstider - Sj\u00f6lins Gymnasium Malm\u00f6","twitter_description":"L\u00e4s\u00e5rstider. V\u00e4lkommen till Sj\u00f6lins Gymnasium!","twitter_misc":{"Est. reading time":"1 minut"},"schema":{"@context":"https:\/\/schema.org","@graph":[{"@type":"WebPage","@id":"https:\/\/sjolinsgymnasium.se\/malmo\/om-oss\/lasarstider\/","url":"https:\/\/sjolinsgymnasium.se\/malmo\/om-oss\/lasarstider\/","name":"L\u00e4s\u00e5rstider - Sj\u00f6lins Gymnasium Malm\u00f6","isPartOf":{"@id":"https:\/\/sjolinsgymnasium.se\/malmo\/#website"},"datePublished":"2023-03-03T14:40:28+00:00","dateModified":"2026-04-14T13:03:26+00:00","description":"L\u00e4s\u00e5rstider. V\u00e4lkommen till Sj\u00f6lins Gymnasium!","breadcrumb":{"@id":"https:\/\/sjolinsgymnasium.se\/malmo\/om-oss\/lasarstider\/#breadcrumb"},"inLanguage":"sv-SE","potentialAction":[{"@type":"ReadAction","target":["https:\/\/sjolinsgymnasium.se\/malmo\/om-oss\/lasarstider\/"]}]},{"@type":"BreadcrumbList","@id":"https:\/\/sjolinsgymnasium.se\/malmo\/om-oss\/lasarstider\/#breadcrumb","itemListElement":[{"@type":"ListItem","position":1,"name":"Start","item":"https:\/\/sjolinsgymnasium.se\/malmo\/"},{"@type":"ListItem","position":2,"name":"Om oss","item":"https:\/\/sjolinsgymnasium.se\/malmo\/om-oss\/"},{"@type":"ListItem","position":3,"name":"L\u00e4s\u00e5rstider"}]},{"@type":"WebSite","@id":"https:\/\/sjolinsgymnasium.se\/malmo\/#website","url":"https:\/\/sjolinsgymnasium.se\/malmo\/","name":"Malm\u00f6","description":"Just another WordPress site","potentialAction":[{"@type":"SearchAction","target":{"@type":"EntryPoint","urlTemplate":"https:\/\/sjolinsgymnasium.se\/malmo\/?s={search_term_string}"},"query-input":"required name=search_term_string"}],"inLanguage":"sv-SE"}]}},"_links":{"self":[{"href":"https:\/\/sjolinsgymnasium.se\/malmo\/wp-json\/wp\/v2\/pages\/425"}],"collection":[{"href":"https:\/\/sjolinsgymnasium.se\/malmo\/wp-json\/wp\/v2\/pages"}],"about":[{"href":"https:\/\/sjolinsgymnasium.se\/malmo\/wp-json\/wp\/v2\/types\/page"}],"author":[{"embeddable":true,"href":"https:\/\/sjolinsgymnasium.se\/malmo\/wp-json\/wp\/v2\/users\/1"}],"replies":[{"embeddable":true,"href":"https:\/\/sjolinsgymnasium.se\/malmo\/wp-json\/wp\/v2\/comments?post=425"}],"version-history":[{"count":10,"href":"https:\/\/sjolinsgymnasium.se\/malmo\/wp-json\/wp\/v2\/pages\/425\/revisions"}],"predecessor-version":[{"id":3401,"href":"https:\/\/sjolinsgymnasium.se\/malmo\/wp-json\/wp\/v2\/pages\/425\/revisions\/3401"}],"up":[{"embeddable":true,"href":"https:\/\/sjolinsgymnasium.se\/malmo\/wp-json\/wp\/v2\/pages\/412"}],"wp:attachment":[{"href":"https:\/\/sjolinsgymnasium.se\/malmo\/wp-json\/wp\/v2\/media?parent=425"}],"curies":[{"name":"wp","href":"https:\/\/api.w.org\/{rel}","templated":true}]}}